{"id":102,"date":"2011-08-23T17:42:00","date_gmt":"2011-08-23T17:42:00","guid":{"rendered":"https:\/\/kylat.ekarjala.fi\/rautio\/?page_id=102"},"modified":"2026-04-08T10:17:03","modified_gmt":"2026-04-08T07:17:03","slug":"rantahanke","status":"publish","type":"page","link":"https:\/\/kylat.ekarjala.fi\/rautio\/harrastukset\/rantahanke\/","title":{"rendered":"Venepaikat"},"content":{"rendered":"<p><strong>Venepaikat <strong>Rautionkyl\u00e4ss\u00e4<\/strong> Immalanj\u00e4rven rannassa<\/strong><\/p>\n<p>Raution kaupunginosayhdistys yll\u00e4pit\u00e4\u00e4 venepaikkoja Rautionkadun, Raijaksenkadun, Myllyksenkadun , ja Kohonkujan p\u00e4\u00e4ss\u00e4 sek\u00e4 vesilaitoksen rannassa. Imatran kaupungin kanssa tehdyn sopimuksen nojalla venepaikat kunnostettiin ja rakennettiin veneiden s\u00e4ilytt\u00e4mist\u00e4 varten venetelat Leader-hankerahoituksella.<\/p>\n<p>Ranta-alueen omistaa Imatran kaupunki, jonka kanssa Raution kaupunginosayhdistys on tehnyt sopimuksen rannan k\u00e4ytt\u00f6oikeudesta.<\/p>\n<p><strong>Venepaikkamaksut<\/strong><\/p>\n<p>Venepaikan vuosimaksu 50\u20ac euroa (sis\u00e4lt\u00e4\u00e4 yhdistyksen j\u00e4senmaksun 10 \u20ac). Venepaikkamaksut maksetaan Raution kaupunginosayhdistyksen tilille<\/p>\n<p>OP \u2013 Pohjola \u00a0<strong>FI45\u00a0 5094 0020 1363 76<\/strong><\/p>\n<p>K\u00e4yt\u00e4 aina laskussa olevaa viitett\u00e4.<\/p>\n<p><em><strong>Jos olet kiinnostunut venepaikasta, voit tiedustella Jari Wellingilt\u00e4 <\/strong><\/em><strong>puh. 046 844 4933<\/strong><\/p>\n<p><strong>Kuvia rantahankkeen toteutuksesta 2011-2012<\/strong><\/p>\n<div id=\"attachment_469\" style=\"width: 3018px\" class=\"wp-caption aligncenter\"><a href=\"https:\/\/kylat.ekarjala.fi\/rautio\/wp-content\/uploads\/sites\/17\/2011\/08\/DSC_0360.jpg\"><img loading=\"lazy\" decoding=\"async\" aria-describedby=\"caption-attachment-469\" class=\"size-full wp-image-469\" src=\"https:\/\/kylat.ekarjala.fi\/rautio\/wp-content\/uploads\/sites\/17\/2011\/08\/DSC_0360.jpg\" alt=\"\" width=\"3008\" height=\"2000\" \/><\/a><p id=\"caption-attachment-469\" class=\"wp-caption-text\">Rautionkadun ranta 2011<\/p><\/div>\n<div id=\"attachment_474\" style=\"width: 2058px\" class=\"wp-caption aligncenter\"><a href=\"https:\/\/kylat.ekarjala.fi\/rautio\/wp-content\/uploads\/sites\/17\/2011\/08\/955.jpg\"><img loading=\"lazy\" decoding=\"async\" aria-describedby=\"caption-attachment-474\" class=\"size-full wp-image-474\" src=\"https:\/\/kylat.ekarjala.fi\/rautio\/wp-content\/uploads\/sites\/17\/2011\/08\/955.jpg\" alt=\"\" width=\"2048\" height=\"1536\" \/><\/a><p id=\"caption-attachment-474\" class=\"wp-caption-text\">Myllyksenkadun laituria rakennetaan<\/p><\/div>\n<div id=\"attachment_478\" style=\"width: 2266px\" class=\"wp-caption aligncenter\"><a href=\"https:\/\/kylat.ekarjala.fi\/rautio\/wp-content\/uploads\/sites\/17\/2011\/08\/DSC_06201.jpg\"><img loading=\"lazy\" decoding=\"async\" aria-describedby=\"caption-attachment-478\" class=\"size-full wp-image-478\" src=\"https:\/\/kylat.ekarjala.fi\/rautio\/wp-content\/uploads\/sites\/17\/2011\/08\/DSC_06201.jpg\" alt=\"\" width=\"2256\" height=\"1496\" \/><\/a><p id=\"caption-attachment-478\" class=\"wp-caption-text\">Kohonkujan rantaa, taustalla syksyll\u00e4 2012 rakennettu pukusuoja<\/p><\/div>\n<p>&nbsp;<\/p>\n<div id=\"attachment_484\" style=\"width: 2058px\" class=\"wp-caption aligncenter\"><a href=\"https:\/\/kylat.ekarjala.fi\/rautio\/wp-content\/uploads\/sites\/17\/2011\/08\/959.jpg\"><img loading=\"lazy\" decoding=\"async\" aria-describedby=\"caption-attachment-484\" class=\"size-full wp-image-484\" src=\"https:\/\/kylat.ekarjala.fi\/rautio\/wp-content\/uploads\/sites\/17\/2011\/08\/959.jpg\" alt=\"\" width=\"2048\" height=\"1536\" \/><\/a><p id=\"caption-attachment-484\" class=\"wp-caption-text\">Rantahankep\u00e4\u00e4llikk\u00f6 puomin teossa<\/p><\/div>\n<p style=\"text-align: justify\"><strong>Lis\u00e4\u00e4 kuvia liitteiss\u00e4<\/strong><\/p>\n<p style=\"text-align: justify\"><a href=\"https:\/\/kylat.ekarjala.fi\/rautio\/wp-content\/uploads\/sites\/17\/2011\/08\/kuvaliite1-2011.pdf\">kuvaliite1-2011<\/a><\/p>\n<p style=\"text-align: justify\"><a href=\"https:\/\/kylat.ekarjala.fi\/rautio\/wp-content\/uploads\/sites\/17\/2011\/08\/kuvaliite2-2011.pdf\">kuvaliite2-2011<\/a><\/p>\n<p style=\"text-align: justify\"><a href=\"https:\/\/kylat.ekarjala.fi\/rautio\/wp-content\/uploads\/sites\/17\/2011\/08\/Kuvaliite2012.pdf\">kuvaliite-2012<\/a><\/p>\n<p><strong>Rantahankkeen kustannukset ja rahoitus<\/strong><\/p>\n<ul>\n<li>Leader -hankeavustus\u00a0\u00a0\u00a0\u00a0 18 750 \u20ac<\/li>\n<li>Oma rahoitus\u00a0\u00a0\u00a0\u00a0\u00a0\u00a0\u00a0\u00a0\u00a0\u00a0\u00a0\u00a0\u00a0\u00a0\u00a0\u00a0 \u00a0 \u00a0 \u00a0 \u00a0 8 250 \u20ac (sis. Satakielen Laulun osuuden)<\/li>\n<li>Vastikkeeton ty\u00f6\u00a0\u00a0\u00a0\u00a0\u00a0\u00a0\u00a0\u00a0\u00a0 \u00a0\u00a0\u00a0 10 500 \u20ac Rahoitus yhteens\u00e4\u00a0\u00a0\u00a0\u00a0 \u00a0 \u00a0 \u00a0 37 500 \u20ac<\/li>\n<\/ul>\n<p>Rahallisesta omarahoituksesta vastasi p\u00e4\u00e4siassa\u00a0Raution kaupunginosayhdistys ry, my\u00f6s Satakielen Laulu ry:lta saatiin rahoitusta ja talkooty\u00f6apua. Hanke saatiin l\u00e4hes toteutettua suunnitellulla rahoituksella. Talkooty\u00f6tunteja kirjattiin yhteens\u00e4 n. 1500 tuntia!<\/p>\n<p><a href=\"https:\/\/kylat.ekarjala.fi\/rautio\/wp-content\/uploads\/sites\/17\/2011\/08\/Logot.jpg\"><img loading=\"lazy\" decoding=\"async\" class=\"alignleft size-full wp-image-196\" src=\"https:\/\/kylat.ekarjala.fi\/rautio\/wp-content\/uploads\/sites\/17\/2011\/08\/Logot.jpg\" alt=\"\" width=\"1926\" height=\"400\" \/><\/a><\/p>\n\n\n\n\n<div data-wp-interactive=\"core\/file\" class=\"wp-block-file\"><object data-wp-bind--hidden=\"!state.hasPdfPreview\" hidden class=\"wp-block-file__embed\" data=\"https:\/\/kylat.ekarjala.fi\/rautio\/wp-content\/uploads\/sites\/17\/2026\/04\/Venepaikat-ja-sA\u00a4A\u00a4nnA\u00b6t-2026.pdf\" type=\"application\/pdf\" style=\"width:100%;height:600px\" aria-label=\"Tiedoston Venepaikat ja s\u00c3\u00a4\u00c3\u00a4nn\u00c3\u00b6t 2026 upotus.\"><\/object><a id=\"wp-block-file--media-b5aec252-d306-4c20-a1f0-cceb5c798bf2\" href=\"https:\/\/kylat.ekarjala.fi\/rautio\/wp-content\/uploads\/sites\/17\/2026\/04\/Venepaikat-ja-sA\u00a4A\u00a4nnA\u00b6t-2026.pdf\">Venepaikat ja s\u00c3\u00a4\u00c3\u00a4nn\u00c3\u00b6t 2026<\/a><a href=\"https:\/\/kylat.ekarjala.fi\/rautio\/wp-content\/uploads\/sites\/17\/2026\/04\/Venepaikat-ja-sA\u00a4A\u00a4nnA\u00b6t-2026.pdf\" class=\"wp-block-file__button wp-element-button\" download aria-describedby=\"wp-block-file--media-b5aec252-d306-4c20-a1f0-cceb5c798bf2\">Lataa<\/a><\/div>\n\n\n\n\n\n\n","protected":false},"excerpt":{"rendered":"<p>Venepaikat Rautionkyl\u00e4ss\u00e4 Immalanj\u00e4rven rannassa Raution kaupunginosayhdistys yll\u00e4pit\u00e4\u00e4 venepaikkoja Rautionkadun, Raijaksenkadun, Myllyksenkadun , ja Kohonkujan p\u00e4\u00e4ss\u00e4 sek\u00e4 vesilaitoksen rannassa. Imatran kaupungin kanssa tehdyn sopimuksen nojalla venepaikat kunnostettiin ja rakennettiin veneiden s\u00e4ilytt\u00e4mist\u00e4 varten venetelat Leader-hankerahoituksella. Ranta-alueen omistaa Imatran kaupunki, jonka kanssa Raution &hellip; <a href=\"https:\/\/kylat.ekarjala.fi\/rautio\/harrastukset\/rantahanke\/\">Continue reading <span class=\"meta-nav\">&rarr;<\/span><\/a><\/p>\n","protected":false},"author":28,"featured_media":0,"parent":38,"menu_order":6,"comment_status":"open","ping_status":"open","template":"","meta":{"footnotes":""},"class_list":["post-102","page","type-page","status-publish","hentry"],"_links":{"self":[{"href":"https:\/\/kylat.ekarjala.fi\/rautio\/wp-json\/wp\/v2\/pages\/102","targetHints":{"allow":["GET"]}}],"collection":[{"href":"https:\/\/kylat.ekarjala.fi\/rautio\/wp-json\/wp\/v2\/pages"}],"about":[{"href":"https:\/\/kylat.ekarjala.fi\/rautio\/wp-json\/wp\/v2\/types\/page"}],"author":[{"embeddable":true,"href":"https:\/\/kylat.ekarjala.fi\/rautio\/wp-json\/wp\/v2\/users\/28"}],"replies":[{"embeddable":true,"href":"https:\/\/kylat.ekarjala.fi\/rautio\/wp-json\/wp\/v2\/comments?post=102"}],"version-history":[{"count":20,"href":"https:\/\/kylat.ekarjala.fi\/rautio\/wp-json\/wp\/v2\/pages\/102\/revisions"}],"predecessor-version":[{"id":1598,"href":"https:\/\/kylat.ekarjala.fi\/rautio\/wp-json\/wp\/v2\/pages\/102\/revisions\/1598"}],"up":[{"embeddable":true,"href":"https:\/\/kylat.ekarjala.fi\/rautio\/wp-json\/wp\/v2\/pages\/38"}],"wp:attachment":[{"href":"https:\/\/kylat.ekarjala.fi\/rautio\/wp-json\/wp\/v2\/media?parent=102"}],"curies":[{"name":"wp","href":"https:\/\/api.w.org\/{rel}","templated":true}]}}