{"id":11,"date":"2011-08-23T10:15:27","date_gmt":"2011-08-23T10:15:27","guid":{"rendered":"https:\/\/kylat.ekarjala.fi\/rautio\/?page_id=11"},"modified":"2024-05-31T04:23:14","modified_gmt":"2024-05-31T04:23:14","slug":"saannot","status":"publish","type":"page","link":"https:\/\/kylat.ekarjala.fi\/rautio\/yhdistys\/saannot\/","title":{"rendered":"S\u00e4\u00e4nn\u00f6t"},"content":{"rendered":"\n<p>Raution kaupunginosayhdistys ry:n s\u00e4\u00e4nn\u00f6t (vahvistettu 3.3.2023)<\/p>\n\n\n\n<p><strong>1 \u00a7 NIMI JA KOTIPAIKKA<\/strong><br>Raution kaupunginosayhdistys ja sen kotikunta on Imatra.<br>Yhdistyksen toimialueena on Imatran kaupungin Raution(kyl\u00e4n) kaupunginosa l\u00e4hiymp\u00e4rist\u00f6ineen ja Imatran kaupungin pohjoisosat laajemmin.<\/p>\n\n\n\n<p><strong>2 \u00a7 TARKOITUS JA TOIMINTA<\/strong><br>Yhdistyksen tarkoituksena on:<br>-Ty\u00f6skennell\u00e4 toimialueensa henkisten, sosiaalisten ja taloudellisten olojen kehitt\u00e4miseksi.<br>-Toimia viihtyvyyden ja turvallisuuden lis\u00e4\u00e4miseksi vanhojen perinteiden ja uusien ajatusten pohjalta.<br>-Toimia kokonaisvaltaisen yhdyskuntaty\u00f6n kehitt\u00e4misess\u00e4 yhteisty\u00f6ss\u00e4 asukkaiden, j\u00e4rjest\u00f6jen ja Imatran kaupungin kanssa paikallisten erityispiirteiden pohjalta osallistumalla aluetta koskevaan suunnitteluun ja p\u00e4\u00e4t\u00f6ksentekoon.<br>-Edist\u00e4\u00e4 asukkaiden omatoimisuutta sek\u00e4 eri ik\u00e4- ja sosiaaliryhmien vuorovaikutusta.<br>-Edist\u00e4\u00e4 toiminta-alueen ymp\u00e4rist\u00f6n viihtyisyyden kehitt\u00e4mist\u00e4.<\/p>\n\n\n\n<p><strong>3 \u00a7 TARKOITUKSENSA TOTEUTTAMISEKSI YHDISTYS<\/strong><br>-Tekee aloitteita ja esityksi\u00e4 sek\u00e4 tarvittaessa antaa lausuntoja viranomaisille.<br>-On yhteisty\u00f6ss\u00e4 kaupungin sek\u00e4 muiden samoja p\u00e4\u00e4m\u00e4\u00e4ri\u00e4 toteuttavien yhteis\u00f6jen kanssa.<br>-Tukee kotiseutua koskevaa tallennus-, tutkimus- ja julkaisutoimintaa.<br>-Harjoittaa kulttuuritoimintaa.<br>-J\u00e4rjest\u00e4\u00e4 kokouksia sek\u00e4 teema- ja esitelm\u00e4tilaisuuksia.<br>-J\u00e4rjest\u00e4\u00e4 liikunta- ja harrastustoimintaa.<br>-J\u00e4rjest\u00e4\u00e4 talkoita, retki\u00e4, n\u00e4yttelyit\u00e4 ja juhla- ja viihdetilaisuuksia<br>-Yll\u00e4pit\u00e4\u00e4 nuoriso- ja muuta toimitilaa.<\/p>\n\n\n\n<p><strong>4 \u00a7 TOIMINTANSA TUKEMISEKSI YHDISTYS<\/strong><br>-J\u00e4rjest\u00e4\u00e4 juhlia, kulttuuri- ja kyl\u00e4tapahtumia sek\u00e4 erilaisia kilpailuja, n\u00e4yttelyit\u00e4, myyj\u00e4isi\u00e4 ja<br>arpajaisia.<br>-Vuokraa hallitsemiaan toimitiloja.<br>-Ottaa vastaan avustuksia ja lahjoituksia.<br>-Omistaa ja hallitsee toimintaansa varten irtainta omaisuutta.<br>-J\u00e4rjest\u00e4\u00e4 asukaspalvelutoimintaa, esimerkiksi korttelitalonmiehen palveluja ja puutarhanhoitov\u00e4lineiden vuokrausta.<\/p>\n\n\n\n<p><strong>5 \u00a7 J\u00c4SENET<\/strong><br>Yhdistyksen j\u00e4seneksi voi kuulua yksityinen henkil\u00f6 tai yhteis\u00f6. Kunniaj\u00e4seneksi voidaan hallituksen esityksest\u00e4 yhdistyksen kokouksessa kutsua henkil\u00f6, joka on huomattavasti edist\u00e4nyt ja tukenut yhdistyksen toimintaa.<\/p>\n\n\n\n<p><strong>6 \u00a7 HALLITUS<\/strong><br>Yhdistyksen asioita hoitaa hallitus, johon kuuluu vuosikokouksessa valittu puheenjohtaja ja 6 muuta j\u00e4sent\u00e4. Hallitus valitsee keskuudestaan varapuheenjohtajan sek\u00e4 ottaa keskuudestaan tai ulkopuolelta sihteerin, rahastonhoitajan ja muut tarvittavat toimihenkil\u00f6t.<br>Puheenjohtajan toimiaika kest\u00e4\u00e4 yhden kalenterivuoden kerrallaan, kuitenkin kerrallaan yhteens\u00e4 enint\u00e4\u00e4n 4 vuotta. Muiden j\u00e4senten toimiaika kest\u00e4\u00e4 kaksi kalenterivuotta siten, ett\u00e4 kunakin vuonna hallituksesta eroaa puolet j\u00e4senist\u00e4. Hallitus voi asettaa keskuudestaan juoksevien asioiden hoitamista ja asioiden valmistelua varten tarvittavia toimikuntia.<br>Hallitus kokoontuu puheenjohtajan tai h\u00e4nen estyneen\u00e4 ollessaan varapuheenjohtajan kutsusta, kun he katsovat siihen olevan aihetta tai kun v\u00e4hint\u00e4\u00e4n 3 hallituksen j\u00e4sent\u00e4 sit\u00e4 puheenjohtajalta vaatii. <br>Hallitus on p\u00e4\u00e4t\u00f6svaltainen, kun v\u00e4hint\u00e4\u00e4n puolet sen j\u00e4senist\u00e4 puheenjohtaja tai varapuheenjohtaja mukaan luettuna on l\u00e4sn\u00e4. Asiat ratkaistaan yksinkertaisella \u00e4\u00e4nten enemmist\u00f6ll\u00e4. \u00c4\u00e4nten menness\u00e4 tasan ratkaisee puheenjohtajan mielipide, vaalissa kuitenkin arpa.<br>Hallituksen kokouksista laaditaan p\u00f6yt\u00e4kirja, joka jaetaan hallituksen j\u00e4senille ja hyv\u00e4ksyt\u00e4\u00e4n seuraavassa kokouksessa.<\/p>\n\n\n\n<p><strong>7 \u00a7 YHDISTYKSEN NIMEN KIRJOITTAMINEN<\/strong><br>Yhdistyksen nimen kirjoittavat puheenjohtaja ja varapuheenjohtaja yhdess\u00e4 tai jompikumpi heist\u00e4 yhdistyksen hallituksen j\u00e4senen kanssa, kaksi yhdess\u00e4.<\/p>\n\n\n\n<p><strong>8 \u00a7 TILIT<\/strong><br>Yhdistyksen tilikausi on kalenterivuosi.<br>Tilinp\u00e4\u00e4t\u00f6s tarvittavine asiakirjoineen ja hallituksen vuosikertomus on annettava toiminnantarkastajalle viimeist\u00e4\u00e4n kolme viikkoa ennen kev\u00e4tkokousta. Toiminnantarkastajan tulee antaa kirjallinen lausuntonsa hallitukselle viimeist\u00e4\u00e4n viikko ennen kev\u00e4tkokousta.<\/p>\n\n\n\n<p><strong>9 \u00a7 YHDISTYKSEN KOKOUKSET<\/strong><br>Yhdistyksen vuosikokous pidet\u00e4\u00e4n maaliskuun loppuun menness\u00e4 hallituksen m\u00e4\u00e4r\u00e4\u00e4m\u00e4n\u00e4 p\u00e4iv\u00e4n\u00e4. <br>Ylim\u00e4\u00e4r\u00e4inen kokous pidet\u00e4\u00e4n, kun yhdistyksen kokous p\u00e4\u00e4tt\u00e4\u00e4 ylim\u00e4\u00e4r\u00e4isen kokouksen pit\u00e4misest\u00e4,  tai kun hallitus katsoo siihen olevan aihetta tai kun v\u00e4hint\u00e4\u00e4n kymmenesosa (1\/10) \u00e4\u00e4nioikeutetuista j\u00e4senist\u00e4 sit\u00e4 hallitukselta erityisesti ilmoitettua asiaa varten kirjallisesti vaatii.<br>Yhdistyksen kokoukset kutsuu koolle hallitus. Kokouskutsu on toimitettava viimeist\u00e4\u00e4n seitsem\u00e4n p\u00e4iv\u00e4\u00e4 ennen kokousta asukastiedotteessa tai julkaisemalla kutsu yhdistyksen kotipaikkakunnalla ilmestyv\u00e4ss\u00e4 sanomalehdess\u00e4. Kokouskutsussa on mainittava k\u00e4sitelt\u00e4v\u00e4n\u00e4 olevat asiat. <br>Yhdistyksen kokous on p\u00e4\u00e4t\u00f6svaltainen, kun se on laillisesti koolle kutsuttu. Yhdistyksen kokouksissa on jokaisella 16 vuotta t\u00e4ytt\u00e4neell\u00e4 j\u00e4senell\u00e4 yksi \u00e4\u00e4ni. P\u00e4\u00e4t\u00f6kset tehd\u00e4\u00e4n yksinkertaisella \u00e4\u00e4nten enemmist\u00f6ll\u00e4. \u00c4\u00e4nten menness\u00e4 tasan ratkaistaan vaalit arvalla, mutta muissa asioissa tulee p\u00e4\u00e4t\u00f6kseksi kokouksen puheenjohtajan mielipide.<br>Mik\u00e4li yhdistyksen j\u00e4sen haluaa saada jonkin asian yhdistyksen kokouksen k\u00e4sitelt\u00e4v\u00e4ksi, on h\u00e4nen siit\u00e4 kirjallisesti ilmoitettava hallitukselle niin hyviss\u00e4 ajoin, ett\u00e4 asia voidaan sis\u00e4llytt\u00e4\u00e4 kokouskutsuun.<\/p>\n\n\n\n<p><strong>VUOSIKOKOUS<\/strong><br>Yhdistyksen vuosikokouksessa k\u00e4sitell\u00e4\u00e4n seuraavat asiat:<\/p>\n\n\n\n<ol class=\"wp-block-list\">\n<li>Kokouksen avaus<\/li>\n\n\n\n<li>Valitaan kokouksen puheenjohtaja, sihteeri, kaksi p\u00f6yt\u00e4kirjantarkastajaa ja kaksi \u00e4\u00e4ntenlaskijaa<\/li>\n\n\n\n<li>Todetaan kokouksen laillisuus ja p\u00e4\u00e4t\u00f6svaltaisuus<\/li>\n\n\n\n<li>Hyv\u00e4ksyt\u00e4\u00e4n kokouksen ty\u00f6j\u00e4rjestys<\/li>\n\n\n\n<li>Esitet\u00e4\u00e4n tilinp\u00e4\u00e4t\u00f6s, vuosikertomus ja toiminnantarkastajan lausunto<\/li>\n\n\n\n<li>P\u00e4\u00e4tet\u00e4\u00e4n tilinp\u00e4\u00e4t\u00f6ksen vahvistamisesta ja vastuuvapauden my\u00f6nt\u00e4misest\u00e4 hallitukselle ja muille<br>vastuuvelvollisille<\/li>\n\n\n\n<li>Vahvistetaan toimintasuunnitelma sek\u00e4 tulo- ja menoarvio kuluvalle kalenterivuodelle<\/li>\n\n\n\n<li>P\u00e4\u00e4tet\u00e4\u00e4n sek\u00e4 liittymis- ja j\u00e4senmaksujen suuruudet sek\u00e4 toimihenkil\u00f6iden kulukorvaukset.<\/li>\n\n\n\n<li>Valitaan hallituksen puheenjohtaja ja muut j\u00e4senet<\/li>\n\n\n\n<li>Valitaan toiminnantarkastaja ja h\u00e4nelle varahenkil\u00f6<\/li>\n\n\n\n<li>K\u00e4sitell\u00e4\u00e4n muut kokouskutsussa mainitut asiat<\/li>\n\n\n\n<li>Kokouksen p\u00e4\u00e4tt\u00e4minen<br><br><strong>10 \u00a7 MUUT ASIAT<\/strong><br>Muutoksia n\u00e4ihin s\u00e4\u00e4nt\u00f6ihin voidaan tehd\u00e4 ainoastaan yhdistyksen kokouksessa. Muutosehdotuksen on t\u00e4ll\u00f6in hyv\u00e4ksytyksi tullakseen saatava v\u00e4hint\u00e4\u00e4n kolme nelj\u00e4sosaa (3\/4) annetuista \u00e4\u00e4nist\u00e4. S\u00e4\u00e4nt\u00f6muutosasia on mainittava kokouskutsussa.<br>Yhdistyksen purkamisesta p\u00e4\u00e4tt\u00e4\u00e4 yhdistyksen kokous. Ehdotuksen on hyv\u00e4ksytyksi tullakseen saatava v\u00e4hint\u00e4\u00e4n kolme nelj\u00e4sosaa (3\/4) annetuista \u00e4\u00e4nist\u00e4.<br>Yhdistyksen purkautumisesta p\u00e4\u00e4tt\u00e4v\u00e4 kokous p\u00e4\u00e4tt\u00e4\u00e4 j\u00e4ljell\u00e4 olevien varojen k\u00e4yt\u00f6st\u00e4 yhdistyksen<br>toimintaperiaatteiden edist\u00e4miseen.<br>Niilt\u00e4 osin kuin n\u00e4iss\u00e4 s\u00e4\u00e4nn\u00f6iss\u00e4 ei ole m\u00e4\u00e4r\u00e4yst\u00e4, noudatetaan yhdistyslakia<\/li>\n<\/ol>\n\n\n\n<p><\/p>\n","protected":false},"excerpt":{"rendered":"<p>Raution kaupunginosayhdistys ry:n s\u00e4\u00e4nn\u00f6t (vahvistettu 3.3.2023) 1 \u00a7 NIMI JA KOTIPAIKKARaution kaupunginosayhdistys ja sen kotikunta on Imatra.Yhdistyksen toimialueena on Imatran kaupungin Raution(kyl\u00e4n) kaupunginosa l\u00e4hiymp\u00e4rist\u00f6ineen ja Imatran kaupungin pohjoisosat laajemmin. 2 \u00a7 TARKOITUS JA TOIMINTAYhdistyksen tarkoituksena on:-Ty\u00f6skennell\u00e4 toimialueensa henkisten, sosiaalisten ja &hellip; <a href=\"https:\/\/kylat.ekarjala.fi\/rautio\/yhdistys\/saannot\/\">Continue reading <span class=\"meta-nav\">&rarr;<\/span><\/a><\/p>\n","protected":false},"author":28,"featured_media":0,"parent":5,"menu_order":0,"comment_status":"open","ping_status":"open","template":"","meta":{"footnotes":""},"class_list":["post-11","page","type-page","status-publish","hentry"],"_links":{"self":[{"href":"https:\/\/kylat.ekarjala.fi\/rautio\/wp-json\/wp\/v2\/pages\/11","targetHints":{"allow":["GET"]}}],"collection":[{"href":"https:\/\/kylat.ekarjala.fi\/rautio\/wp-json\/wp\/v2\/pages"}],"about":[{"href":"https:\/\/kylat.ekarjala.fi\/rautio\/wp-json\/wp\/v2\/types\/page"}],"author":[{"embeddable":true,"href":"https:\/\/kylat.ekarjala.fi\/rautio\/wp-json\/wp\/v2\/users\/28"}],"replies":[{"embeddable":true,"href":"https:\/\/kylat.ekarjala.fi\/rautio\/wp-json\/wp\/v2\/comments?post=11"}],"version-history":[{"count":12,"href":"https:\/\/kylat.ekarjala.fi\/rautio\/wp-json\/wp\/v2\/pages\/11\/revisions"}],"predecessor-version":[{"id":1485,"href":"https:\/\/kylat.ekarjala.fi\/rautio\/wp-json\/wp\/v2\/pages\/11\/revisions\/1485"}],"up":[{"embeddable":true,"href":"https:\/\/kylat.ekarjala.fi\/rautio\/wp-json\/wp\/v2\/pages\/5"}],"wp:attachment":[{"href":"https:\/\/kylat.ekarjala.fi\/rautio\/wp-json\/wp\/v2\/media?parent=11"}],"curies":[{"name":"wp","href":"https:\/\/api.w.org\/{rel}","templated":true}]}}