{"id":110,"date":"2011-08-23T17:50:28","date_gmt":"2011-08-23T17:50:28","guid":{"rendered":"https:\/\/kylat.ekarjala.fi\/rautio\/?page_id=110"},"modified":"2025-05-07T22:11:50","modified_gmt":"2025-05-07T19:11:50","slug":"pelikentat","status":"publish","type":"page","link":"https:\/\/kylat.ekarjala.fi\/rautio\/harrastukset\/pelikentat\/","title":{"rendered":"Pelikent\u00e4t"},"content":{"rendered":"<p>Rautiosta l\u00f6ytyy erilaisia pelikentti\u00e4 ulkopeleihin, jotka ovat vapaasti kaikkien k\u00e4ytett\u00e4viss\u00e4.<\/p>\n<ul>\n<li><span style=\"color: #444444\">Rantalentopallokentt\u00e4 uimarannalla Myllyksenkadun p\u00e4\u00e4ss\u00e4 (pyrit\u00e4\u00e4n ottamaan uudelleen k\u00e4ytt\u00f6\u00f6n kes\u00e4lle 2025!).\u00a0<\/span><\/li>\n<li>Koulun kentt\u00e4<span style=\"color: #444444\">.<\/span><\/li>\n<\/ul>\n","protected":false},"excerpt":{"rendered":"<p>Rautiosta l\u00f6ytyy erilaisia pelikentti\u00e4 ulkopeleihin, jotka ovat vapaasti kaikkien k\u00e4ytett\u00e4viss\u00e4. Rantalentopallokentt\u00e4 uimarannalla Myllyksenkadun p\u00e4\u00e4ss\u00e4 (pyrit\u00e4\u00e4n ottamaan uudelleen k\u00e4ytt\u00f6\u00f6n kes\u00e4lle 2025!).\u00a0 Koulun kentt\u00e4.<\/p>\n","protected":false},"author":28,"featured_media":0,"parent":38,"menu_order":5,"comment_status":"open","ping_status":"open","template":"","meta":{"footnotes":""},"class_list":["post-110","page","type-page","status-publish","hentry"],"_links":{"self":[{"href":"https:\/\/kylat.ekarjala.fi\/rautio\/wp-json\/wp\/v2\/pages\/110","targetHints":{"allow":["GET"]}}],"collection":[{"href":"https:\/\/kylat.ekarjala.fi\/rautio\/wp-json\/wp\/v2\/pages"}],"about":[{"href":"https:\/\/kylat.ekarjala.fi\/rautio\/wp-json\/wp\/v2\/types\/page"}],"author":[{"embeddable":true,"href":"https:\/\/kylat.ekarjala.fi\/rautio\/wp-json\/wp\/v2\/users\/28"}],"replies":[{"embeddable":true,"href":"https:\/\/kylat.ekarjala.fi\/rautio\/wp-json\/wp\/v2\/comments?post=110"}],"version-history":[{"count":7,"href":"https:\/\/kylat.ekarjala.fi\/rautio\/wp-json\/wp\/v2\/pages\/110\/revisions"}],"predecessor-version":[{"id":1580,"href":"https:\/\/kylat.ekarjala.fi\/rautio\/wp-json\/wp\/v2\/pages\/110\/revisions\/1580"}],"up":[{"embeddable":true,"href":"https:\/\/kylat.ekarjala.fi\/rautio\/wp-json\/wp\/v2\/pages\/38"}],"wp:attachment":[{"href":"https:\/\/kylat.ekarjala.fi\/rautio\/wp-json\/wp\/v2\/media?parent=110"}],"curies":[{"name":"wp","href":"https:\/\/api.w.org\/{rel}","templated":true}]}}