{"id":1407,"date":"2022-03-01T19:28:12","date_gmt":"2022-03-01T19:28:12","guid":{"rendered":"https:\/\/kylat.ekarjala.fi\/rautio\/?page_id=1407"},"modified":"2022-04-03T16:21:37","modified_gmt":"2022-04-03T16:21:37","slug":"kaukopaankoulu","status":"publish","type":"page","link":"https:\/\/kylat.ekarjala.fi\/rautio\/kaukopaankoulu\/","title":{"rendered":"Kaukop\u00e4\u00e4nkoulu"},"content":{"rendered":"\n<p>Raution kaupunginosayhdistys puolustaa kiivaasti kaupunginosan keskeisen rakennuksen s\u00e4ilytt\u00e4mist\u00e4.<\/p>\n\n\n\n<h2 class=\"wp-block-heading\">Lajinsa kauneimpia edustajia<\/h2>\n\n\n\n<p>Komea koulurakennus kohoaa Imatran Rautionkyl\u00e4n keskell\u00e4 Salpaussel\u00e4n p\u00e4\u00e4ll\u00e4 ylv\u00e4\u00e4sti mutta yst\u00e4v\u00e4llisen\u00e4 t\u00e4hyillen huvilakaupunginosan yli Immalanj\u00e4rvelle. <\/p>\n\n\n\n<p>Kaukop\u00e4\u00e4n koulun suunnitteli viipurilainen arkkitehti Jalmari Lankinen ja sen rakennutti Ruokolahden kunta pian sen j\u00e4lkeen, kun Kaukop\u00e4\u00e4n tehdas oli k\u00e4ynnistynyt ja ty\u00f6ntekij\u00f6iden perheet asettuivat asumaan tehtaan l\u00e4heisyyteen. <\/p>\n\n\n\n<figure class=\"wp-block-embed is-type-video is-provider-youtube wp-block-embed-youtube wp-embed-aspect-16-9 wp-has-aspect-ratio\"><div class=\"wp-block-embed__wrapper\">\n<iframe loading=\"lazy\" title=\"Kaukop\u00e4\u00e4n koulun esittelyvideo\" width=\"500\" height=\"281\" src=\"https:\/\/www.youtube.com\/embed\/7p-okQfFe2o?feature=oembed\" frameborder=\"0\" allow=\"accelerometer; autoplay; clipboard-write; encrypted-media; gyroscope; picture-in-picture; web-share\" referrerpolicy=\"strict-origin-when-cross-origin\" allowfullscreen><\/iframe>\n<\/div><\/figure>\n\n\n\n<p>Rakennus edustaa funkis-tyyli\u00e4, ja on keskeinen osa keskittym\u00e4\u00e4, johon kuuluu my\u00f6s useita muitakin 1930-luvun rakennuskohteita Imatran kaupungin pohjoisp\u00e4\u00e4ss\u00e4 (Immolan rajavartioston rakennukset upseerikerho, sairaala-, kasarmi- ja asuinrakennukset, L\u00e4tt\u00e4l\u00e4n asuinalue ja Kaukop\u00e4\u00e4n tehtaan porttirakennus) sek\u00e4 uudempana Kolmen Ristin kirkko.<\/p>\n\n\n\n<p>Kaukop\u00e4\u00e4n koulu toimi koulurakennuksena yli 80 vuotta 1937-2019. Imatran kaupunki on sen j\u00e4lkeen tehnyt selv\u00e4ksi, ettei sill\u00e4 ole rakennukselle k\u00e4ytt\u00f6\u00e4, ja nyt uhkaa upean historiallisen ja arkkitehtonisesti arvokkaan rakennuksen purkaminen. Kaupunki on tehnyt kaavamuutoksen, jolla koulurakennuksen suojelumerkint\u00e4 poistuu. Raution kaupunginosayhdistys on valittanut kaavamuutoksesta suojelun poiston osalta.<\/p>\n\n\n\n<h2 class=\"wp-block-heading\">Esittelymateriaalia Kaukop\u00e4\u00e4n koululta<\/h2>\n\n\n\n<p>Tilava ja valoisa funkisrakennus tarjoaa mahdollisuuksia moniin erilaisiin toimintoihin: liikuntaan ja tapahtumiin, ty\u00f6skentelytiloja k\u00e4sity\u00f6l\u00e4isille, hyvinvointiyritt\u00e4j\u00e4lle, et\u00e4ty\u00f6tiloja esim. toimistohotelliksi jne. upeassa puutarhakaupunginosassa hyvien yhteyksien varrella. N\u00e4m\u00e4 ehdotukset eiv\u00e4t sulje toisiaan, sill\u00e4 2750 m2 (huoneistoala) riitt\u00e4\u00e4 monelle toimijalle, lis\u00e4ksi tyhj\u00e4n\u00e4 ovat asuntosiiven 6 valoisaa asuntoa. Lis\u00e4tietoa esitteiss\u00e4 ja raporteissa:<\/p>\n\n\n\n<div class=\"wp-block-image\"><figure class=\"alignright size-full is-resized\"><a href=\"https:\/\/kylat.ekarjala.fi\/rautio\/wp-content\/uploads\/sites\/17\/2022\/03\/PORRASHUONE_pp-rotated.jpg\"><img loading=\"lazy\" decoding=\"async\" src=\"https:\/\/kylat.ekarjala.fi\/rautio\/wp-content\/uploads\/sites\/17\/2022\/03\/PORRASHUONE_pp-rotated.jpg\" alt=\"\" class=\"wp-image-1427\" width=\"297\" height=\"396\" srcset=\"https:\/\/kylat.ekarjala.fi\/rautio\/wp-content\/uploads\/sites\/17\/2022\/03\/PORRASHUONE_pp-rotated.jpg 450w, https:\/\/kylat.ekarjala.fi\/rautio\/wp-content\/uploads\/sites\/17\/2022\/03\/PORRASHUONE_pp-225x300.jpg 225w\" sizes=\"auto, (max-width: 297px) 100vw, 297px\" \/><\/a><figcaption>Veistoksellinen porrashuone, kuva Pekka Partinen<\/figcaption><\/figure><\/div>\n\n\n\n<p><a rel=\"noreferrer noopener\" href=\"https:\/\/kylat.ekarjala.fi\/rautio\/wp-content\/uploads\/sites\/17\/2022\/03\/Kaukopaan-koulun-esite-A4.pdf\" target=\"_blank\">Esite, jossa on pohjakuvat kaikista kerroksista, A4 \/ 4sivua<\/a><\/p>\n\n\n\n<p><a rel=\"noreferrer noopener\" href=\"https:\/\/kylat.ekarjala.fi\/rautio\/wp-content\/uploads\/sites\/17\/2022\/03\/RAKENNUSTAPASELITYS_v4.pdf\" target=\"_blank\">Alustava tilasuunnitelma, ImArk<\/a><\/p>\n\n\n\n<p><a href=\"https:\/\/kylat.ekarjala.fi\/rautio\/wp-content\/uploads\/sites\/17\/2022\/03\/Kaukopa\u0308a\u0308n-koulurakennuksen-energiaselvitys.pdf\" target=\"_blank\" rel=\"noreferrer noopener\">Energiaselvitys<\/a><br><br><a rel=\"noreferrer noopener\" href=\"https:\/\/kylat.ekarjala.fi\/rautio\/wp-content\/uploads\/sites\/17\/2022\/03\/Loppuraportti-Kaukopaan-koulu-hanke-.pdf\" target=\"_blank\">Kaukop\u00e4\u00e4n koulun selvityshankkeen loppuraportti<\/a><\/p>\n\n\n\n<h4 class=\"wp-block-heading\"><a rel=\"noreferrer noopener\" href=\"https:\/\/www.facebook.com\/Kaukopaankoulu\" target=\"_blank\">Seuraa Kaukop\u00e4\u00e4n koulua Facebookissa<\/a> <\/h4>\n\n\n\n<p>Imatran rakennushistoriaa puretaan kovaa vauhtia<\/p>\n\n\n\n<p><\/p>\n\n\n\n<h2 class=\"wp-block-heading\">Imatran rakennushistoria h\u00e4vi\u00e4\u00e4 vauhdilla<\/h2>\n\n\n\n<p>Imatran kouluverkon uusimisen seurauksena kaupunkikuvassa merkitt\u00e4vi\u00e4 rakennuksia on jo kadonnut. Vuonna 2016 kaupungin Ramboll Oy:ll\u00e4 teett\u00e4m\u00e4ss\u00e4 rakennushistoriallisen selvityksen kohteena olleista nelj\u00e4st\u00e4 koulurakennuksesta on jo purettu Vuoksenniskan koulu (= Honkaharjun koulu, sittemmin Kumppanuustalo) sek\u00e4 Imatrankosken koulu. Seuraavana listalle on laitettu Kaukop\u00e4\u00e4n koulu. Toistaiseksi kaupunki on antanut harrastajille tiloja Tainionkosken koululta. Katso hieno <a rel=\"noreferrer noopener\" href=\"https:\/\/kylat.ekarjala.fi\/rautio\/wp-content\/uploads\/sites\/17\/2022\/03\/Imatran-koulurakennusten-rakennushist.selvitys.pdf\" target=\"_blank\">Kaukop\u00e4\u00e4n, Imatrankosken ja Tainionkosken koulurakennusten sek\u00e4 kumppanuustalon rakennushistoriallinen selvitys<\/a>. Imatralta on purettu my\u00f6s Teppanalan ja Savikannan koulut sek\u00e4 Imatran peruskoulu. <\/p>\n\n\n\n<figure class=\"wp-block-image size-large\"><a href=\"https:\/\/kylat.ekarjala.fi\/rautio\/wp-content\/uploads\/sites\/17\/2022\/03\/kaukopaankoulu_HO-scaled.jpg\"><img loading=\"lazy\" decoding=\"async\" width=\"1024\" height=\"768\" src=\"https:\/\/kylat.ekarjala.fi\/rautio\/wp-content\/uploads\/sites\/17\/2022\/03\/kaukopaankoulu_HO-1024x768.jpg\" alt=\"\" class=\"wp-image-1395\" srcset=\"https:\/\/kylat.ekarjala.fi\/rautio\/wp-content\/uploads\/sites\/17\/2022\/03\/kaukopaankoulu_HO-1024x768.jpg 1024w, https:\/\/kylat.ekarjala.fi\/rautio\/wp-content\/uploads\/sites\/17\/2022\/03\/kaukopaankoulu_HO-300x225.jpg 300w, https:\/\/kylat.ekarjala.fi\/rautio\/wp-content\/uploads\/sites\/17\/2022\/03\/kaukopaankoulu_HO-768x576.jpg 768w, https:\/\/kylat.ekarjala.fi\/rautio\/wp-content\/uploads\/sites\/17\/2022\/03\/kaukopaankoulu_HO-1536x1152.jpg 1536w, https:\/\/kylat.ekarjala.fi\/rautio\/wp-content\/uploads\/sites\/17\/2022\/03\/kaukopaankoulu_HO-2048x1536.jpg 2048w, https:\/\/kylat.ekarjala.fi\/rautio\/wp-content\/uploads\/sites\/17\/2022\/03\/kaukopaankoulu_HO-800x600.jpg 800w\" sizes=\"auto, (max-width: 1024px) 100vw, 1024px\" \/><\/a><figcaption>Lippu liehuu viel\u00e4 koulun lopettajaistilaisuudessa kev\u00e4\u00e4ll\u00e4 2019.<\/figcaption><\/figure>\n","protected":false},"excerpt":{"rendered":"<p>Raution kaupunginosayhdistys puolustaa kiivaasti kaupunginosan keskeisen rakennuksen s\u00e4ilytt\u00e4mist\u00e4. Lajinsa kauneimpia edustajia Komea koulurakennus kohoaa Imatran Rautionkyl\u00e4n keskell\u00e4 Salpaussel\u00e4n p\u00e4\u00e4ll\u00e4 ylv\u00e4\u00e4sti mutta yst\u00e4v\u00e4llisen\u00e4 t\u00e4hyillen huvilakaupunginosan yli Immalanj\u00e4rvelle. Kaukop\u00e4\u00e4n koulun suunnitteli viipurilainen arkkitehti Jalmari Lankinen ja sen rakennutti Ruokolahden kunta pian sen &hellip; <a href=\"https:\/\/kylat.ekarjala.fi\/rautio\/kaukopaankoulu\/\">Continue reading <span class=\"meta-nav\">&rarr;<\/span><\/a><\/p>\n","protected":false},"author":28,"featured_media":1395,"parent":0,"menu_order":10,"comment_status":"closed","ping_status":"closed","template":"","meta":{"footnotes":""},"class_list":["post-1407","page","type-page","status-publish","has-post-thumbnail","hentry"],"_links":{"self":[{"href":"https:\/\/kylat.ekarjala.fi\/rautio\/wp-json\/wp\/v2\/pages\/1407","targetHints":{"allow":["GET"]}}],"collection":[{"href":"https:\/\/kylat.ekarjala.fi\/rautio\/wp-json\/wp\/v2\/pages"}],"about":[{"href":"https:\/\/kylat.ekarjala.fi\/rautio\/wp-json\/wp\/v2\/types\/page"}],"author":[{"embeddable":true,"href":"https:\/\/kylat.ekarjala.fi\/rautio\/wp-json\/wp\/v2\/users\/28"}],"replies":[{"embeddable":true,"href":"https:\/\/kylat.ekarjala.fi\/rautio\/wp-json\/wp\/v2\/comments?post=1407"}],"version-history":[{"count":19,"href":"https:\/\/kylat.ekarjala.fi\/rautio\/wp-json\/wp\/v2\/pages\/1407\/revisions"}],"predecessor-version":[{"id":1455,"href":"https:\/\/kylat.ekarjala.fi\/rautio\/wp-json\/wp\/v2\/pages\/1407\/revisions\/1455"}],"wp:featuredmedia":[{"embeddable":true,"href":"https:\/\/kylat.ekarjala.fi\/rautio\/wp-json\/wp\/v2\/media\/1395"}],"wp:attachment":[{"href":"https:\/\/kylat.ekarjala.fi\/rautio\/wp-json\/wp\/v2\/media?parent=1407"}],"curies":[{"name":"wp","href":"https:\/\/api.w.org\/{rel}","templated":true}]}}