{"id":7,"date":"2011-08-23T10:14:26","date_gmt":"2011-08-23T10:14:26","guid":{"rendered":"https:\/\/kylat.ekarjala.fi\/rautio\/?page_id=7"},"modified":"2026-04-02T20:11:27","modified_gmt":"2026-04-02T17:11:27","slug":"hallitus","status":"publish","type":"page","link":"https:\/\/kylat.ekarjala.fi\/rautio\/yhdistys\/hallitus\/","title":{"rendered":"Hallitus 2026"},"content":{"rendered":"<pre><strong>Puheenjohtaja<\/strong>: Olli Huttunen 050 340 8004\t     \n<strong>Varapuheenjohtaja: <\/strong>Miko-Matti Heino \n045 105 4564\n<strong>\nSihteeri<\/strong>: Sini Kurki          \n\n<strong>Muut j\u00e4senet <\/strong>\nIlpo Kontiainen                        \nHanna Ollikainen\nLaura Lindgren\nHeidi Pulkkinen\n\n<\/pre>\n<pre>- Hallituksen j\u00e4senet valitaan kahden vuoden toimintakaudeksi. \nVuosikokouksessa valitaan uudet hallituksen j\u00e4senet\n erovuoroisten tilalle.<\/pre>\n<p>&#8211; Puheenjohtaja valitaan vuodeksi kerrallaan.<\/p>\n<p>Puheenjohtajakauden enimm\u00e4ispituus on 4 vuotta kerrallaan.<\/p>\n<p><span style=\"color: #444444;font-size: 14px\">\u00a0<\/span><\/p>\n","protected":false},"excerpt":{"rendered":"<p>Puheenjohtaja: Olli Huttunen 050 340 8004 Varapuheenjohtaja: Miko-Matti Heino 045 105 4564 Sihteeri: Sini Kurki Muut j\u00e4senet Ilpo Kontiainen Hanna Ollikainen Laura Lindgren Heidi Pulkkinen &#8211; Hallituksen j\u00e4senet valitaan kahden vuoden toimintakaudeksi. Vuosikokouksessa valitaan uudet hallituksen j\u00e4senet erovuoroisten tilalle. &#8211; &hellip; <a href=\"https:\/\/kylat.ekarjala.fi\/rautio\/yhdistys\/hallitus\/\">Continue reading <span class=\"meta-nav\">&rarr;<\/span><\/a><\/p>\n","protected":false},"author":28,"featured_media":0,"parent":5,"menu_order":0,"comment_status":"open","ping_status":"open","template":"","meta":{"footnotes":""},"class_list":["post-7","page","type-page","status-publish","hentry"],"_links":{"self":[{"href":"https:\/\/kylat.ekarjala.fi\/rautio\/wp-json\/wp\/v2\/pages\/7","targetHints":{"allow":["GET"]}}],"collection":[{"href":"https:\/\/kylat.ekarjala.fi\/rautio\/wp-json\/wp\/v2\/pages"}],"about":[{"href":"https:\/\/kylat.ekarjala.fi\/rautio\/wp-json\/wp\/v2\/types\/page"}],"author":[{"embeddable":true,"href":"https:\/\/kylat.ekarjala.fi\/rautio\/wp-json\/wp\/v2\/users\/28"}],"replies":[{"embeddable":true,"href":"https:\/\/kylat.ekarjala.fi\/rautio\/wp-json\/wp\/v2\/comments?post=7"}],"version-history":[{"count":20,"href":"https:\/\/kylat.ekarjala.fi\/rautio\/wp-json\/wp\/v2\/pages\/7\/revisions"}],"predecessor-version":[{"id":1595,"href":"https:\/\/kylat.ekarjala.fi\/rautio\/wp-json\/wp\/v2\/pages\/7\/revisions\/1595"}],"up":[{"embeddable":true,"href":"https:\/\/kylat.ekarjala.fi\/rautio\/wp-json\/wp\/v2\/pages\/5"}],"wp:attachment":[{"href":"https:\/\/kylat.ekarjala.fi\/rautio\/wp-json\/wp\/v2\/media?parent=7"}],"curies":[{"name":"wp","href":"https:\/\/api.w.org\/{rel}","templated":true}]}}