{"id":94,"date":"2011-08-23T17:32:15","date_gmt":"2011-08-23T17:32:15","guid":{"rendered":"https:\/\/kylat.ekarjala.fi\/rautio\/?page_id=94"},"modified":"2025-02-25T12:59:41","modified_gmt":"2025-02-25T12:59:41","slug":"golf","status":"publish","type":"page","link":"https:\/\/kylat.ekarjala.fi\/rautio\/harrastukset\/golf\/","title":{"rendered":"Golf"},"content":{"rendered":"<p>Imatran Golf- kentt\u00e4 sijaitsee aivan Rautionkyl\u00e4n kupeessa, Immalanj\u00e4rven rannnalla.<\/p>\n<p>Imatran Golf- kent\u00e4n kotisivut, <a href=\"http:\/\/www.imatrangolf.fi\/\" target=\"_blank\" rel=\"noopener\">paina t\u00e4st\u00e4<\/a><\/p>\n","protected":false},"excerpt":{"rendered":"<p>Imatran Golf- kentt\u00e4 sijaitsee aivan Rautionkyl\u00e4n kupeessa, Immalanj\u00e4rven rannnalla. Imatran Golf- kent\u00e4n kotisivut, paina t\u00e4st\u00e4<\/p>\n","protected":false},"author":28,"featured_media":0,"parent":38,"menu_order":4,"comment_status":"open","ping_status":"open","template":"","meta":{"footnotes":""},"class_list":["post-94","page","type-page","status-publish","hentry"],"_links":{"self":[{"href":"https:\/\/kylat.ekarjala.fi\/rautio\/wp-json\/wp\/v2\/pages\/94","targetHints":{"allow":["GET"]}}],"collection":[{"href":"https:\/\/kylat.ekarjala.fi\/rautio\/wp-json\/wp\/v2\/pages"}],"about":[{"href":"https:\/\/kylat.ekarjala.fi\/rautio\/wp-json\/wp\/v2\/types\/page"}],"author":[{"embeddable":true,"href":"https:\/\/kylat.ekarjala.fi\/rautio\/wp-json\/wp\/v2\/users\/28"}],"replies":[{"embeddable":true,"href":"https:\/\/kylat.ekarjala.fi\/rautio\/wp-json\/wp\/v2\/comments?post=94"}],"version-history":[{"count":4,"href":"https:\/\/kylat.ekarjala.fi\/rautio\/wp-json\/wp\/v2\/pages\/94\/revisions"}],"predecessor-version":[{"id":1539,"href":"https:\/\/kylat.ekarjala.fi\/rautio\/wp-json\/wp\/v2\/pages\/94\/revisions\/1539"}],"up":[{"embeddable":true,"href":"https:\/\/kylat.ekarjala.fi\/rautio\/wp-json\/wp\/v2\/pages\/38"}],"wp:attachment":[{"href":"https:\/\/kylat.ekarjala.fi\/rautio\/wp-json\/wp\/v2\/media?parent=94"}],"curies":[{"name":"wp","href":"https:\/\/api.w.org\/{rel}","templated":true}]}}