{"id":13,"date":"2011-07-09T16:04:02","date_gmt":"2011-07-09T14:04:02","guid":{"rendered":"https:\/\/kylat.ekarjala.fi\/rehula\/?page_id=13"},"modified":"2025-09-02T10:33:07","modified_gmt":"2025-09-02T08:33:07","slug":"kylien-yhdistys","status":"publish","type":"page","link":"https:\/\/kylat.ekarjala.fi\/rehula\/kylien-yhdistys\/","title":{"rendered":"Kylien yhdistys"},"content":{"rendered":"<p style=\"text-align: justify\">Rehulan Seudyn Kyl\u00e4t ry:n toiminnan tarkoitus on kylien asukkaiden yleisten elinmahdollisuuksien kehitt\u00e4minen ja yleisen hyvinvoinnin edist\u00e4minen lis\u00e4\u00e4m\u00e4ll\u00e4 harrastus- ja kulttuuritoimintaa, yhteisty\u00f6t\u00e4 ja omatoimisuutta ja n\u00e4in parantaa kylien elinmahdollisuuksia ja viihtyvyytt\u00e4.<\/p>\n<p>&nbsp;<\/p>\n<p><strong>Yhdistyksen hallitus 2025:<\/strong><br \/>\nPuheenjohtaja:<br \/>\nJari Kauppinen<br \/>\nLivontie 250c<br \/>\n54920 TAIPALSAARI<br \/>\n044 760 1299<br \/>\njari.kauppinen55@gmail.com<\/p>\n<p>Varapuheenjohtaja:<br \/>\nMatti Soljasalo<\/p>\n<p>Sihteeri-rahastonhoitaja:<br \/>\nSenja Eronen<\/p>\n<p>Varsinaiset j\u00e4senet:<br \/>\nAiri Kauppinen, Antti Nieminen, Antti Rehunen, Jorma Eronen, Matti Soljasalo, Pekka Hulkkonen, Sirpa Vesterinen, Terhi Pellikka<\/p>\n<p>&nbsp;<\/p>\n<p><strong>Vuosikokousten p\u00f6yt\u00e4kirjat<\/strong> tulevat n\u00e4ille sivuille kaikkien n\u00e4ht\u00e4ville:<\/p>\n<ul>\n<li><a href=\"https:\/\/kylat.ekarjala.fi\/rehula\/wp-content\/uploads\/sites\/14\/2011\/07\/vuosikokous-2015.pdf\">Vuosikokous 2015<\/a><\/li>\n<li><a href=\"https:\/\/kylat.ekarjala.fi\/rehula\/wp-content\/uploads\/sites\/14\/2011\/07\/2014-p\u00f6yt\u00e4kirja.doc\">Vuosikokous 2014<\/a><\/li>\n<li><a href=\"https:\/\/kylat.ekarjala.fi\/rehula\/wp-content\/uploads\/sites\/14\/2011\/07\/Vuosikokous-2013.pdf\">Vuosikokous 2013<\/a><\/li>\n<li><a href=\"https:\/\/kylat.ekarjala.fi\/rehula\/wp-content\/uploads\/sites\/14\/2011\/07\/Rehula-vuosikokous-290312.doc\">Vuosikokous 2012<\/a><\/li>\n<li><a href=\"https:\/\/kylat.ekarjala.fi\/rehula\/wp-content\/uploads\/sites\/14\/2011\/07\/Vuosikokous-2011-p\u00f6yt\u00e4kirja2.doc\">Vuosikokous 2011<\/a><\/li>\n<\/ul>\n","protected":false},"excerpt":{"rendered":"<p>Rehulan Seudyn Kyl\u00e4t ry:n toiminnan tarkoitus on kylien asukkaiden yleisten elinmahdollisuuksien kehitt\u00e4minen ja yleisen hyvinvoinnin edist\u00e4minen lis\u00e4\u00e4m\u00e4ll\u00e4 harrastus- ja kulttuuritoimintaa, yhteisty\u00f6t\u00e4 ja omatoimisuutta ja n\u00e4in parantaa kylien elinmahdollisuuksia ja viihtyvyytt\u00e4. &nbsp; Yhdistyksen hallitus 2025: Puheenjohtaja: Jari Kauppinen Livontie 250c 54920 &hellip; <a href=\"https:\/\/kylat.ekarjala.fi\/rehula\/kylien-yhdistys\/\">Lue loppuun <span class=\"meta-nav\">&rarr;<\/span><\/a><\/p>\n","protected":false},"author":22,"featured_media":0,"parent":0,"menu_order":0,"comment_status":"closed","ping_status":"closed","template":"","meta":{"footnotes":""},"class_list":["post-13","page","type-page","status-publish","hentry"],"_links":{"self":[{"href":"https:\/\/kylat.ekarjala.fi\/rehula\/wp-json\/wp\/v2\/pages\/13","targetHints":{"allow":["GET"]}}],"collection":[{"href":"https:\/\/kylat.ekarjala.fi\/rehula\/wp-json\/wp\/v2\/pages"}],"about":[{"href":"https:\/\/kylat.ekarjala.fi\/rehula\/wp-json\/wp\/v2\/types\/page"}],"author":[{"embeddable":true,"href":"https:\/\/kylat.ekarjala.fi\/rehula\/wp-json\/wp\/v2\/users\/22"}],"replies":[{"embeddable":true,"href":"https:\/\/kylat.ekarjala.fi\/rehula\/wp-json\/wp\/v2\/comments?post=13"}],"version-history":[{"count":20,"href":"https:\/\/kylat.ekarjala.fi\/rehula\/wp-json\/wp\/v2\/pages\/13\/revisions"}],"predecessor-version":[{"id":931,"href":"https:\/\/kylat.ekarjala.fi\/rehula\/wp-json\/wp\/v2\/pages\/13\/revisions\/931"}],"wp:attachment":[{"href":"https:\/\/kylat.ekarjala.fi\/rehula\/wp-json\/wp\/v2\/media?parent=13"}],"curies":[{"name":"wp","href":"https:\/\/api.w.org\/{rel}","templated":true}]}}