{"id":133,"date":"2011-09-15T18:34:51","date_gmt":"2011-09-15T16:34:51","guid":{"rendered":"https:\/\/kylat.ekarjala.fi\/rehula\/?page_id=133"},"modified":"2014-09-13T13:03:11","modified_gmt":"2014-09-13T11:03:11","slug":"harjula-kylataloksi-hanke","status":"publish","type":"page","link":"https:\/\/kylat.ekarjala.fi\/rehula\/harjula-kylataloksi-hanke\/","title":{"rendered":"Harjula kyl\u00e4taloksi -hanke"},"content":{"rendered":"<p>Harjulan urheilutalo on vuosien 1976-77 talkoovoimann\u00e4yte Saikkolan kyl\u00e4ss\u00e4. T\u00e4t\u00e4 ennen paikalla sijaitsi 50-luvulla rakennettu tanssilava\/urheilutalo, joka paloi 70-luvun alkupuolella. Vuonna 2006 Pomo-rahan avulla kunnostettu Harjulan liikuntasali on urheiluk\u00e4yt\u00f6ss\u00e4, mutta talon p\u00e4\u00e4dyss\u00e4 sijaitseva asunto k\u00e4ytt\u00f6kelvottomassa kunnossa, eiv\u00e4tk\u00e4 keitti\u00f6 ja muut tilat alkuper\u00e4iskuosissaan houkuta k\u00e4ytt\u00e4m\u00e4\u00e4n. Harjula Kyl\u00e4taloksi -hankkeen tavoitteena on lis\u00e4t\u00e4 Harjulan k\u00e4ytt\u00f6arvoa paikallisena vapaa-ajanvietto- ja juhlatilana. Lis\u00e4ksi yhdess\u00e4 talkoilla tekeminen on oiva tilaisuus tavata toisiamme. Rehulan nettisivuille tulee ajankohtaista tietoa hankkeen edistymisest\u00e4,\u00a0<a href=\"https:\/\/kylat.ekarjala.fi\/rehula\/category\/harjula-kylataloksi-hanke\/\" target=\"_blank\">jo julkaistut artikkelit l\u00f6yd\u00e4t klikkaamalla t\u00e4st\u00e4<\/a>.<\/p>\n<p><strong>\u00a0Tavoitteet:<br \/>\n\u2022\u00a0<\/strong>Toimiva tila alueen asukkaille ja yhdistyksille harrastuksiin, kokouksiin, tapahtumiin ja juhliin.<br \/>\n\u2022\u00a0El\u00e4m\u00e4\u00e4 kyl\u00e4lle yhteisen projektin ja sen tuomien mahdollisuuksien my\u00f6t\u00e4.<br \/>\n<strong>\u2022<\/strong>\u00a0Harrastusmahdollisuuksia kaikenik\u00e4isille omalle kyl\u00e4lle.<\/p>\n<p><a href=\"https:\/\/kylat.ekarjala.fi\/rehula\/wp-content\/uploads\/sites\/14\/2011\/09\/Harjula-kyl\u00e4taloksi-hakemus.pdf\"><span style=\"text-decoration: underline\"><strong>2011 HANKESUUNNITELMA<\/strong><\/span><\/a><\/p>\n<p><a href=\"https:\/\/kylat.ekarjala.fi\/rehula\/wp-content\/uploads\/sites\/14\/2011\/09\/Harjula-hanke-raportti-2013.pdf\"><span style=\"text-decoration: underline\"><strong>2013 V\u00c4LIRAPORTTI<\/strong><\/span><\/a><\/p>\n<p><a href=\"https:\/\/kylat.ekarjala.fi\/rehula\/wp-content\/uploads\/sites\/14\/2011\/09\/Harjula-v\u00e4liraportti-2014-07-31.pdf\"><span style=\"text-decoration: underline\"><strong>2014 V\u00c4LIRAPORTTI<\/strong><\/span><\/a><\/p>\n<p>[iframe_loader width=&#8221;500&#8243; height=&#8221;350&#8243; frameborder=&#8221;0&#8243; scrolling=&#8221;no&#8221; marginheight=&#8221;0&#8243; marginwidth=&#8221;0&#8243; src=&#8221;https:\/\/maps.google.fi\/maps\/ms?msid=203498235192867767331.00046bc4adc89a3e1fe6a&amp;msa=0&amp;hl=fi&amp;ie=UTF8&amp;t=h&amp;ll=61.222999,28.081656&amp;spn=0.016528,0.044975&amp;z=14&amp;output=embed&#8221;]<br \/>\n<small><a style=\"color: #0000ff;text-align: left\" href=\"https:\/\/maps.google.fi\/maps\/ms?msid=203498235192867767331.00046bc4adc89a3e1fe6a&amp;msa=0&amp;hl=fi&amp;ie=UTF8&amp;ll=61.223206,28.081441&amp;spn=0,0&amp;t=h&amp;source=embed\">Katso Harjulan Urheilutaloa suuremmalta kartalta.<\/a><\/small><\/p>\n","protected":false},"excerpt":{"rendered":"<p>Harjulan urheilutalo on vuosien 1976-77 talkoovoimann\u00e4yte Saikkolan kyl\u00e4ss\u00e4. T\u00e4t\u00e4 ennen paikalla sijaitsi 50-luvulla rakennettu tanssilava\/urheilutalo, joka paloi 70-luvun alkupuolella. Vuonna 2006 Pomo-rahan avulla kunnostettu Harjulan liikuntasali on urheiluk\u00e4yt\u00f6ss\u00e4, mutta talon p\u00e4\u00e4dyss\u00e4 sijaitseva asunto k\u00e4ytt\u00f6kelvottomassa kunnossa, eiv\u00e4tk\u00e4 keitti\u00f6 ja muut tilat &hellip; <a href=\"https:\/\/kylat.ekarjala.fi\/rehula\/harjula-kylataloksi-hanke\/\">Lue loppuun <span class=\"meta-nav\">&rarr;<\/span><\/a><\/p>\n","protected":false},"author":42,"featured_media":0,"parent":0,"menu_order":1,"comment_status":"closed","ping_status":"open","template":"","meta":{"footnotes":""},"class_list":["post-133","page","type-page","status-publish","hentry"],"_links":{"self":[{"href":"https:\/\/kylat.ekarjala.fi\/rehula\/wp-json\/wp\/v2\/pages\/133","targetHints":{"allow":["GET"]}}],"collection":[{"href":"https:\/\/kylat.ekarjala.fi\/rehula\/wp-json\/wp\/v2\/pages"}],"about":[{"href":"https:\/\/kylat.ekarjala.fi\/rehula\/wp-json\/wp\/v2\/types\/page"}],"author":[{"embeddable":true,"href":"https:\/\/kylat.ekarjala.fi\/rehula\/wp-json\/wp\/v2\/users\/42"}],"replies":[{"embeddable":true,"href":"https:\/\/kylat.ekarjala.fi\/rehula\/wp-json\/wp\/v2\/comments?post=133"}],"version-history":[{"count":22,"href":"https:\/\/kylat.ekarjala.fi\/rehula\/wp-json\/wp\/v2\/pages\/133\/revisions"}],"predecessor-version":[{"id":354,"href":"https:\/\/kylat.ekarjala.fi\/rehula\/wp-json\/wp\/v2\/pages\/133\/revisions\/354"}],"wp:attachment":[{"href":"https:\/\/kylat.ekarjala.fi\/rehula\/wp-json\/wp\/v2\/media?parent=133"}],"curies":[{"name":"wp","href":"https:\/\/api.w.org\/{rel}","templated":true}]}}