{"id":27,"date":"2011-07-09T16:20:08","date_gmt":"2011-07-09T14:20:08","guid":{"rendered":"https:\/\/kylat.ekarjala.fi\/rehula\/?page_id=27"},"modified":"2018-01-15T13:42:27","modified_gmt":"2018-01-15T11:42:27","slug":"yhteydenotto-linkkilista","status":"publish","type":"page","link":"https:\/\/kylat.ekarjala.fi\/rehula\/yhteydenotto-linkkilista\/","title":{"rendered":"Yhteydenotto &amp; linkkilista"},"content":{"rendered":"<p>Tavoitteenamme on kotisivujen kautta tavoittaa mahdollisimman monet kyl\u00e4l\u00e4iset, kes\u00e4asukkaat, sukulaiset ja yst\u00e4v\u00e4t, sek\u00e4 tietenkin\u00a0tiedottaa kyl\u00e4mme tapahtumista.<\/p>\n<p>Toivomme palautetta sivuista sek\u00e4 lis\u00e4\u00e4 aiheita, linkkej\u00e4, paikallisten yritysten ja yhdistysten tietoja\u00a0sek\u00e4 tietenkin aktiivisuutta\u00a0omilta kyl\u00e4l\u00e4isilt\u00e4mme. Erityisesti valokuvia saa ja tulee l\u00e4hett\u00e4\u00e4 Rehulan kauniista seudusta ja sen tapahtumista.\u00a0Kiitos!<\/p>\n<p>Voit kommentoida etusivun artikkeleita niiss\u00e4 suoraan, mutta tarvittaessa tavoitat sivuston\u00a0Yll\u00e4pidon\u00a0s\u00e4hk\u00f6postitse osoitteesta <strong>web.rehula[a]gmail.com<\/strong>.<\/p>\n<p>Jos sinulta l\u00f6ytyy tontti, jonka haluaisit myyd\u00e4 niin\u00a0ilmoita\u00a0Kylienyhdistyksen\u00a0<a href=\"https:\/\/kylat.ekarjala.fi\/rehula\/?page_id=13\">sihteerille tai puheenjohtajalle<\/a>. Ilmoituksessa tulee olla ote maastokartasta johon tontti on rajattu, osoite, pinta-ala ja myyj\u00e4n yhteystiedot.<\/p>\n<p>&nbsp;<\/p>\n<p><strong>Linkkilista:<\/strong><\/p>\n<ul>\n<li><a href=\"https:\/\/kylat.ekarjala.fi\/\" target=\"_blank\" rel=\"noopener\">Etel\u00e4-Karjalan Kyl\u00e4t ry<\/a><\/li>\n<li><a href=\"http:\/\/www.ekliitto.fi\/\" target=\"_blank\" rel=\"noopener\">Etel\u00e4-Karjalan Liitto<\/a><\/li>\n<li><a href=\"http:\/\/www.gotaipalsaari.fi\/\" target=\"_blank\" rel=\"noopener\">goTaipalsaari<\/a><\/li>\n<li><a href=\"http:\/\/www.karhupirtit.com\/\" target=\"_blank\" rel=\"noopener\">Karhupirtit Oy<\/a><\/li>\n<li><a href=\"http:\/\/kuvapankki.ekarjala.fi\/main.php?g2_itemId=7904\" target=\"_blank\" rel=\"noopener\">Kuvapankki &#8211; Rehula<\/a><\/li>\n<li><a href=\"http:\/\/www.ekarjala.fi\/\" target=\"_blank\" rel=\"noopener\">Maakuntaportaali<\/a><\/li>\n<li><a href=\"http:\/\/www.lappeenranta.fi\/Suomeksi\/Palvelut\/Ymparisto_ja_elaimet\/Pien-Saimaa\/Pien-Saimaan_kuormituksen_vahentamishanke_PISA_2013.iw3\" target=\"_blank\" rel=\"noopener\">PISA 2013<\/a><\/li>\n<li><a href=\"http:\/\/www.paivolanratsutila.fi\/\" target=\"_blank\" rel=\"noopener\">P\u00e4iv\u00f6l\u00e4n Ratsutila<\/a><\/li>\n<li><a href=\"http:\/\/kyl\u00e4toiminta.fi\" target=\"_blank\" rel=\"noopener\">Suomen Kyl\u00e4toiminta ry<\/a><\/li>\n<li><a href=\"http:\/\/www.taipalsaari.fi\/\" target=\"_blank\" rel=\"noopener\">Taipalsaaren kunta<\/a><\/li>\n<li><a href=\"http:\/\/palvelut.ekarjala.fi\/index.php?option=com_kylatalo&amp;task=view_list&amp;city_id=831&amp;sort=name&amp;ad=ASC\" target=\"_blank\" rel=\"noopener\">Taipalsaaren kyl\u00e4talot<\/a><\/li>\n<li><a href=\"http:\/\/www.maaseutuseurat.fi\/\" target=\"_blank\" rel=\"noopener\">Taipalsaaren maaseutuseurat<\/a><\/li>\n<li><a title=\"Tendea\" href=\"http:\/\/www.tendea.fi\" target=\"_blank\" rel=\"noopener\">Tendea<\/a><\/li>\n<li><a href=\"http:\/\/yhdistysinfo.fi\/\" target=\"_blank\" rel=\"noopener\">Yhdistysinfo<\/a><\/li>\n<\/ul>\n","protected":false},"excerpt":{"rendered":"<p>Tavoitteenamme on kotisivujen kautta tavoittaa mahdollisimman monet kyl\u00e4l\u00e4iset, kes\u00e4asukkaat, sukulaiset ja yst\u00e4v\u00e4t, sek\u00e4 tietenkin\u00a0tiedottaa kyl\u00e4mme tapahtumista. Toivomme palautetta sivuista sek\u00e4 lis\u00e4\u00e4 aiheita, linkkej\u00e4, paikallisten yritysten ja yhdistysten tietoja\u00a0sek\u00e4 tietenkin aktiivisuutta\u00a0omilta kyl\u00e4l\u00e4isilt\u00e4mme. Erityisesti valokuvia saa ja tulee l\u00e4hett\u00e4\u00e4 Rehulan kauniista seudusta &hellip; <a href=\"https:\/\/kylat.ekarjala.fi\/rehula\/yhteydenotto-linkkilista\/\">Lue loppuun <span class=\"meta-nav\">&rarr;<\/span><\/a><\/p>\n","protected":false},"author":22,"featured_media":0,"parent":0,"menu_order":2,"comment_status":"closed","ping_status":"closed","template":"","meta":{"footnotes":""},"class_list":["post-27","page","type-page","status-publish","hentry"],"_links":{"self":[{"href":"https:\/\/kylat.ekarjala.fi\/rehula\/wp-json\/wp\/v2\/pages\/27","targetHints":{"allow":["GET"]}}],"collection":[{"href":"https:\/\/kylat.ekarjala.fi\/rehula\/wp-json\/wp\/v2\/pages"}],"about":[{"href":"https:\/\/kylat.ekarjala.fi\/rehula\/wp-json\/wp\/v2\/types\/page"}],"author":[{"embeddable":true,"href":"https:\/\/kylat.ekarjala.fi\/rehula\/wp-json\/wp\/v2\/users\/22"}],"replies":[{"embeddable":true,"href":"https:\/\/kylat.ekarjala.fi\/rehula\/wp-json\/wp\/v2\/comments?post=27"}],"version-history":[{"count":19,"href":"https:\/\/kylat.ekarjala.fi\/rehula\/wp-json\/wp\/v2\/pages\/27\/revisions"}],"predecessor-version":[{"id":866,"href":"https:\/\/kylat.ekarjala.fi\/rehula\/wp-json\/wp\/v2\/pages\/27\/revisions\/866"}],"wp:attachment":[{"href":"https:\/\/kylat.ekarjala.fi\/rehula\/wp-json\/wp\/v2\/media?parent=27"}],"curies":[{"name":"wp","href":"https:\/\/api.w.org\/{rel}","templated":true}]}}