{"id":17,"date":"2014-12-05T09:29:36","date_gmt":"2014-12-05T07:29:36","guid":{"rendered":"https:\/\/kylat.ekarjala.fi\/ruokolahdenkylat\/?page_id=17"},"modified":"2014-12-05T09:29:36","modified_gmt":"2014-12-05T07:29:36","slug":"oritlammen-seutu","status":"publish","type":"page","link":"https:\/\/kylat.ekarjala.fi\/ruokolahdenkylat\/oritlammen-seutu\/","title":{"rendered":"Oritlammen seutu"},"content":{"rendered":"<p><a href=\"https:\/\/kylat.ekarjala.fi\/ruokolahdenkylat\/wp-content\/uploads\/sites\/76\/2014\/12\/oritlampi.jpg\"><img loading=\"lazy\" decoding=\"async\" class=\"size-thumbnail wp-image-19 alignright\" src=\"https:\/\/kylat.ekarjala.fi\/ruokolahdenkylat\/wp-content\/uploads\/sites\/76\/2014\/12\/oritlampi-150x150.jpg\" alt=\"oritlampi\" width=\"150\" height=\"150\" \/><\/a>Oritlammen seudun kyl\u00e4t, Oritlammen taajama-alue ja Koholanm\u00e4en ja J\u00e4ppisenm\u00e4en kyl\u00e4t, rajoittuvat K\u00e4rinki- ja Pien-K\u00e4rinkij\u00e4rviin. Alueella asuu noin 300 asukasta. Hyv\u00e4t marja- ja sienimets\u00e4t avautuvat kotiportin takana ja vaihtelevassa harjumaastossa on mukava ulkoilla.<\/p>\n<p>Kyl\u00e4l\u00e4iset tuntevat toisensa, ja naapuriapua on helppo pyyt\u00e4\u00e4. Omakotitalojen lis\u00e4ksi Oritlammen rannalla on kunnan rivitaloasuntoja. Ruokolahden kunta myy tontteja taajama-alueelta.<\/p>\n<p>Kyl\u00e4ll\u00e4 toimii kahvila-ravintola, jossa on asiamiesposti, sek\u00e4 taksi, pari perhep\u00e4iv\u00e4hoitajaa ja el\u00e4inhoitola. Koulussa lapset k\u00e4yv\u00e4t 5 km:n p\u00e4\u00e4ss\u00e4 Puntalassa. Kirjasto- ja j\u00e4\u00e4tel\u00f6auto k\u00e4yv\u00e4t kyl\u00e4ll\u00e4.<\/p>\n<p>L\u00e4himm\u00e4t peruspalvelut l\u00f6ytyv\u00e4t Ruokolahden keskustasta Rasilasta 10 km:n p\u00e4\u00e4st\u00e4 ja Vuoksenniskalta, jonne matkaa on 8 km. Liikenneyhteydet ovat hyv\u00e4t, sill\u00e4 6-tie kulkee kyl\u00e4n halki ja taajamiin johtavat hyv\u00e4kuntoiset kevyenliikenteen v\u00e4yl\u00e4t. Ne ovat my\u00f6s py\u00f6r\u00e4ilij\u00f6iden ja rullaluistelijoiden suosiossa.<\/p>\n<p>Alueella on kaksi teollisuusaluetta: puun k\u00e4sittelyyn erikoistunut Koivukeskus ja Pajatien teollisuusalue, jossa on useita puu-, muovi- ja metallialan yrityksi\u00e4 sek\u00e4 korjaamo- ja kuljetusyrityksi\u00e4.<\/p>\n<p><strong>Mainiot ulkoilupolut ja hiihtoladut<\/strong><\/p>\n<p><img loading=\"lazy\" decoding=\"async\" class=\"size-thumbnail wp-image-18 alignright\" src=\"https:\/\/kylat.ekarjala.fi\/ruokolahdenkylat\/wp-content\/uploads\/sites\/76\/2014\/12\/oritlampi2-150x150.jpg\" alt=\"oritlampi2\" width=\"150\" height=\"150\" \/>Oritlampi<br \/>\nOritlammen alueella on hyv\u00e4t ulkoilumahdollisuudet. Talviliikkujalle l\u00f6ytyy leppoisia sunnuntaihiihtolatuja, mutta my\u00f6s vaativampia latuja todelliseen kunnon kohotukseen. Hiiht\u00e4jien ja ulkoilijoiden huoltotilana palvelee vuonna 2002 valmistunut kota, jossa on mahdollisuus vaikka kahvinkeittoon ja makkaranpaistoon nuotiolla. Puntalantien varrella sijaitsee kaukalo, jossa riitt\u00e4\u00e4 tilaa sek\u00e4 taitoluistelukuvioiden hiomiseen ett\u00e4 reippaaseen menoon kiekon per\u00e4ss\u00e4. Alueen j\u00e4rvet ja kirkasvetiset lammet tarjoavat hienot kalastuspaikat.<\/p>\n<p>Kes\u00e4isin valaistun ladun pohja toimii mainiona kuntoratana. Sen lis\u00e4ksi kotamontulta l\u00e4htee n. 10 km pituinen kuntopolku, jonka varrelta l\u00f6ytyy taukolaavu nuotiopaikkoineen. Uimarannalla on beach volley -kentt\u00e4, grillikatos ja lapsille keinut.<\/p>\n<p>Alueella toimivat Oritlammen Seudun Kyl\u00e4yhdistys, martat, Ruokolahden Rajun Immalan kyl\u00e4osasto sek\u00e4 mets\u00e4stysseura.<\/p>\n","protected":false},"excerpt":{"rendered":"<p>Oritlammen seudun kyl\u00e4t, Oritlammen taajama-alue ja Koholanm\u00e4en ja J\u00e4ppisenm\u00e4en kyl\u00e4t, rajoittuvat K\u00e4rinki- ja Pien-K\u00e4rinkij\u00e4rviin. Alueella asuu noin 300 asukasta. Hyv\u00e4t marja- ja sienimets\u00e4t avautuvat kotiportin takana ja vaihtelevassa harjumaastossa on mukava ulkoilla. Kyl\u00e4l\u00e4iset tuntevat toisensa, ja naapuriapua on helppo pyyt\u00e4\u00e4. &hellip; <a href=\"https:\/\/kylat.ekarjala.fi\/ruokolahdenkylat\/oritlammen-seutu\/\">Lue loppuun <span class=\"meta-nav\">&rarr;<\/span><\/a><\/p>\n","protected":false},"author":1,"featured_media":0,"parent":0,"menu_order":0,"comment_status":"open","ping_status":"closed","template":"","meta":{"footnotes":""},"class_list":["post-17","page","type-page","status-publish","hentry"],"_links":{"self":[{"href":"https:\/\/kylat.ekarjala.fi\/ruokolahdenkylat\/wp-json\/wp\/v2\/pages\/17","targetHints":{"allow":["GET"]}}],"collection":[{"href":"https:\/\/kylat.ekarjala.fi\/ruokolahdenkylat\/wp-json\/wp\/v2\/pages"}],"about":[{"href":"https:\/\/kylat.ekarjala.fi\/ruokolahdenkylat\/wp-json\/wp\/v2\/types\/page"}],"author":[{"embeddable":true,"href":"https:\/\/kylat.ekarjala.fi\/ruokolahdenkylat\/wp-json\/wp\/v2\/users\/1"}],"replies":[{"embeddable":true,"href":"https:\/\/kylat.ekarjala.fi\/ruokolahdenkylat\/wp-json\/wp\/v2\/comments?post=17"}],"version-history":[{"count":1,"href":"https:\/\/kylat.ekarjala.fi\/ruokolahdenkylat\/wp-json\/wp\/v2\/pages\/17\/revisions"}],"predecessor-version":[{"id":20,"href":"https:\/\/kylat.ekarjala.fi\/ruokolahdenkylat\/wp-json\/wp\/v2\/pages\/17\/revisions\/20"}],"wp:attachment":[{"href":"https:\/\/kylat.ekarjala.fi\/ruokolahdenkylat\/wp-json\/wp\/v2\/media?parent=17"}],"curies":[{"name":"wp","href":"https:\/\/api.w.org\/{rel}","templated":true}]}}