{"id":2,"date":"2014-12-05T07:23:10","date_gmt":"2014-12-05T07:23:10","guid":{"rendered":"https:\/\/kylat.ekarjala.fi\/ruokolahdenkylat\/?page_id=2"},"modified":"2014-12-05T09:26:04","modified_gmt":"2014-12-05T07:26:04","slug":"esimerkkisivu","status":"publish","type":"page","link":"https:\/\/kylat.ekarjala.fi\/ruokolahdenkylat\/","title":{"rendered":"KYL\u00c4ILEM\u00c4\u00c4N RUOKOLAHDELLE!"},"content":{"rendered":"<p>Suureen kuntaan mahtuu monta kyl\u00e4\u00e4. Ruokolahdella on toimivia kyl\u00e4toimikuntia ja -yhdistyksi\u00e4 20. Toiminta-alueellaan kyl\u00e4t ovat merkitt\u00e4vi\u00e4 yhteisten asioiden eteenp\u00e4in vieji\u00e4 ja yhteisen toiminnan j\u00e4rjest\u00e4ji\u00e4. Aktiiviset kyl\u00e4t auttavat koko kuntaa kehittym\u00e4\u00e4n!<\/p>\n<p><img loading=\"lazy\" decoding=\"async\" class=\"size-thumbnail wp-image-7 alignright\" src=\"https:\/\/kylat.ekarjala.fi\/ruokolahdenkylat\/wp-content\/uploads\/sites\/76\/2014\/12\/etusivu-150x150.jpg\" alt=\"etusivu\" width=\"150\" height=\"150\" \/>Ruokolahti on pinta-alaltaan Etel\u00e4-Suomen l\u00e4\u00e4nin suurin kunta. Ruokolahdella asuu 6000 asukasta, joista taajamissa Kirkonseutu, Salosaari, Oritlampi ja Huhtasenkyl\u00e4 noin 3700 kpl.<\/p>\n<p>Kes\u00e4isin kunnan v\u00e4kiluku voi kaksinkertaistua. Rannoilla on reilut 3000 kes\u00e4m\u00f6kki\u00e4, sill\u00e4 kunnan alueella on Saimaata ja noin 500 j\u00e4rve\u00e4. Rantaviivaa riitt\u00e4\u00e4 m\u00e4\u00e4r\u00e4llisesti t\u00e4\u00e4lt\u00e4 Lapin perukoille asti!<\/p>\n<p><img loading=\"lazy\" decoding=\"async\" class=\"size-thumbnail wp-image-6 alignright\" src=\"https:\/\/kylat.ekarjala.fi\/ruokolahdenkylat\/wp-content\/uploads\/sites\/76\/2014\/12\/etusivu2-150x150.jpg\" alt=\"etusivu2\" width=\"150\" height=\"150\" \/>Ruokolahti on tunnettu hyvist\u00e4 luonto-ohjelmapalveluistaan, retkeily-, melonta- ja hiihtomahdollisuuksistaan, leijonasta, kauniista kirkonseudusta ja sen historiaan liittyvist\u00e4 eukoista.<\/p>\n<p>N\u00e4m\u00e4 kyl\u00e4sivut antavat tietoa kylien palveluista, tuotteista ja toiminnasta niin kuntalaiselle, kes\u00e4asukkaalle kuin matkailijallekin. Lis\u00e4tietoja saa kunnan omilta sivuilta www.ruokolahti.fi<\/p>\n","protected":false},"excerpt":{"rendered":"<p>Suureen kuntaan mahtuu monta kyl\u00e4\u00e4. Ruokolahdella on toimivia kyl\u00e4toimikuntia ja -yhdistyksi\u00e4 20. Toiminta-alueellaan kyl\u00e4t ovat merkitt\u00e4vi\u00e4 yhteisten asioiden eteenp\u00e4in vieji\u00e4 ja yhteisen toiminnan j\u00e4rjest\u00e4ji\u00e4. Aktiiviset kyl\u00e4t auttavat koko kuntaa kehittym\u00e4\u00e4n! Ruokolahti on pinta-alaltaan Etel\u00e4-Suomen l\u00e4\u00e4nin suurin kunta. Ruokolahdella asuu 6000 &hellip; <a href=\"https:\/\/kylat.ekarjala.fi\/ruokolahdenkylat\/\">Lue loppuun <span class=\"meta-nav\">&rarr;<\/span><\/a><\/p>\n","protected":false},"author":144,"featured_media":0,"parent":0,"menu_order":0,"comment_status":"open","ping_status":"open","template":"","meta":{"footnotes":""},"class_list":["post-2","page","type-page","status-publish","hentry"],"_links":{"self":[{"href":"https:\/\/kylat.ekarjala.fi\/ruokolahdenkylat\/wp-json\/wp\/v2\/pages\/2","targetHints":{"allow":["GET"]}}],"collection":[{"href":"https:\/\/kylat.ekarjala.fi\/ruokolahdenkylat\/wp-json\/wp\/v2\/pages"}],"about":[{"href":"https:\/\/kylat.ekarjala.fi\/ruokolahdenkylat\/wp-json\/wp\/v2\/types\/page"}],"author":[{"embeddable":true,"href":"https:\/\/kylat.ekarjala.fi\/ruokolahdenkylat\/wp-json\/wp\/v2\/users\/144"}],"replies":[{"embeddable":true,"href":"https:\/\/kylat.ekarjala.fi\/ruokolahdenkylat\/wp-json\/wp\/v2\/comments?post=2"}],"version-history":[{"count":1,"href":"https:\/\/kylat.ekarjala.fi\/ruokolahdenkylat\/wp-json\/wp\/v2\/pages\/2\/revisions"}],"predecessor-version":[{"id":8,"href":"https:\/\/kylat.ekarjala.fi\/ruokolahdenkylat\/wp-json\/wp\/v2\/pages\/2\/revisions\/8"}],"wp:attachment":[{"href":"https:\/\/kylat.ekarjala.fi\/ruokolahdenkylat\/wp-json\/wp\/v2\/media?parent=2"}],"curies":[{"name":"wp","href":"https:\/\/api.w.org\/{rel}","templated":true}]}}