{"id":21,"date":"2014-12-05T09:30:40","date_gmt":"2014-12-05T07:30:40","guid":{"rendered":"https:\/\/kylat.ekarjala.fi\/ruokolahdenkylat\/?page_id=21"},"modified":"2014-12-05T09:30:40","modified_gmt":"2014-12-05T07:30:40","slug":"pohjalankila","status":"publish","type":"page","link":"https:\/\/kylat.ekarjala.fi\/ruokolahdenkylat\/pohjalankila\/","title":{"rendered":"Pohjalankila"},"content":{"rendered":"<p><a href=\"https:\/\/kylat.ekarjala.fi\/ruokolahdenkylat\/wp-content\/uploads\/sites\/76\/2014\/12\/pohjalankila.jpg\"><img loading=\"lazy\" decoding=\"async\" class=\"size-thumbnail wp-image-22 alignright\" src=\"https:\/\/kylat.ekarjala.fi\/ruokolahdenkylat\/wp-content\/uploads\/sites\/76\/2014\/12\/pohjalankila-150x150.jpg\" alt=\"pohjalankila\" width=\"150\" height=\"150\" \/><\/a> Pohjalankilan mets\u00e4iseen maastoon tuovat vaihtelua pienet j\u00e4rvet ja peltotilkut. Kyl\u00e4 sijaitsee Ruokolahden koillisosassa, vain 30 km:n p\u00e4\u00e4ss\u00e4 Imatralta.<\/p>\n<p>Aktiiviset pohjalankilalaiset ovat yhteistuumin kehitt\u00e4neet kyl\u00e4\u00e4ns\u00e4. Ymp\u00e4rist\u00f6\u00e4 on hoidettu mm. maisemoimalla Torsanp\u00e4\u00e4n virkistysalue. Kyl\u00e4tupa on kunnostettu ja talkoovoimin saatiin kyl\u00e4n raitille my\u00f6s valot. Vesilintuja voi tiirailla kyl\u00e4n pohjoispuolella olevan Alasenj\u00e4rven lintutornista ja Hukkavuorella kulkevat Matti P\u00e4ivisen rakentamat 5 ja 8 km:n luontopolut vaihtelevassa maastossa. Taukoa voi pit\u00e4\u00e4 vaikkapa Hukkavuoren laella.<\/p>\n<p>160 asukkaan kyl\u00e4ss\u00e4 on perhep\u00e4iv\u00e4hoitaja ja kahvila, jossa on elintarvikemyynti\u00e4, sek\u00e4 majoituspalveluyritys. Lis\u00e4ksi kyl\u00e4ll\u00e4 toimii useita pienyritt\u00e4ji\u00e4, mm. luontopalveluyritt\u00e4j\u00e4, hieroja, parturi-kampaamo ja autokorjaamo sek\u00e4 maa- ja mets\u00e4talous-, kuljetus-, kaivuri- ja rakennus- ja sahayritt\u00e4ji\u00e4.<\/p>\n<p>Pohja-Lankilassa asuinrakennukset sijaitsevat p\u00e4\u00e4osin m\u00e4kien p\u00e4\u00e4ll\u00e4. &#8221;Vastaanottoasunnoksi&#8221; tarjotaan kunnan viiden asunnon vuokrarivitaloa, josta k\u00e4sin voi rakentaa oman talon parhaaksi katsomalleen paikalle. Kyl\u00e4ss\u00e4 on myynniss\u00e4 yli 10 hyv\u00e4\u00e4, merkitty\u00e4 tonttia ja kiinteist\u00f6j\u00e4.<\/p>\n<p><strong>Vilkasta yhteisstoimintaa<\/strong><\/p>\n<p><img loading=\"lazy\" decoding=\"async\" class=\"size-thumbnail wp-image-23 alignright\" src=\"https:\/\/kylat.ekarjala.fi\/ruokolahdenkylat\/wp-content\/uploads\/sites\/76\/2014\/12\/pohjalankila2-150x150.jpg\" alt=\"pohjalankila2\" width=\"150\" height=\"150\" \/>Harrastus- ja liikuntamahdollisuudet ovat hyv\u00e4t. Kansalaisopisto j\u00e4rjest\u00e4\u00e4 jumppaa, k\u00e4sit\u00f6it\u00e4 ja englantiakin voi opiskella. Lentopalloillat ovat suosittu yhteinen liikuntamuoto. J\u00e4\u00e4kiekkokaukalo, kansanhiihto- ja valaistu latu mahdollistavat talvisen ulkoliikunnan. Marjastus-, mets\u00e4stys- ja sienestysmahdollisuudet ovat hyv\u00e4t.<\/p>\n<p>Pohjalankilassa toimivat mm. kyl\u00e4toimikunta, martat, urheiluseura, 4H-kerho, vanhempainyhdistys ja kalaosakaskunta. Yhteisi\u00e4 tapahtumia j\u00e4rjestet\u00e4\u00e4n useita vuodessa: retki\u00e4, kes\u00e4torit ja pilkkikilpailut. Torsanj\u00e4rven rannalla vietet\u00e4\u00e4n mm. rantakalailtoja ja juhannusjuhlat sek\u00e4 vuosittainen luontojumapanpalvelus &#8211; Torsanp\u00e4\u00e4n maakirkko.<\/p>\n<p>Pohja-Lankila valittiin Etel\u00e4-Karjalan vuoden kyl\u00e4ksi 2004.<\/p>\n","protected":false},"excerpt":{"rendered":"<p>Pohjalankilan mets\u00e4iseen maastoon tuovat vaihtelua pienet j\u00e4rvet ja peltotilkut. Kyl\u00e4 sijaitsee Ruokolahden koillisosassa, vain 30 km:n p\u00e4\u00e4ss\u00e4 Imatralta. Aktiiviset pohjalankilalaiset ovat yhteistuumin kehitt\u00e4neet kyl\u00e4\u00e4ns\u00e4. Ymp\u00e4rist\u00f6\u00e4 on hoidettu mm. maisemoimalla Torsanp\u00e4\u00e4n virkistysalue. Kyl\u00e4tupa on kunnostettu ja talkoovoimin saatiin kyl\u00e4n raitille my\u00f6s &hellip; <a href=\"https:\/\/kylat.ekarjala.fi\/ruokolahdenkylat\/pohjalankila\/\">Lue loppuun <span class=\"meta-nav\">&rarr;<\/span><\/a><\/p>\n","protected":false},"author":1,"featured_media":0,"parent":0,"menu_order":0,"comment_status":"open","ping_status":"closed","template":"","meta":{"footnotes":""},"class_list":["post-21","page","type-page","status-publish","hentry"],"_links":{"self":[{"href":"https:\/\/kylat.ekarjala.fi\/ruokolahdenkylat\/wp-json\/wp\/v2\/pages\/21","targetHints":{"allow":["GET"]}}],"collection":[{"href":"https:\/\/kylat.ekarjala.fi\/ruokolahdenkylat\/wp-json\/wp\/v2\/pages"}],"about":[{"href":"https:\/\/kylat.ekarjala.fi\/ruokolahdenkylat\/wp-json\/wp\/v2\/types\/page"}],"author":[{"embeddable":true,"href":"https:\/\/kylat.ekarjala.fi\/ruokolahdenkylat\/wp-json\/wp\/v2\/users\/1"}],"replies":[{"embeddable":true,"href":"https:\/\/kylat.ekarjala.fi\/ruokolahdenkylat\/wp-json\/wp\/v2\/comments?post=21"}],"version-history":[{"count":1,"href":"https:\/\/kylat.ekarjala.fi\/ruokolahdenkylat\/wp-json\/wp\/v2\/pages\/21\/revisions"}],"predecessor-version":[{"id":24,"href":"https:\/\/kylat.ekarjala.fi\/ruokolahdenkylat\/wp-json\/wp\/v2\/pages\/21\/revisions\/24"}],"wp:attachment":[{"href":"https:\/\/kylat.ekarjala.fi\/ruokolahdenkylat\/wp-json\/wp\/v2\/media?parent=21"}],"curies":[{"name":"wp","href":"https:\/\/api.w.org\/{rel}","templated":true}]}}