{"id":25,"date":"2014-12-05T09:31:37","date_gmt":"2014-12-05T07:31:37","guid":{"rendered":"https:\/\/kylat.ekarjala.fi\/ruokolahdenkylat\/?page_id=25"},"modified":"2014-12-05T09:31:37","modified_gmt":"2014-12-05T07:31:37","slug":"puntala-tervakorpi","status":"publish","type":"page","link":"https:\/\/kylat.ekarjala.fi\/ruokolahdenkylat\/puntala-tervakorpi\/","title":{"rendered":"Puntala-Tervakorpi"},"content":{"rendered":"<p><a href=\"https:\/\/kylat.ekarjala.fi\/ruokolahdenkylat\/wp-content\/uploads\/sites\/76\/2014\/12\/puntala2.jpg\"><img loading=\"lazy\" decoding=\"async\" class=\"size-thumbnail wp-image-26 alignright\" src=\"https:\/\/kylat.ekarjala.fi\/ruokolahdenkylat\/wp-content\/uploads\/sites\/76\/2014\/12\/puntala2-150x150.jpg\" alt=\"puntala2\" width=\"150\" height=\"150\" \/><\/a> Muutama minuutti Imatralta moottoritiet\u00e4 pohjoiseen ja pari kilometri\u00e4 6 -tielt\u00e4 maaseudun syd\u00e4meen. Puntalassa on tilaa liikkua, harrastaa tai vaikkapa yritt\u00e4\u00e4. Asuinpaikkojakin l\u00f6ytyy erilaisiin tarpeisiin. Hyv\u00e4t kulkuyhteydet ja vain 10 km:n matka Vuoksenniskalle houkuttelevat asukkaita. Puntalalaiset toteavatkin asuvansa Ruokolahden paratiisissa!<\/p>\n<p>Puntala-Tervakorpi on maaseutumainen 120 asukkaan kyl\u00e4, jota kehitet\u00e4\u00e4n aktiivisesti. Vire\u00e4n 3-opettajaisen koulun lis\u00e4ksi alueella on j\u00e4rjestetty perhep\u00e4iv\u00e4hoito. Kirjastoauto pys\u00e4htyy molemmilla kylill\u00e4 kerran viikossa.<\/p>\n<p><strong>Maalaistoreja, moottorikelkkakisaa ja koiran\u00e4yttely\u00e4<\/strong><\/p>\n<p><img loading=\"lazy\" decoding=\"async\" class=\"size-thumbnail wp-image-27 alignright\" src=\"https:\/\/kylat.ekarjala.fi\/ruokolahdenkylat\/wp-content\/uploads\/sites\/76\/2014\/12\/puntala-150x150.jpg\" alt=\"puntala\" width=\"150\" height=\"150\" \/>Maatalousyritysten lis\u00e4ksi kyl\u00e4ss\u00e4 on hevostalli, autokorjaamo, kone- ja kuljetusyritys, puutarha (kukat ja marjat) sek\u00e4 hiekkapuhallusyritys.<\/p>\n<p>Puntalan ja Tervakorven kyl\u00e4t tarjoavat runsaasti mukavia mets\u00e4polkuja luonnossa liikkumiseen. Syksyll\u00e4 2005 valmistui laavu taukopaikaksi. Talvella kyl\u00e4ll\u00e4 kiert\u00e4v\u00e4t hyv\u00e4t hiihtoladut ja koululla kokoontuu kansalaisopiston liikuntaryhm\u00e4. Ratsastustallilla voi ratsastaa, k\u00e4yd\u00e4 leireill\u00e4 tai seurata ratsastuskilpailuja. Yhdess\u00e4 muiden kanssa voi toimia kyl\u00e4yhdistyksess\u00e4, martoissa ja mets\u00e4stysseurassa. Kyl\u00e4yhdistys j\u00e4rjest\u00e4\u00e4 kes\u00e4ll\u00e4 ja joulun alla maalaistorin Lohelassa. Loppukes\u00e4n suosittu yhteistapahtuma on koiran\u00e4yttely, match show. Kev\u00e4ttalvella seurataan moottorikelkkojen kisaa Puntalan peltoaukeilla.<\/p>\n<p>Puntalan n\u00e4ht\u00e4vyyksi\u00e4 ovat koulun l\u00e4hell\u00e4 sijaitseva kivikirkko sek\u00e4 Haisevan lammen l\u00e4hell\u00e4 sijaitseva luola, jota kyl\u00e4l\u00e4iset k\u00e4yttiv\u00e4t piilopaikkanaan vainolaisten hy\u00f6k\u00e4tess\u00e4. Luola syntyi, kun rantakalliosta louhittiin uunikivi\u00e4.<\/p>\n","protected":false},"excerpt":{"rendered":"<p>Muutama minuutti Imatralta moottoritiet\u00e4 pohjoiseen ja pari kilometri\u00e4 6 -tielt\u00e4 maaseudun syd\u00e4meen. Puntalassa on tilaa liikkua, harrastaa tai vaikkapa yritt\u00e4\u00e4. Asuinpaikkojakin l\u00f6ytyy erilaisiin tarpeisiin. Hyv\u00e4t kulkuyhteydet ja vain 10 km:n matka Vuoksenniskalle houkuttelevat asukkaita. Puntalalaiset toteavatkin asuvansa Ruokolahden paratiisissa! Puntala-Tervakorpi &hellip; <a href=\"https:\/\/kylat.ekarjala.fi\/ruokolahdenkylat\/puntala-tervakorpi\/\">Lue loppuun <span class=\"meta-nav\">&rarr;<\/span><\/a><\/p>\n","protected":false},"author":1,"featured_media":0,"parent":0,"menu_order":0,"comment_status":"open","ping_status":"closed","template":"","meta":{"footnotes":""},"class_list":["post-25","page","type-page","status-publish","hentry"],"_links":{"self":[{"href":"https:\/\/kylat.ekarjala.fi\/ruokolahdenkylat\/wp-json\/wp\/v2\/pages\/25","targetHints":{"allow":["GET"]}}],"collection":[{"href":"https:\/\/kylat.ekarjala.fi\/ruokolahdenkylat\/wp-json\/wp\/v2\/pages"}],"about":[{"href":"https:\/\/kylat.ekarjala.fi\/ruokolahdenkylat\/wp-json\/wp\/v2\/types\/page"}],"author":[{"embeddable":true,"href":"https:\/\/kylat.ekarjala.fi\/ruokolahdenkylat\/wp-json\/wp\/v2\/users\/1"}],"replies":[{"embeddable":true,"href":"https:\/\/kylat.ekarjala.fi\/ruokolahdenkylat\/wp-json\/wp\/v2\/comments?post=25"}],"version-history":[{"count":1,"href":"https:\/\/kylat.ekarjala.fi\/ruokolahdenkylat\/wp-json\/wp\/v2\/pages\/25\/revisions"}],"predecessor-version":[{"id":28,"href":"https:\/\/kylat.ekarjala.fi\/ruokolahdenkylat\/wp-json\/wp\/v2\/pages\/25\/revisions\/28"}],"wp:attachment":[{"href":"https:\/\/kylat.ekarjala.fi\/ruokolahdenkylat\/wp-json\/wp\/v2\/media?parent=25"}],"curies":[{"name":"wp","href":"https:\/\/api.w.org\/{rel}","templated":true}]}}