{"id":29,"date":"2014-12-05T09:32:10","date_gmt":"2014-12-05T07:32:10","guid":{"rendered":"https:\/\/kylat.ekarjala.fi\/ruokolahdenkylat\/?page_id=29"},"modified":"2014-12-05T09:32:10","modified_gmt":"2014-12-05T07:32:10","slug":"salosaari","status":"publish","type":"page","link":"https:\/\/kylat.ekarjala.fi\/ruokolahdenkylat\/salosaari\/","title":{"rendered":"Salosaari"},"content":{"rendered":"<p><a href=\"https:\/\/kylat.ekarjala.fi\/ruokolahdenkylat\/wp-content\/uploads\/sites\/76\/2014\/12\/salosaari.jpg\"><img loading=\"lazy\" decoding=\"async\" class=\"size-medium wp-image-30 aligncenter\" src=\"https:\/\/kylat.ekarjala.fi\/ruokolahdenkylat\/wp-content\/uploads\/sites\/76\/2014\/12\/salosaari-300x159.jpg\" alt=\"salosaari\" width=\"300\" height=\"159\" srcset=\"https:\/\/kylat.ekarjala.fi\/ruokolahdenkylat\/wp-content\/uploads\/sites\/76\/2014\/12\/salosaari-300x159.jpg 300w, https:\/\/kylat.ekarjala.fi\/ruokolahdenkylat\/wp-content\/uploads\/sites\/76\/2014\/12\/salosaari-500x266.jpg 500w, https:\/\/kylat.ekarjala.fi\/ruokolahdenkylat\/wp-content\/uploads\/sites\/76\/2014\/12\/salosaari.jpg 640w\" sizes=\"auto, (max-width: 300px) 100vw, 300px\" \/><\/a>Salosaari sijaitsee Saimaan Haapavedell\u00e4 ja on 26 neli\u00f6kilometrin pinta-alalla 46. suurin saari maassamme, kun otetaan mukaan my\u00f6s merien saaret.<\/p>\n<p>Salosaari on yhteydess\u00e4 mantereeseen patotiell\u00e4, joka alkaa Stora Enson tehtaalta Imatran rajalta sek\u00e4 sillalla,joka johtaa Ruokolahden kirkon kautta kunnan keskukseen. Saaren pohjoisp\u00e4\u00e4ss\u00e4 on my\u00f6s Suikkalan salmen silta, jos p\u00e4\u00e4see \u00c4itsaareen. Salosaaren tunnetuimpia paikkoja lienev\u00e4t Ruokolahden vanhin koulu Vaittilan koulu, Repan Riihi aivan kirkolle menev\u00e4n sillan l\u00e4heisyydess\u00e4 sek\u00e4 Saimaan Lomahovi hieman Imatralle p\u00e4in ja pohjoisp\u00e4\u00e4ss\u00e4 Suikkalan lava.<\/p>\n","protected":false},"excerpt":{"rendered":"<p>Salosaari sijaitsee Saimaan Haapavedell\u00e4 ja on 26 neli\u00f6kilometrin pinta-alalla 46. suurin saari maassamme, kun otetaan mukaan my\u00f6s merien saaret. Salosaari on yhteydess\u00e4 mantereeseen patotiell\u00e4, joka alkaa Stora Enson tehtaalta Imatran rajalta sek\u00e4 sillalla,joka johtaa Ruokolahden kirkon kautta kunnan keskukseen. Saaren &hellip; <a href=\"https:\/\/kylat.ekarjala.fi\/ruokolahdenkylat\/salosaari\/\">Lue loppuun <span class=\"meta-nav\">&rarr;<\/span><\/a><\/p>\n","protected":false},"author":1,"featured_media":0,"parent":0,"menu_order":0,"comment_status":"open","ping_status":"closed","template":"","meta":{"footnotes":""},"class_list":["post-29","page","type-page","status-publish","hentry"],"_links":{"self":[{"href":"https:\/\/kylat.ekarjala.fi\/ruokolahdenkylat\/wp-json\/wp\/v2\/pages\/29","targetHints":{"allow":["GET"]}}],"collection":[{"href":"https:\/\/kylat.ekarjala.fi\/ruokolahdenkylat\/wp-json\/wp\/v2\/pages"}],"about":[{"href":"https:\/\/kylat.ekarjala.fi\/ruokolahdenkylat\/wp-json\/wp\/v2\/types\/page"}],"author":[{"embeddable":true,"href":"https:\/\/kylat.ekarjala.fi\/ruokolahdenkylat\/wp-json\/wp\/v2\/users\/1"}],"replies":[{"embeddable":true,"href":"https:\/\/kylat.ekarjala.fi\/ruokolahdenkylat\/wp-json\/wp\/v2\/comments?post=29"}],"version-history":[{"count":1,"href":"https:\/\/kylat.ekarjala.fi\/ruokolahdenkylat\/wp-json\/wp\/v2\/pages\/29\/revisions"}],"predecessor-version":[{"id":31,"href":"https:\/\/kylat.ekarjala.fi\/ruokolahdenkylat\/wp-json\/wp\/v2\/pages\/29\/revisions\/31"}],"wp:attachment":[{"href":"https:\/\/kylat.ekarjala.fi\/ruokolahdenkylat\/wp-json\/wp\/v2\/media?parent=29"}],"curies":[{"name":"wp","href":"https:\/\/api.w.org\/{rel}","templated":true}]}}