{"id":32,"date":"2014-12-05T09:33:29","date_gmt":"2014-12-05T07:33:29","guid":{"rendered":"https:\/\/kylat.ekarjala.fi\/ruokolahdenkylat\/?page_id=32"},"modified":"2014-12-05T09:33:29","modified_gmt":"2014-12-05T07:33:29","slug":"tarkkola","status":"publish","type":"page","link":"https:\/\/kylat.ekarjala.fi\/ruokolahdenkylat\/tarkkola\/","title":{"rendered":"Tarkkola"},"content":{"rendered":"<p><a href=\"https:\/\/kylat.ekarjala.fi\/ruokolahdenkylat\/wp-content\/uploads\/sites\/76\/2014\/12\/tarkkola3.jpg\"><img loading=\"lazy\" decoding=\"async\" class=\"size-thumbnail wp-image-33 alignright\" src=\"https:\/\/kylat.ekarjala.fi\/ruokolahdenkylat\/wp-content\/uploads\/sites\/76\/2014\/12\/tarkkola3-150x150.jpg\" alt=\"OLYMPUS DIGITAL CAMERA\" width=\"150\" height=\"150\" \/><\/a> \u00a0Tarkkolan talousalueen kyliss\u00e4 asuu reilut 350 mukavaa ihmist\u00e4. Kes\u00e4isin mukavien ihmisten m\u00e4\u00e4r\u00e4 tuplaantuu kes\u00e4asukkaiden saapuessa. Tarkkola sijaitsee Ruokolahden it\u00e4osassa Rautj\u00e4rven kunnan rajalla. Matkaa Ruokolahdelle kertyy 10 km ja Imatralle 15 km. Omasta kaupasta, Kyl\u00e4kauppa Kaiturista, saa kaiken tarpeellisen, my\u00f6s asiamiespostipalvelut. Kyl\u00e4ss\u00e4 on useita pienyritt\u00e4ji\u00e4.<\/p>\n<p><img loading=\"lazy\" decoding=\"async\" class=\"size-thumbnail wp-image-34 alignright\" src=\"https:\/\/kylat.ekarjala.fi\/ruokolahdenkylat\/wp-content\/uploads\/sites\/76\/2014\/12\/tarkkola2-150x150.jpg\" alt=\"OLYMPUS DIGITAL CAMERA\" width=\"150\" height=\"150\" \/>Tarkkolan kauniissa maalaismaisemassa on useita pieni\u00e4 lampia ja j\u00e4rvi\u00e4, joiden v\u00e4lisill\u00e4 harjuilla on hyv\u00e4t ulkoilumaastot. Kyl\u00e4ss\u00e4 on useita hevostiloja ja rauhallisilla kyl\u00e4teill\u00e4 on mukava lenkkeill\u00e4. Kaiturinj\u00e4rven harjumuodostelmaa pitkin kulkee maakunnallinen retkeilyreitti, jonka varrella Haaroinsalmessa voi y\u00f6py\u00e4 tai pit\u00e4\u00e4 taukoa. Niuvanmaalla luonnossa kulkijan kannattaa tutustua Repokiviin, siirtolohkareiden muodostamaan louhokseen. Vehvi\u00e4l\u00e4ss\u00e4, Rakokiven siirtolohkareen liepeill\u00e4, kulkija saattaa kohdata sotilaan haamun.<\/p>\n<p>Maitokoppia kunnostamassa<br \/>\n<img loading=\"lazy\" decoding=\"async\" class=\"size-thumbnail wp-image-35 alignright\" src=\"https:\/\/kylat.ekarjala.fi\/ruokolahdenkylat\/wp-content\/uploads\/sites\/76\/2014\/12\/tarkkola-150x150.jpg\" alt=\"tarkkola\" width=\"150\" height=\"150\" \/>Entisell\u00e4 koululla on hyv\u00e4t kokoontumistilat, jossa harrastetaan kuntoliikuntaa ja harjoitellaan nuorisoseuran n\u00e4ytelm\u00e4\u00e4 kes\u00e4juhlien kohokohdaksi. Koululla kokoontuvat my\u00f6s seurakunnan perhekerho ja lasten kerho. Koulun vieress\u00e4 on j\u00e4\u00e4kiekkokaukalo ja kyl\u00e4n l\u00e4pi kulkee moottorikelkkareitti. Uimassa voi k\u00e4yd\u00e4 Narsakkalammen rannassa tai Vahterusj\u00e4rvell\u00e4, jossa sijaitsee kunnan kyl\u00e4l\u00e4isten k\u00e4ytt\u00f6\u00f6n luovuttama kes\u00e4m\u00f6kki, Peippola. Siell\u00e4 on mahdollisuus uimiseen, saunomiseen, veneilyyn ja y\u00f6pymiseen.<\/p>\n<p>Hikip\u00e4\u00e4n vintill\u00e4 pidet\u00e4\u00e4n kes\u00e4n suosituin yhteistapahtuma perinteiset kes\u00e4juhlat, joissa on monipuolinen ohjelma. Kes\u00e4juhlat j\u00e4rjestet\u00e4\u00e4n marttojen, nuorisoseuran ja kyl\u00e4toimikunnan yhteisvoimin.<\/p>\n<p>Tarkkolalaiset arvostavat asuinymp\u00e4rist\u00f6ns\u00e4 rauhallisuutta, kauniita maalaismaisemia ja lukuisia j\u00e4rvi\u00e4, jotka mahdollistavat virkistyskalastuksen. Hyv\u00e4t tieyhteydet Imatralle ja Lappeenrantaan antavat monia mahdollisuuksia asukkaille niin ty\u00f6- kuin vapaa-aikaan.<\/p>\n","protected":false},"excerpt":{"rendered":"<p>\u00a0Tarkkolan talousalueen kyliss\u00e4 asuu reilut 350 mukavaa ihmist\u00e4. Kes\u00e4isin mukavien ihmisten m\u00e4\u00e4r\u00e4 tuplaantuu kes\u00e4asukkaiden saapuessa. Tarkkola sijaitsee Ruokolahden it\u00e4osassa Rautj\u00e4rven kunnan rajalla. Matkaa Ruokolahdelle kertyy 10 km ja Imatralle 15 km. Omasta kaupasta, Kyl\u00e4kauppa Kaiturista, saa kaiken tarpeellisen, my\u00f6s asiamiespostipalvelut. &hellip; <a href=\"https:\/\/kylat.ekarjala.fi\/ruokolahdenkylat\/tarkkola\/\">Lue loppuun <span class=\"meta-nav\">&rarr;<\/span><\/a><\/p>\n","protected":false},"author":1,"featured_media":0,"parent":0,"menu_order":0,"comment_status":"open","ping_status":"closed","template":"","meta":{"footnotes":""},"class_list":["post-32","page","type-page","status-publish","hentry"],"_links":{"self":[{"href":"https:\/\/kylat.ekarjala.fi\/ruokolahdenkylat\/wp-json\/wp\/v2\/pages\/32","targetHints":{"allow":["GET"]}}],"collection":[{"href":"https:\/\/kylat.ekarjala.fi\/ruokolahdenkylat\/wp-json\/wp\/v2\/pages"}],"about":[{"href":"https:\/\/kylat.ekarjala.fi\/ruokolahdenkylat\/wp-json\/wp\/v2\/types\/page"}],"author":[{"embeddable":true,"href":"https:\/\/kylat.ekarjala.fi\/ruokolahdenkylat\/wp-json\/wp\/v2\/users\/1"}],"replies":[{"embeddable":true,"href":"https:\/\/kylat.ekarjala.fi\/ruokolahdenkylat\/wp-json\/wp\/v2\/comments?post=32"}],"version-history":[{"count":1,"href":"https:\/\/kylat.ekarjala.fi\/ruokolahdenkylat\/wp-json\/wp\/v2\/pages\/32\/revisions"}],"predecessor-version":[{"id":36,"href":"https:\/\/kylat.ekarjala.fi\/ruokolahdenkylat\/wp-json\/wp\/v2\/pages\/32\/revisions\/36"}],"wp:attachment":[{"href":"https:\/\/kylat.ekarjala.fi\/ruokolahdenkylat\/wp-json\/wp\/v2\/media?parent=32"}],"curies":[{"name":"wp","href":"https:\/\/api.w.org\/{rel}","templated":true}]}}