{"id":37,"date":"2014-12-05T09:34:56","date_gmt":"2014-12-05T07:34:56","guid":{"rendered":"https:\/\/kylat.ekarjala.fi\/ruokolahdenkylat\/?page_id=37"},"modified":"2014-12-05T09:34:56","modified_gmt":"2014-12-05T07:34:56","slug":"utula","status":"publish","type":"page","link":"https:\/\/kylat.ekarjala.fi\/ruokolahdenkylat\/utula\/","title":{"rendered":"Utula"},"content":{"rendered":"<p><a href=\"https:\/\/kylat.ekarjala.fi\/ruokolahdenkylat\/wp-content\/uploads\/sites\/76\/2014\/12\/utula3.jpg\"><img loading=\"lazy\" decoding=\"async\" class=\"size-thumbnail wp-image-39 alignright\" src=\"https:\/\/kylat.ekarjala.fi\/ruokolahdenkylat\/wp-content\/uploads\/sites\/76\/2014\/12\/utula3-150x150.jpg\" alt=\"utula3\" width=\"150\" height=\"150\" \/><\/a> Utula sijaitsee Salpaussel\u00e4n harjulla Ruokolahden luoteisosassa. Ruokolahdelle matkaa on 28 km, Puumalaan 29 km ja Imatralle 48 km. Saimaan ymp\u00e4r\u00f6im\u00e4\u00e4n kyl\u00e4\u00e4n p\u00e4\u00e4see hyvin my\u00f6s vesitse. Kyl\u00e4toiminta-alueeseen kuuluvat my\u00f6s naapurikyl\u00e4t Tuomala, Junnikkala ja Kek\u00e4leenm\u00e4ki.<\/p>\n<p>Sanonta &#8221;Ulkomailla Utulassa&#8221; on per\u00e4isin vuosisatojen takaa, ajalta jolloin Ven\u00e4j\u00e4n ja Ruotsi-Suomen valtakunnan raja kulki Kysm\u00e4l\u00e4nlahtea pitkin. Lahden toiselta puolelta, Kek\u00e4leenm\u00e4elt\u00e4 katsottuna Utula oli ulkomaata. Sanonta el\u00e4\u00e4 edelleen ja kyl\u00e4toimikunta myy Utula-passeja &#8211; koskaan ei tied\u00e4, milloin passintarkastaja yll\u00e4tt\u00e4\u00e4.<\/p>\n<p><strong>Kes\u00e4mielt\u00e4 Huuhanhiekalla ja Small band -festivaaleilla<\/strong><\/p>\n<p>Huuhanselk\u00e4<br \/>\n<img loading=\"lazy\" decoding=\"async\" class=\"size-thumbnail wp-image-40 alignright\" src=\"https:\/\/kylat.ekarjala.fi\/ruokolahdenkylat\/wp-content\/uploads\/sites\/76\/2014\/12\/utula2-150x150.jpg\" alt=\"utula2\" width=\"150\" height=\"150\" \/>n. 150 asukkaan talousalueen el\u00e4m\u00e4 vilkastuu kes\u00e4isin, kun yli 300 vapaa-ajan asunnon asukkaat liikkuvat kyl\u00e4ll\u00e4. Asukkaita ja matkailijoita vieh\u00e4tt\u00e4\u00e4 etel\u00e4isen Saimaan paras luonnonvarainen uimaranta, Huuhanhiekka, jonka yli kilometrin pituinen ranta houkuttelee uimareiden lis\u00e4ksi varjoliidon harrastajia ja leijojen lenn\u00e4tt\u00e4ji\u00e4.<\/p>\n<p>Utulan keskus on kyl\u00e4kauppa kes\u00e4terasseineen, jossa j\u00e4rjestet\u00e4\u00e4n mm. tansseja, karaokea ja Utula small band- festivaalit. Kyl\u00e4toimikunta j\u00e4rjest\u00e4\u00e4 torit, juhannustanssit, kes\u00e4kirkon, taiden\u00e4yttelyt ja paljon muita tapahtumia ymp\u00e4ri vuoden. Ajankohtaiset tapahtumat on luettavissa toimikunnan omilla kotisivuilla www.utulanseutu.net.<\/p>\n<p>Kyl\u00e4ss\u00e4 on n. kolmen kilometrin pituinen vesijohtoverkosto, jonka varrelta voi ostaa tontteja.<\/p>\n<p><strong>Kyl\u00e4l\u00e4isten olohuone, kyl\u00e4tupa<\/strong><\/p>\n<p><img loading=\"lazy\" decoding=\"async\" class=\"size-thumbnail wp-image-38 alignright\" src=\"https:\/\/kylat.ekarjala.fi\/ruokolahdenkylat\/wp-content\/uploads\/sites\/76\/2014\/12\/utula-150x150.jpg\" alt=\"utula\" width=\"150\" height=\"150\" \/>Nuotanvedon saalis<br \/>\nYhteist\u00e4 toimintaa, kursseja ja seurailtoja j\u00e4rjestet\u00e4\u00e4n kyl\u00e4l\u00e4isten olohuoneessa, kyl\u00e4tuvassa. Kyl\u00e4tuvalla on kuntosali ja sen pihapiiriss\u00e4 hirsinen vanha, kunnostettu pihasauna. Valaistu latu kulkee tuvan vierest\u00e4 ja j\u00e4\u00e4kiekkokaukalo on l\u00e4hell\u00e4. Moottorikelkkareitille p\u00e4\u00e4see kaupan nurkalta. Sek\u00e4 kaupalla ett\u00e4 kyl\u00e4tuvalla on julkinen laajakaistayhteys.<\/p>\n<p>Monimuotoinen luonto tarjoaa utulalaisille hyv\u00e4t marjastus-, sienestys- ja kalastuspaikat. Asukkaana p\u00e4\u00e4see my\u00f6s mets\u00e4stysseuran j\u00e4seneksi.<\/p>\n<p>Tervetuloa ulkomaille Utulaan!<\/p>\n<p><a title=\"\" href=\"http:\/\/www.utulanseutu.net\/\" target=\"_new\">Utulan kotisivut<\/a><\/p>\n","protected":false},"excerpt":{"rendered":"<p>Utula sijaitsee Salpaussel\u00e4n harjulla Ruokolahden luoteisosassa. Ruokolahdelle matkaa on 28 km, Puumalaan 29 km ja Imatralle 48 km. Saimaan ymp\u00e4r\u00f6im\u00e4\u00e4n kyl\u00e4\u00e4n p\u00e4\u00e4see hyvin my\u00f6s vesitse. Kyl\u00e4toiminta-alueeseen kuuluvat my\u00f6s naapurikyl\u00e4t Tuomala, Junnikkala ja Kek\u00e4leenm\u00e4ki. Sanonta &#8221;Ulkomailla Utulassa&#8221; on per\u00e4isin vuosisatojen takaa, &hellip; <a href=\"https:\/\/kylat.ekarjala.fi\/ruokolahdenkylat\/utula\/\">Lue loppuun <span class=\"meta-nav\">&rarr;<\/span><\/a><\/p>\n","protected":false},"author":1,"featured_media":0,"parent":0,"menu_order":0,"comment_status":"open","ping_status":"closed","template":"","meta":{"footnotes":""},"class_list":["post-37","page","type-page","status-publish","hentry"],"_links":{"self":[{"href":"https:\/\/kylat.ekarjala.fi\/ruokolahdenkylat\/wp-json\/wp\/v2\/pages\/37","targetHints":{"allow":["GET"]}}],"collection":[{"href":"https:\/\/kylat.ekarjala.fi\/ruokolahdenkylat\/wp-json\/wp\/v2\/pages"}],"about":[{"href":"https:\/\/kylat.ekarjala.fi\/ruokolahdenkylat\/wp-json\/wp\/v2\/types\/page"}],"author":[{"embeddable":true,"href":"https:\/\/kylat.ekarjala.fi\/ruokolahdenkylat\/wp-json\/wp\/v2\/users\/1"}],"replies":[{"embeddable":true,"href":"https:\/\/kylat.ekarjala.fi\/ruokolahdenkylat\/wp-json\/wp\/v2\/comments?post=37"}],"version-history":[{"count":1,"href":"https:\/\/kylat.ekarjala.fi\/ruokolahdenkylat\/wp-json\/wp\/v2\/pages\/37\/revisions"}],"predecessor-version":[{"id":41,"href":"https:\/\/kylat.ekarjala.fi\/ruokolahdenkylat\/wp-json\/wp\/v2\/pages\/37\/revisions\/41"}],"wp:attachment":[{"href":"https:\/\/kylat.ekarjala.fi\/ruokolahdenkylat\/wp-json\/wp\/v2\/media?parent=37"}],"curies":[{"name":"wp","href":"https:\/\/api.w.org\/{rel}","templated":true}]}}