{"id":9,"date":"2014-12-05T09:27:31","date_gmt":"2014-12-05T07:27:31","guid":{"rendered":"https:\/\/kylat.ekarjala.fi\/ruokolahdenkylat\/?page_id=9"},"modified":"2014-12-05T09:28:30","modified_gmt":"2014-12-05T07:28:30","slug":"lassila-kuokkalampi","status":"publish","type":"page","link":"https:\/\/kylat.ekarjala.fi\/ruokolahdenkylat\/lassila-kuokkalampi\/","title":{"rendered":"Lassila-Kuokkalampi"},"content":{"rendered":"<p><a href=\"https:\/\/kylat.ekarjala.fi\/ruokolahdenkylat\/wp-content\/uploads\/sites\/76\/2014\/12\/lassila.jpg\"><img loading=\"lazy\" decoding=\"async\" class=\"aligncenter wp-image-11 size-medium\" src=\"https:\/\/kylat.ekarjala.fi\/ruokolahdenkylat\/wp-content\/uploads\/sites\/76\/2014\/12\/lassila-300x225.jpg\" alt=\"lassila\" width=\"300\" height=\"225\" srcset=\"https:\/\/kylat.ekarjala.fi\/ruokolahdenkylat\/wp-content\/uploads\/sites\/76\/2014\/12\/lassila-300x225.jpg 300w, https:\/\/kylat.ekarjala.fi\/ruokolahdenkylat\/wp-content\/uploads\/sites\/76\/2014\/12\/lassila-400x300.jpg 400w, https:\/\/kylat.ekarjala.fi\/ruokolahdenkylat\/wp-content\/uploads\/sites\/76\/2014\/12\/lassila.jpg 800w\" sizes=\"auto, (max-width: 300px) 100vw, 300px\" \/><\/a>\u00a0\u00a0Lassilan ja Kuokkalammen kyl\u00e4t muodostavat kyl\u00e4parin Museotien varrella. Matkaa Vuoksenniskalle Imatran it\u00e4isimp\u00e4\u00e4n keskukseen on 15 km ja Ruokolahden keskustaajamaan 20 km. Historiallisesti maineikas Viipuri-Savonlinna -museotie halkoo kyl\u00e4maisemaa.<\/p>\n<p>Lassilan kyl\u00e4n erikoisuus on komea Linnavuori, josta on loistavat n\u00e4kym\u00e4t alhaalla kimaltelevalle Latvaj\u00e4rvelle. Linnavuorella voi k\u00e4yd\u00e4 virkist\u00e4ytym\u00e4ss\u00e4 mm. makkaraa paistaen. Vuoren sis\u00e4ll\u00e4 on luola, johon ison vihan aikana 40 kyl\u00e4l\u00e4ist\u00e4 pakeni. Kev\u00e4isin kyl\u00e4ss\u00e4 voi ihastella laajoja valkovuokkolehtoja.<\/p>\n<p><img loading=\"lazy\" decoding=\"async\" class=\"size-thumbnail wp-image-13 alignright\" src=\"https:\/\/kylat.ekarjala.fi\/ruokolahdenkylat\/wp-content\/uploads\/sites\/76\/2014\/12\/lassila2-150x150.jpg\" alt=\"lassila2\" width=\"150\" height=\"150\" \/>Kuokkalammin peltojen halki mutkitteleva hiekkatie muistuttaa perinteisest\u00e4 maalaiskyl\u00e4st\u00e4. Itse Kuokkalampi on varattu Natura -alueeksi. Talkoovoimin sinne on rakennettu lintutorni ja pitkospuut. Alueelle rakennetaan viel\u00e4 n\u00e4k\u00f6alapaviljonki, joten se tarjoaa erinomaiset mahdollisuudet mm. lintuharrastajille ja retkeilij\u00f6ille.<\/p>\n<p>Kyliss\u00e4 asuu l\u00e4hes 130 asukasta. Alueella on saatavilla leirint\u00e4- ja ohjelmapalveluita. Pienyritt\u00e4j\u00e4t kasvattavat mm. lohia ja rapuja sek\u00e4 harjoittavat koneurakointia, puutavaran sahausta ja hirsirakentamista, koneiden korjausta ja luonnollisesti maa- ja mets\u00e4taloutta.<\/p>\n<p>Hyvien tieyhteyksien ansiosta ty\u00f6ss\u00e4k\u00e4ynti Imatralla on vaivatonta. Lapset k\u00e4yv\u00e4t Huhtasenkyl\u00e4n ja Puntalan kouluissa. Laajakaistayhteydet tarjoavat et\u00e4ty\u00f6mahdollisuuden.<\/p>\n<p><strong>Yhteistoiminnasta potkua<\/strong><\/p>\n<p><img loading=\"lazy\" decoding=\"async\" class=\"size-thumbnail wp-image-12 alignright\" src=\"https:\/\/kylat.ekarjala.fi\/ruokolahdenkylat\/wp-content\/uploads\/sites\/76\/2014\/12\/lassila3-150x150.jpg\" alt=\"lassila3\" width=\"150\" height=\"150\" \/>Luonnonkaunis maisema ja rauhallinen asuinymp\u00e4rist\u00f6 on viime vuosina houkutellut erityisesti nuoria perheit\u00e4. Uudisrakentajille on tarjolla tontteja ja myynniss\u00e4 on muutama talokin. Vesiosuuskunta hallinnoi Kuokkalammen kyl\u00e4lle ja osaan Lassilan kyl\u00e4\u00e4 rakennettua vesi- ja viem\u00e4riverkostoa.<\/p>\n<p>Kyl\u00e4n yhteisiss\u00e4 asioissa aktiivinen toimija on kyl\u00e4toimikunta. Sen lis\u00e4ksi kylill\u00e4 toimivat hyvin aktiivisesti martat, nuorisoseura ja urheiluseuran kyl\u00e4osasto. Mets\u00e4styksest\u00e4 vastaavat paikalliset mets\u00e4stysseurat. Lassilan mets\u00e4stysseuralla on vastavalmistunut mets\u00e4tupa, jonka yhteydess\u00e4 on lahtivaja ja kokoontumistilat. Valaistu ladun ja pururadan yhteydess\u00e4 ovat asianmukaiset huoltotilat. Talvella valaistun ladun lis\u00e4ksi pidet\u00e4\u00e4n auki Lassilan kyl\u00e4latua.<\/p>\n<p><img loading=\"lazy\" decoding=\"async\" class=\"size-thumbnail wp-image-14 alignright\" src=\"https:\/\/kylat.ekarjala.fi\/ruokolahdenkylat\/wp-content\/uploads\/sites\/76\/2014\/12\/lassila4-150x150.jpg\" alt=\"lassila4\" width=\"150\" height=\"150\" \/>Kuokkalammin nuorisoseuran talo on peruskorjattu ja tarjoaa upeat puitteet erilaisten juhlien pitopaikaksi. My\u00f6s Lassilan seuratalolla j\u00e4rjestet\u00e4\u00e4n useita tapahtumia ymp\u00e4ri vuoden. Merkitt\u00e4vin tapahtuma Lassilassa ovat hein\u00e4kuun lopun perinteiset kes\u00e4juhlat.<\/p>\n<p>Kuokkalampi ja Lassila osallistuvat yhdess\u00e4 muiden Museotien kylien kanssa P\u00e4iv\u00e4 museotiell\u00e4 -tapahtumaan. T\u00e4m\u00e4 loppukes\u00e4n tapahtuma on saanut jo useiden vuosien ajan tuhansia ihmisi\u00e4 liikkeelle katselemaan, maistelemaan ja ostamaan kylilt\u00e4 saatavia tuotteita ja palveluja.<\/p>\n","protected":false},"excerpt":{"rendered":"<p>\u00a0\u00a0Lassilan ja Kuokkalammen kyl\u00e4t muodostavat kyl\u00e4parin Museotien varrella. Matkaa Vuoksenniskalle Imatran it\u00e4isimp\u00e4\u00e4n keskukseen on 15 km ja Ruokolahden keskustaajamaan 20 km. Historiallisesti maineikas Viipuri-Savonlinna -museotie halkoo kyl\u00e4maisemaa. Lassilan kyl\u00e4n erikoisuus on komea Linnavuori, josta on loistavat n\u00e4kym\u00e4t alhaalla kimaltelevalle Latvaj\u00e4rvelle. &hellip; <a href=\"https:\/\/kylat.ekarjala.fi\/ruokolahdenkylat\/lassila-kuokkalampi\/\">Lue loppuun <span class=\"meta-nav\">&rarr;<\/span><\/a><\/p>\n","protected":false},"author":1,"featured_media":0,"parent":0,"menu_order":0,"comment_status":"open","ping_status":"closed","template":"","meta":{"footnotes":""},"class_list":["post-9","page","type-page","status-publish","hentry"],"_links":{"self":[{"href":"https:\/\/kylat.ekarjala.fi\/ruokolahdenkylat\/wp-json\/wp\/v2\/pages\/9","targetHints":{"allow":["GET"]}}],"collection":[{"href":"https:\/\/kylat.ekarjala.fi\/ruokolahdenkylat\/wp-json\/wp\/v2\/pages"}],"about":[{"href":"https:\/\/kylat.ekarjala.fi\/ruokolahdenkylat\/wp-json\/wp\/v2\/types\/page"}],"author":[{"embeddable":true,"href":"https:\/\/kylat.ekarjala.fi\/ruokolahdenkylat\/wp-json\/wp\/v2\/users\/1"}],"replies":[{"embeddable":true,"href":"https:\/\/kylat.ekarjala.fi\/ruokolahdenkylat\/wp-json\/wp\/v2\/comments?post=9"}],"version-history":[{"count":3,"href":"https:\/\/kylat.ekarjala.fi\/ruokolahdenkylat\/wp-json\/wp\/v2\/pages\/9\/revisions"}],"predecessor-version":[{"id":16,"href":"https:\/\/kylat.ekarjala.fi\/ruokolahdenkylat\/wp-json\/wp\/v2\/pages\/9\/revisions\/16"}],"wp:attachment":[{"href":"https:\/\/kylat.ekarjala.fi\/ruokolahdenkylat\/wp-json\/wp\/v2\/media?parent=9"}],"curies":[{"name":"wp","href":"https:\/\/api.w.org\/{rel}","templated":true}]}}