{"id":15,"date":"2014-02-24T12:37:41","date_gmt":"2014-02-24T10:37:41","guid":{"rendered":"https:\/\/kylat.ekarjala.fi\/saanjarvi\/?page_id=15"},"modified":"2014-02-24T12:37:41","modified_gmt":"2014-02-24T10:37:41","slug":"yritykset","status":"publish","type":"page","link":"https:\/\/kylat.ekarjala.fi\/saanjarvi\/yritykset\/","title":{"rendered":"Yritykset"},"content":{"rendered":"<p>Palvelut<\/p>\n<p>Matti Vahvasen mansikkapeltoa kev\u00e4\u00e4ll\u00e4Kyl\u00e4ll\u00e4 on kotileipomo ja keramiikkapaja, sek\u00e4 mm. insin\u00f6\u00f6ritoimisto, kaivu-urakoitsija, marjanviljely\u00e4 sek\u00e4 maatalouden harjoittajia. S\u00e4\u00e4nj\u00e4rvel\u00e4isi\u00e4 yritt\u00e4ji\u00e4 toimii my\u00f6s Savitaipaleen kirkonkyl\u00e4ss\u00e4, mm. auto- ja konekorjaamo, rengaspalvelu, ikkuna- ja ovivalmistaja<\/p>\n","protected":false},"excerpt":{"rendered":"<p>Palvelut Matti Vahvasen mansikkapeltoa kev\u00e4\u00e4ll\u00e4Kyl\u00e4ll\u00e4 on kotileipomo ja keramiikkapaja, sek\u00e4 mm. insin\u00f6\u00f6ritoimisto, kaivu-urakoitsija, marjanviljely\u00e4 sek\u00e4 maatalouden harjoittajia. S\u00e4\u00e4nj\u00e4rvel\u00e4isi\u00e4 yritt\u00e4ji\u00e4 toimii my\u00f6s Savitaipaleen kirkonkyl\u00e4ss\u00e4, mm. auto- ja konekorjaamo, rengaspalvelu, ikkuna- ja ovivalmistaja<\/p>\n","protected":false},"author":1,"featured_media":0,"parent":0,"menu_order":0,"comment_status":"open","ping_status":"closed","template":"","meta":{"footnotes":""},"class_list":["post-15","page","type-page","status-publish","hentry"],"_links":{"self":[{"href":"https:\/\/kylat.ekarjala.fi\/saanjarvi\/wp-json\/wp\/v2\/pages\/15","targetHints":{"allow":["GET"]}}],"collection":[{"href":"https:\/\/kylat.ekarjala.fi\/saanjarvi\/wp-json\/wp\/v2\/pages"}],"about":[{"href":"https:\/\/kylat.ekarjala.fi\/saanjarvi\/wp-json\/wp\/v2\/types\/page"}],"author":[{"embeddable":true,"href":"https:\/\/kylat.ekarjala.fi\/saanjarvi\/wp-json\/wp\/v2\/users\/1"}],"replies":[{"embeddable":true,"href":"https:\/\/kylat.ekarjala.fi\/saanjarvi\/wp-json\/wp\/v2\/comments?post=15"}],"version-history":[{"count":1,"href":"https:\/\/kylat.ekarjala.fi\/saanjarvi\/wp-json\/wp\/v2\/pages\/15\/revisions"}],"predecessor-version":[{"id":17,"href":"https:\/\/kylat.ekarjala.fi\/saanjarvi\/wp-json\/wp\/v2\/pages\/15\/revisions\/17"}],"wp:attachment":[{"href":"https:\/\/kylat.ekarjala.fi\/saanjarvi\/wp-json\/wp\/v2\/media?parent=15"}],"curies":[{"name":"wp","href":"https:\/\/api.w.org\/{rel}","templated":true}]}}