{"id":2,"date":"2014-02-24T10:34:06","date_gmt":"2014-02-24T10:34:06","guid":{"rendered":"https:\/\/kylat.ekarjala.fi\/saanjarvi\/?page_id=2"},"modified":"2014-02-24T12:36:23","modified_gmt":"2014-02-24T10:36:23","slug":"esimerkkisivu","status":"publish","type":"page","link":"https:\/\/kylat.ekarjala.fi\/saanjarvi\/","title":{"rendered":"TERVETULOA S\u00c4\u00c4NJ\u00c4RVELLE!"},"content":{"rendered":"<p><a href=\"https:\/\/kylat.ekarjala.fi\/saanjarvi\/wp-content\/uploads\/sites\/68\/2014\/02\/1.jpg\"><img decoding=\"async\" class=\"alignnone  wp-image-7\" alt=\"OLYMPUS DIGITAL CAMERA\" src=\"https:\/\/kylat.ekarjala.fi\/saanjarvi\/wp-content\/uploads\/sites\/68\/2014\/02\/1.jpg\" width=\"100%\" height=\"auto\" srcset=\"https:\/\/kylat.ekarjala.fi\/saanjarvi\/wp-content\/uploads\/sites\/68\/2014\/02\/1.jpg 400w, https:\/\/kylat.ekarjala.fi\/saanjarvi\/wp-content\/uploads\/sites\/68\/2014\/02\/1-300x225.jpg 300w\" sizes=\"(max-width: 400px) 100vw, 400px\" \/><\/a><\/p>\n<p>S\u00e4\u00e4nj\u00e4rven talousalueeseen kuuluvat Jurvanen, Nikkil\u00e4, S\u00e4\u00e4nj\u00e4rvi, Viirun, Jukkaran ja Survajan kyl\u00e4t.<\/p>\n<p>S\u00e4\u00e4nj\u00e4rven kyl\u00e4tie kulkee l\u00e4pi avaran ja m\u00e4kisen peltomaiseman, jossa vaihtelevat mets\u00e4t, marjapellot ja niityiksi muuttuneet karjahaat. Kyl\u00e4maisemaa rikastuttavat monet pienet j\u00e4rvet. S\u00e4\u00e4nj\u00e4rven lis\u00e4ksi kyl\u00e4ss\u00e4 on mm. S\u00e4ynj\u00e4rvi ja Valkj\u00e4rvi. S\u00e4\u00e4nj\u00e4rvi sijaitsee Salpaussel\u00e4n pohjoisreunalla, osittain harjualueella.<\/p>\n<p>Palvelut ovat 10 minuutin ajomatkan p\u00e4\u00e4ss\u00e4 Savitaipaleen keskustassa, Lappeenrantaan matkaa on 50, Mikkeliin 70 ja Kouvolaan 80 km.<br \/>\nKyl\u00e4n sijainti kartalla<\/p>\n<p>Palaute<br \/>\nHaluatko antaa palautetta?<\/p>\n<p>Voit l\u00e4hett\u00e4\u00e4 palautteen yll\u00e4pit\u00e4j\u00e4n s\u00e4hk\u00f6postiin.<\/p>\n","protected":false},"excerpt":{"rendered":"<p>S\u00e4\u00e4nj\u00e4rven talousalueeseen kuuluvat Jurvanen, Nikkil\u00e4, S\u00e4\u00e4nj\u00e4rvi, Viirun, Jukkaran ja Survajan kyl\u00e4t. S\u00e4\u00e4nj\u00e4rven kyl\u00e4tie kulkee l\u00e4pi avaran ja m\u00e4kisen peltomaiseman, jossa vaihtelevat mets\u00e4t, marjapellot ja niityiksi muuttuneet karjahaat. Kyl\u00e4maisemaa rikastuttavat monet pienet j\u00e4rvet. S\u00e4\u00e4nj\u00e4rven lis\u00e4ksi kyl\u00e4ss\u00e4 on mm. S\u00e4ynj\u00e4rvi ja Valkj\u00e4rvi. &hellip; <a href=\"https:\/\/kylat.ekarjala.fi\/saanjarvi\/\">Lue loppuun <span class=\"meta-nav\">&rarr;<\/span><\/a><\/p>\n","protected":false},"author":144,"featured_media":0,"parent":0,"menu_order":0,"comment_status":"open","ping_status":"open","template":"","meta":{"footnotes":""},"class_list":["post-2","page","type-page","status-publish","hentry"],"_links":{"self":[{"href":"https:\/\/kylat.ekarjala.fi\/saanjarvi\/wp-json\/wp\/v2\/pages\/2","targetHints":{"allow":["GET"]}}],"collection":[{"href":"https:\/\/kylat.ekarjala.fi\/saanjarvi\/wp-json\/wp\/v2\/pages"}],"about":[{"href":"https:\/\/kylat.ekarjala.fi\/saanjarvi\/wp-json\/wp\/v2\/types\/page"}],"author":[{"embeddable":true,"href":"https:\/\/kylat.ekarjala.fi\/saanjarvi\/wp-json\/wp\/v2\/users\/144"}],"replies":[{"embeddable":true,"href":"https:\/\/kylat.ekarjala.fi\/saanjarvi\/wp-json\/wp\/v2\/comments?post=2"}],"version-history":[{"count":1,"href":"https:\/\/kylat.ekarjala.fi\/saanjarvi\/wp-json\/wp\/v2\/pages\/2\/revisions"}],"predecessor-version":[{"id":8,"href":"https:\/\/kylat.ekarjala.fi\/saanjarvi\/wp-json\/wp\/v2\/pages\/2\/revisions\/8"}],"wp:attachment":[{"href":"https:\/\/kylat.ekarjala.fi\/saanjarvi\/wp-json\/wp\/v2\/media?parent=2"}],"curies":[{"name":"wp","href":"https:\/\/api.w.org\/{rel}","templated":true}]}}