{"id":21,"date":"2014-02-24T12:38:35","date_gmt":"2014-02-24T10:38:35","guid":{"rendered":"https:\/\/kylat.ekarjala.fi\/saanjarvi\/?page_id=21"},"modified":"2014-02-24T12:39:24","modified_gmt":"2014-02-24T10:39:24","slug":"palvelut-luettelona","status":"publish","type":"page","link":"https:\/\/kylat.ekarjala.fi\/saanjarvi\/palvelut-luettelona\/","title":{"rendered":"Palvelut luettelona"},"content":{"rendered":"<ul>\n<li>Tonttitiedot tai myyt\u00e4v\u00e4n\u00e4 olevat rakennukset\u00a0Erja Ruohio\u00a00400-836135<\/li>\n<\/ul>\n<ul>\n<li><strong>KYL\u00c4LL\u00c4 TOIMIVAT YRITT\u00c4J\u00c4T<\/strong><\/li>\n<li>Autoilija Pauli Jurvanen\u00a0\u00a0\u00a005-428704, 0400254643<\/li>\n<li>Kaivuri\u00a0Tarmo Lammi\u00a0040-5473516<\/li>\n<li>\u00a0Keramiikkapaja\u00a0Risto H\u00e4m\u00e4l\u00e4inen\u00a005-428813, 0505749496<\/li>\n<li>Mansikkaa, vadelmia, tyrni\u00e4 ym.Matti Vahvanen 05-428743<\/li>\n<li>Mec Wood \u00a0Rauli Kemppi\u00a0+35813851845<\/li>\n<li>Nipema\u00a0\u00a005-428800, 0400415483<\/li>\n<li>S\u00e4\u00e4nj\u00e4rven kotileipomo\u00a0\u00a005-428714<\/li>\n<li>Traktority\u00f6t Veikko Vanhakarhu\u00a0040-5793360<\/li>\n<li>Traktority\u00f6t,puun\u00a0kaadot, halkominen,polttopuuta,rankoja ym. Jukkara Juha 0503629439<\/li>\n<\/ul>\n<ul>\n<li>Taksi Kristiina Jurvanen\u00a00500-354933<\/li>\n<li>Taksi Juha Rahikainen\u00a00500-213350, kutsutaksi toiminta<\/li>\n<li>Bussiaikataulu\u00a0Matkahuolto\u00a0020-4053<\/li>\n<\/ul>\n<ul>\n<li><strong>HARRASTUKSET, YHDISTYKSET<\/strong><\/li>\n<li>Kalastusluvat\u00a0Pentti Saukkonen 050-5753895<\/li>\n<li>Toimivat kyl\u00e4n\u00a0harrasteryhm\u00e4t\u00a0Erja Ruohio\u00a00400-836135<\/li>\n<li>Kansalaisopiston kurssit\u00a0Kanslisti\u00a005-6140244<\/li>\n<li>Maatalousnaiset\u00a0Marita Jurvanen\u00a005-428742<\/li>\n<li>L\u00e4hetyspiiri\u00a0Terttu Jurvanen 05-428739<\/li>\n<li>Kyl\u00e4yhdistys Sytyke ry yhteystiedot\u00a0,Maiju H\u00f6ls\u00e4 0405407237,Erja Ruohio\u00a00400-836135<\/li>\n<li>Urheiluseura\u00a0S\u00e4\u00e4nj\u00e4rven Osasto,\u00a0Markku M\u00e4ntykivi 0400\u00a0655561<\/li>\n<li>Mets\u00e4stysseura\u00a0Pohjanp\u00e4\u00e4n Er\u00e4 Ry, Pentti H\u00f6ls\u00e4\u00a0050-5852964<\/li>\n<\/ul>\n<ul>\n<li><strong>KUNNAN ALUEEN HARRASTUKSET<\/strong><\/li>\n<li>Seurakunnan kerhot\u00a0\u00a005-4160012<\/li>\n<li>Ratsastustalli\u00a0Karoliina Laurila\u00a0050-5548359<\/li>\n<li>Savit. Rats Talli\u00a00400-755905<\/li>\n<li>Yleinen kunnan venepaikka\u00a0\u00a005-6140302<\/li>\n<li>J\u00e4\u00e4halli\u00a0\u00a00400-655710<\/li>\n<li>Uimahalli\u00a0Toimintakeskus Suvanto\u00a005-6773700<\/li>\n<li>Kuntosali\u00a0Savikunto 05-4160990<\/li>\n<li>Urheilutalo 05-6140307<\/li>\n<li>Kirjasto\u00a0\u00a005-6140246<\/li>\n<li>Tenniskentt\u00e4\u00a0Kirkonkyl\u00e4 \/R-Kioski 05-4160640\u00a005-428745<\/li>\n<\/ul>\n<ul>\n<li><strong>AUTOKORJAAMO,RENGASLIIKE<\/strong><\/li>\n<li>AD-Auto-pelti- ja konekorjaamo\u00a0Jouko Ruohio\u00a005-4561656<\/li>\n<li>Jo Te Rengaspalvelu ky\u00a0Teuvo Ahonen\u00a005-4561651<\/li>\n<\/ul>\n<ul>\n<li><strong>T\u00c4RKEIT\u00c4 NUMEROITA<\/strong><\/li>\n<li>Terveyskeskus\u00a0\u00a005-6140500<\/li>\n<li>Apteekki\u00a0\u00a005-4160007<\/li>\n<li>El\u00e4inl\u00e4\u00e4k\u00e4rin puh nro\u00a0Heidi Kummunsalo, 0400-256174\u00a005-6140560<\/li>\n<li>P\u00e4iv\u00e4hoitotiedot\u00a0Ritva Nikkil\u00e4,\u00a0<a href=\"http:\/\/www.savitaipale.fi\/\">www.savitaipale.fi<\/a>\u00a005-6140222<\/li>\n<li><\/li>\n<li>Kirkko\u00a0\u00a005-4160012<\/li>\n<li>Lukio\u00a0\u00a005-6140250<\/li>\n<li>Peruskoulu\u00a0Ala-aste\/kk 05-6140270, Heituinlahti 05-6140282, Yl\u00e4-aste 05-6140255<\/li>\n<\/ul>\n<ul>\n<li><strong>RAKENTAMISEEN LIITTYV\u00c4\u00c4<\/strong><\/li>\n<li>Rakennusluvat\u00a0Rakennustarkastaja Aila Kunttu-Nikkil\u00e4\u00a005-6140305<\/li>\n<li>Kaivo-, vesi- ja viem\u00e4riasiat\u00a0Ymp\u00e4rist\u00f6sihteeri Jarmo Karhula\u00a005-6140308<\/li>\n<li>Palokunta\/palotarkastaja\u00a0Palotarkastaja Markku Lopperi\u00a0020-4967029<\/li>\n<li>S\u00e4hk\u00f6laitos\u00a0Lappeenrannan Energia\u00a0020-1776111<\/li>\n<li>Kierr\u00e4tyskeskus\u00a0\u00a00400-631395<\/li>\n<li>Arkkitehtipalvelut\u00a0Ville Tuura\u00a0050-5180901<\/li>\n<li>S\u00e4hk\u00f6urakointi Hannu Aapro Ky\u00a005-4160486<\/li>\n<li>Ruutukaari,ikkunat, ovet 05-4160067, 05-4160 065<\/li>\n<li><\/li>\n<li>TIETOJEN MUUTOKSET\u00a0Yhteyshenkil\u00f6: Erja Ruohio\u00a00400-836135<\/li>\n<\/ul>\n","protected":false},"excerpt":{"rendered":"<p>Tonttitiedot tai myyt\u00e4v\u00e4n\u00e4 olevat rakennukset\u00a0Erja Ruohio\u00a00400-836135 KYL\u00c4LL\u00c4 TOIMIVAT YRITT\u00c4J\u00c4T Autoilija Pauli Jurvanen\u00a0\u00a0\u00a005-428704, 0400254643 Kaivuri\u00a0Tarmo Lammi\u00a0040-5473516 \u00a0Keramiikkapaja\u00a0Risto H\u00e4m\u00e4l\u00e4inen\u00a005-428813, 0505749496 Mansikkaa, vadelmia, tyrni\u00e4 ym.Matti Vahvanen 05-428743 Mec Wood \u00a0Rauli Kemppi\u00a0+35813851845 Nipema\u00a0\u00a005-428800, 0400415483 S\u00e4\u00e4nj\u00e4rven kotileipomo\u00a0\u00a005-428714 Traktority\u00f6t Veikko Vanhakarhu\u00a0040-5793360 Traktority\u00f6t,puun\u00a0kaadot, halkominen,polttopuuta,rankoja ym. Jukkara Juha &hellip; <a href=\"https:\/\/kylat.ekarjala.fi\/saanjarvi\/palvelut-luettelona\/\">Lue loppuun <span class=\"meta-nav\">&rarr;<\/span><\/a><\/p>\n","protected":false},"author":1,"featured_media":0,"parent":0,"menu_order":0,"comment_status":"open","ping_status":"closed","template":"","meta":{"footnotes":""},"class_list":["post-21","page","type-page","status-publish","hentry"],"_links":{"self":[{"href":"https:\/\/kylat.ekarjala.fi\/saanjarvi\/wp-json\/wp\/v2\/pages\/21","targetHints":{"allow":["GET"]}}],"collection":[{"href":"https:\/\/kylat.ekarjala.fi\/saanjarvi\/wp-json\/wp\/v2\/pages"}],"about":[{"href":"https:\/\/kylat.ekarjala.fi\/saanjarvi\/wp-json\/wp\/v2\/types\/page"}],"author":[{"embeddable":true,"href":"https:\/\/kylat.ekarjala.fi\/saanjarvi\/wp-json\/wp\/v2\/users\/1"}],"replies":[{"embeddable":true,"href":"https:\/\/kylat.ekarjala.fi\/saanjarvi\/wp-json\/wp\/v2\/comments?post=21"}],"version-history":[{"count":4,"href":"https:\/\/kylat.ekarjala.fi\/saanjarvi\/wp-json\/wp\/v2\/pages\/21\/revisions"}],"predecessor-version":[{"id":26,"href":"https:\/\/kylat.ekarjala.fi\/saanjarvi\/wp-json\/wp\/v2\/pages\/21\/revisions\/26"}],"wp:attachment":[{"href":"https:\/\/kylat.ekarjala.fi\/saanjarvi\/wp-json\/wp\/v2\/media?parent=21"}],"curies":[{"name":"wp","href":"https:\/\/api.w.org\/{rel}","templated":true}]}}