{"id":27,"date":"2014-02-24T12:39:40","date_gmt":"2014-02-24T10:39:40","guid":{"rendered":"https:\/\/kylat.ekarjala.fi\/saanjarvi\/?page_id=27"},"modified":"2014-02-24T12:39:40","modified_gmt":"2014-02-24T10:39:40","slug":"jatehuolto","status":"publish","type":"page","link":"https:\/\/kylat.ekarjala.fi\/saanjarvi\/jatehuolto\/","title":{"rendered":"J\u00e4tehuolto"},"content":{"rendered":"<p>J\u00e4tteiden hoito<br \/>\nS\u00e4\u00e4nj\u00e4rven  j\u00e4tteiden alueker\u00e4yspiste sijaitsee S\u00e4\u00e4nj\u00e4rven lavan l\u00e4heisyydess\u00e4, S\u00e4\u00e4nj\u00e4rventie 53<\/p>\n<p>Ymp\u00e4rist\u00f6suojelu sihteerin tavoitat numerosta 05- 6140 308 tai 040571 8032 <\/p>\n","protected":false},"excerpt":{"rendered":"<p>J\u00e4tteiden hoito S\u00e4\u00e4nj\u00e4rven j\u00e4tteiden alueker\u00e4yspiste sijaitsee S\u00e4\u00e4nj\u00e4rven lavan l\u00e4heisyydess\u00e4, S\u00e4\u00e4nj\u00e4rventie 53 Ymp\u00e4rist\u00f6suojelu sihteerin tavoitat numerosta 05- 6140 308 tai 040571 8032<\/p>\n","protected":false},"author":1,"featured_media":0,"parent":0,"menu_order":0,"comment_status":"open","ping_status":"closed","template":"","meta":{"footnotes":""},"class_list":["post-27","page","type-page","status-publish","hentry"],"_links":{"self":[{"href":"https:\/\/kylat.ekarjala.fi\/saanjarvi\/wp-json\/wp\/v2\/pages\/27","targetHints":{"allow":["GET"]}}],"collection":[{"href":"https:\/\/kylat.ekarjala.fi\/saanjarvi\/wp-json\/wp\/v2\/pages"}],"about":[{"href":"https:\/\/kylat.ekarjala.fi\/saanjarvi\/wp-json\/wp\/v2\/types\/page"}],"author":[{"embeddable":true,"href":"https:\/\/kylat.ekarjala.fi\/saanjarvi\/wp-json\/wp\/v2\/users\/1"}],"replies":[{"embeddable":true,"href":"https:\/\/kylat.ekarjala.fi\/saanjarvi\/wp-json\/wp\/v2\/comments?post=27"}],"version-history":[{"count":1,"href":"https:\/\/kylat.ekarjala.fi\/saanjarvi\/wp-json\/wp\/v2\/pages\/27\/revisions"}],"predecessor-version":[{"id":29,"href":"https:\/\/kylat.ekarjala.fi\/saanjarvi\/wp-json\/wp\/v2\/pages\/27\/revisions\/29"}],"wp:attachment":[{"href":"https:\/\/kylat.ekarjala.fi\/saanjarvi\/wp-json\/wp\/v2\/media?parent=27"}],"curies":[{"name":"wp","href":"https:\/\/api.w.org\/{rel}","templated":true}]}}