{"id":38,"date":"2014-02-24T12:41:16","date_gmt":"2014-02-24T10:41:16","guid":{"rendered":"https:\/\/kylat.ekarjala.fi\/saanjarvi\/?page_id=38"},"modified":"2014-02-24T12:41:16","modified_gmt":"2014-02-24T10:41:16","slug":"saanjarven-lava","status":"publish","type":"page","link":"https:\/\/kylat.ekarjala.fi\/saanjarvi\/saanjarven-lava\/","title":{"rendered":"S\u00e4\u00e4nj\u00e4rven lava"},"content":{"rendered":"<p><a href=\"https:\/\/kylat.ekarjala.fi\/saanjarvi\/wp-content\/uploads\/sites\/68\/2014\/02\/2.jpg\"><img loading=\"lazy\" decoding=\"async\" class=\"alignnone size-full wp-image-37\" alt=\"OLYMPUS DIGITAL CAMERA\" src=\"https:\/\/kylat.ekarjala.fi\/saanjarvi\/wp-content\/uploads\/sites\/68\/2014\/02\/2.jpg\" width=\"400\" height=\"348\" srcset=\"https:\/\/kylat.ekarjala.fi\/saanjarvi\/wp-content\/uploads\/sites\/68\/2014\/02\/2.jpg 400w, https:\/\/kylat.ekarjala.fi\/saanjarvi\/wp-content\/uploads\/sites\/68\/2014\/02\/2-300x261.jpg 300w\" sizes=\"auto, (max-width: 400px) 100vw, 400px\" \/><\/a>Jos tanssijalkaa kutittaa, kannattaa poiketa suositulle S\u00e4\u00e4nj\u00e4rven lavalle.<br \/>\nStu-linkist\u00e4 l\u00f6yd\u00e4t my\u00f6s kes\u00e4n esiintyj\u00e4t ja tanssi-illat.<\/p>\n","protected":false},"excerpt":{"rendered":"<p>Jos tanssijalkaa kutittaa, kannattaa poiketa suositulle S\u00e4\u00e4nj\u00e4rven lavalle. Stu-linkist\u00e4 l\u00f6yd\u00e4t my\u00f6s kes\u00e4n esiintyj\u00e4t ja tanssi-illat.<\/p>\n","protected":false},"author":1,"featured_media":0,"parent":0,"menu_order":0,"comment_status":"open","ping_status":"closed","template":"","meta":{"footnotes":""},"class_list":["post-38","page","type-page","status-publish","hentry"],"_links":{"self":[{"href":"https:\/\/kylat.ekarjala.fi\/saanjarvi\/wp-json\/wp\/v2\/pages\/38","targetHints":{"allow":["GET"]}}],"collection":[{"href":"https:\/\/kylat.ekarjala.fi\/saanjarvi\/wp-json\/wp\/v2\/pages"}],"about":[{"href":"https:\/\/kylat.ekarjala.fi\/saanjarvi\/wp-json\/wp\/v2\/types\/page"}],"author":[{"embeddable":true,"href":"https:\/\/kylat.ekarjala.fi\/saanjarvi\/wp-json\/wp\/v2\/users\/1"}],"replies":[{"embeddable":true,"href":"https:\/\/kylat.ekarjala.fi\/saanjarvi\/wp-json\/wp\/v2\/comments?post=38"}],"version-history":[{"count":1,"href":"https:\/\/kylat.ekarjala.fi\/saanjarvi\/wp-json\/wp\/v2\/pages\/38\/revisions"}],"predecessor-version":[{"id":40,"href":"https:\/\/kylat.ekarjala.fi\/saanjarvi\/wp-json\/wp\/v2\/pages\/38\/revisions\/40"}],"wp:attachment":[{"href":"https:\/\/kylat.ekarjala.fi\/saanjarvi\/wp-json\/wp\/v2\/media?parent=38"}],"curies":[{"name":"wp","href":"https:\/\/api.w.org\/{rel}","templated":true}]}}