{"id":44,"date":"2014-02-24T12:41:47","date_gmt":"2014-02-24T10:41:47","guid":{"rendered":"https:\/\/kylat.ekarjala.fi\/saanjarvi\/?page_id=44"},"modified":"2014-02-24T12:41:47","modified_gmt":"2014-02-24T10:41:47","slug":"tontteja","status":"publish","type":"page","link":"https:\/\/kylat.ekarjala.fi\/saanjarvi\/tontteja\/","title":{"rendered":"Tontteja"},"content":{"rendered":"<p>Haluatko kyl\u00e4lle asumaan?<br \/>\nMyyt\u00e4v\u00e4n\u00e4 olevat tontit<\/p>\n<p>Tontti Kaarakka, pinta-ala 7340 m2, myyj\u00e4 Savitaipaleen kunta<\/p>\n<p>Tontti Hytti, pinta-ala 4100 m2, myyj\u00e4 yksityinen<\/p>\n","protected":false},"excerpt":{"rendered":"<p>Haluatko kyl\u00e4lle asumaan? Myyt\u00e4v\u00e4n\u00e4 olevat tontit Tontti Kaarakka, pinta-ala 7340 m2, myyj\u00e4 Savitaipaleen kunta Tontti Hytti, pinta-ala 4100 m2, myyj\u00e4 yksityinen<\/p>\n","protected":false},"author":1,"featured_media":0,"parent":0,"menu_order":0,"comment_status":"open","ping_status":"closed","template":"","meta":{"footnotes":""},"class_list":["post-44","page","type-page","status-publish","hentry"],"_links":{"self":[{"href":"https:\/\/kylat.ekarjala.fi\/saanjarvi\/wp-json\/wp\/v2\/pages\/44","targetHints":{"allow":["GET"]}}],"collection":[{"href":"https:\/\/kylat.ekarjala.fi\/saanjarvi\/wp-json\/wp\/v2\/pages"}],"about":[{"href":"https:\/\/kylat.ekarjala.fi\/saanjarvi\/wp-json\/wp\/v2\/types\/page"}],"author":[{"embeddable":true,"href":"https:\/\/kylat.ekarjala.fi\/saanjarvi\/wp-json\/wp\/v2\/users\/1"}],"replies":[{"embeddable":true,"href":"https:\/\/kylat.ekarjala.fi\/saanjarvi\/wp-json\/wp\/v2\/comments?post=44"}],"version-history":[{"count":1,"href":"https:\/\/kylat.ekarjala.fi\/saanjarvi\/wp-json\/wp\/v2\/pages\/44\/revisions"}],"predecessor-version":[{"id":46,"href":"https:\/\/kylat.ekarjala.fi\/saanjarvi\/wp-json\/wp\/v2\/pages\/44\/revisions\/46"}],"wp:attachment":[{"href":"https:\/\/kylat.ekarjala.fi\/saanjarvi\/wp-json\/wp\/v2\/media?parent=44"}],"curies":[{"name":"wp","href":"https:\/\/api.w.org\/{rel}","templated":true}]}}