{"id":50,"date":"2014-02-24T12:42:10","date_gmt":"2014-02-24T10:42:10","guid":{"rendered":"https:\/\/kylat.ekarjala.fi\/saanjarvi\/?page_id=50"},"modified":"2014-02-24T12:42:10","modified_gmt":"2014-02-24T10:42:10","slug":"kehittamisyhdistys","status":"publish","type":"page","link":"https:\/\/kylat.ekarjala.fi\/saanjarvi\/kehittamisyhdistys\/","title":{"rendered":"Kehitt\u00e4misyhdistys"},"content":{"rendered":"<p>S\u00e4\u00e4nj\u00e4rven kyl\u00e4n kehitt\u00e4misyhdistys Sytyke ry<br \/>\nS\u00e4\u00e4nj\u00e4rven kyl\u00e4n kehitt\u00e4misyhdistys Sytyke ry on perustettu vuonna 2001.Alkutaipaleella oli p\u00e4\u00e4asiana kyl\u00e4koulun tukeminen, oppilaiden, kodin ja kyl\u00e4l\u00e4isten yhteisty\u00f6.Koulun toimintaa tuettiin, j\u00e4rjest\u00e4m\u00e4ll\u00e4 oppilaille v\u00e4lipaloja, kerhotoimintaa sek\u00e4 kev\u00e4isin opintoretki.Varat hankittiin myyj\u00e4isill\u00e4, arpajaisilla, erilaisilla tapahtumilla sek\u00e4 j\u00e4rjest\u00e4m\u00e4ll\u00e4 leiritoimintaa ulkopuolisille asiakkaille.Yhdistys on rakentanut, ja yll\u00e4pit\u00e4\u00e4 S\u00e4\u00e4nj\u00e4rven retkipolkua.<\/p>\n<p>Nykyinen tavoite on kyl\u00e4n kehitt\u00e4minen. Asukkaiden viihtyvyys ja hyvinvointi. Uusien asukkaiden hankinta.Yhteisty\u00f6 toisten kylien ja j\u00e4rjest\u00f6jen kanssa.<\/p>\n<p>Yhteyshenkil\u00f6: Puheenjohtaja Maiju H\u00f6ls\u00e4 040 5407237<\/p>\n","protected":false},"excerpt":{"rendered":"<p>S\u00e4\u00e4nj\u00e4rven kyl\u00e4n kehitt\u00e4misyhdistys Sytyke ry S\u00e4\u00e4nj\u00e4rven kyl\u00e4n kehitt\u00e4misyhdistys Sytyke ry on perustettu vuonna 2001.Alkutaipaleella oli p\u00e4\u00e4asiana kyl\u00e4koulun tukeminen, oppilaiden, kodin ja kyl\u00e4l\u00e4isten yhteisty\u00f6.Koulun toimintaa tuettiin, j\u00e4rjest\u00e4m\u00e4ll\u00e4 oppilaille v\u00e4lipaloja, kerhotoimintaa sek\u00e4 kev\u00e4isin opintoretki.Varat hankittiin myyj\u00e4isill\u00e4, arpajaisilla, erilaisilla tapahtumilla sek\u00e4 j\u00e4rjest\u00e4m\u00e4ll\u00e4 leiritoimintaa &hellip; <a href=\"https:\/\/kylat.ekarjala.fi\/saanjarvi\/kehittamisyhdistys\/\">Lue loppuun <span class=\"meta-nav\">&rarr;<\/span><\/a><\/p>\n","protected":false},"author":1,"featured_media":0,"parent":0,"menu_order":0,"comment_status":"open","ping_status":"closed","template":"","meta":{"footnotes":""},"class_list":["post-50","page","type-page","status-publish","hentry"],"_links":{"self":[{"href":"https:\/\/kylat.ekarjala.fi\/saanjarvi\/wp-json\/wp\/v2\/pages\/50","targetHints":{"allow":["GET"]}}],"collection":[{"href":"https:\/\/kylat.ekarjala.fi\/saanjarvi\/wp-json\/wp\/v2\/pages"}],"about":[{"href":"https:\/\/kylat.ekarjala.fi\/saanjarvi\/wp-json\/wp\/v2\/types\/page"}],"author":[{"embeddable":true,"href":"https:\/\/kylat.ekarjala.fi\/saanjarvi\/wp-json\/wp\/v2\/users\/1"}],"replies":[{"embeddable":true,"href":"https:\/\/kylat.ekarjala.fi\/saanjarvi\/wp-json\/wp\/v2\/comments?post=50"}],"version-history":[{"count":1,"href":"https:\/\/kylat.ekarjala.fi\/saanjarvi\/wp-json\/wp\/v2\/pages\/50\/revisions"}],"predecessor-version":[{"id":52,"href":"https:\/\/kylat.ekarjala.fi\/saanjarvi\/wp-json\/wp\/v2\/pages\/50\/revisions\/52"}],"wp:attachment":[{"href":"https:\/\/kylat.ekarjala.fi\/saanjarvi\/wp-json\/wp\/v2\/media?parent=50"}],"curies":[{"name":"wp","href":"https:\/\/api.w.org\/{rel}","templated":true}]}}