{"id":53,"date":"2014-02-24T12:42:36","date_gmt":"2014-02-24T10:42:36","guid":{"rendered":"https:\/\/kylat.ekarjala.fi\/saanjarvi\/?page_id=53"},"modified":"2014-02-24T12:42:36","modified_gmt":"2014-02-24T10:42:36","slug":"sytyke-ry-historia","status":"publish","type":"page","link":"https:\/\/kylat.ekarjala.fi\/saanjarvi\/sytyke-ry-historia\/","title":{"rendered":"Sytyke ry historia"},"content":{"rendered":"<p>S\u00e4\u00e4nj\u00e4rven koulun kehitt\u00e4misyhdistys Sytyke ry<br \/>\nSytykkeen tarkoituksena on tukea ja kehitt\u00e4\u00e4 S\u00e4\u00e4nj\u00e4rven koulun toimintaa, edist\u00e4\u00e4 koulun er\u00e4hanketta j\u00e4rjest\u00e4m\u00e4ll\u00e4 talkoita, hankkimalla yhteisty\u00f6kumppaneita ja tiedottamalla toiminnasta sek\u00e4 tehd\u00e4 ja edist\u00e4\u00e4 kodin ja koulun v\u00e4list\u00e4  yhteisty\u00f6t\u00e4.<br \/>\nEr\u00e4kouluhankkeeseen liittyen koulun ja Valkj\u00e4rven ymp\u00e4rist\u00f6\u00f6n on tehty luontopolku, jonka varrella ovat laavu, kota sek\u00e4 lintutorni.<\/p>\n<p>S\u00e4\u00e4nj\u00e4rven retkipolun kokonaispituus on 3,7 km. Reitti l\u00e4htee koululta, kulkee teit\u00e4 ja metsi\u00e4 pitkin Valkj\u00e4rven ymp\u00e4ri takaisin koululle. Valkj\u00e4rven reunassa on suota, jonne on rakennettu pitkospuut ja lintutorni. Paikka on Savitaipaleen linturetkeilykohde<\/p>\n<p>Sytyke on hankkinut toiminnassaan tarvitsemiaan v\u00e4lineit\u00e4 ja varusteita, j\u00e4rjest\u00e4nyt kyl\u00e4n ja koulun yhteisi\u00e4 keskustelu-, virkistys-, liikunta- sek\u00e4 retkeilytapahtumia ja teemoja sek\u00e4 tiedottanut toiminnasta yhteisty\u00f6kumppaneille ja ulkopuolisille ryhmille.<\/p>\n<p>Talvisin Sytyke on l\u00e4mmitt\u00e4nyt joka sunnuntain avantosaunan ja saunomisen j\u00e4lkeen on ollut mahdollisuus juoda kahvia.<\/p>\n<p>Toimintansa tukemiseksi yhdistys on ker\u00e4nnyt j\u00e4senmaksuja sek\u00e4 j\u00e4rjest\u00e4nyt juhlia, myyj\u00e4isi\u00e4, arpajaisia ja ker\u00e4yksi\u00e4. Lis\u00e4ksi Sytykkeen kautta on vuokrattu er\u00e4palveluja ulkopuoliselle. S\u00e4\u00e4nj\u00e4rven koululla ulkopuoliset ryhm\u00e4t ovat pit\u00e4neet leirikoulua, viikonlopputilaisuuksia ja leirej\u00e4.<\/p>\n<p>Sytykkeess\u00e4 puheenjohtajana toimi Erja Ruohio ja sihteerin\u00e4 Timo Mikkola.S\u00e4\u00e4nj\u00e4rven koulun lakkautuessa 2004 muutti j\u00e4rjest\u00f6 nimekseen S\u00e4\u00e4nj\u00e4rven kyl\u00e4n kehitt\u00e4misyhdistys Sytyke r<\/p>\n","protected":false},"excerpt":{"rendered":"<p>S\u00e4\u00e4nj\u00e4rven koulun kehitt\u00e4misyhdistys Sytyke ry Sytykkeen tarkoituksena on tukea ja kehitt\u00e4\u00e4 S\u00e4\u00e4nj\u00e4rven koulun toimintaa, edist\u00e4\u00e4 koulun er\u00e4hanketta j\u00e4rjest\u00e4m\u00e4ll\u00e4 talkoita, hankkimalla yhteisty\u00f6kumppaneita ja tiedottamalla toiminnasta sek\u00e4 tehd\u00e4 ja edist\u00e4\u00e4 kodin ja koulun v\u00e4list\u00e4 yhteisty\u00f6t\u00e4. Er\u00e4kouluhankkeeseen liittyen koulun ja Valkj\u00e4rven ymp\u00e4rist\u00f6\u00f6n on &hellip; <a href=\"https:\/\/kylat.ekarjala.fi\/saanjarvi\/sytyke-ry-historia\/\">Lue loppuun <span class=\"meta-nav\">&rarr;<\/span><\/a><\/p>\n","protected":false},"author":1,"featured_media":0,"parent":0,"menu_order":0,"comment_status":"open","ping_status":"closed","template":"","meta":{"footnotes":""},"class_list":["post-53","page","type-page","status-publish","hentry"],"_links":{"self":[{"href":"https:\/\/kylat.ekarjala.fi\/saanjarvi\/wp-json\/wp\/v2\/pages\/53","targetHints":{"allow":["GET"]}}],"collection":[{"href":"https:\/\/kylat.ekarjala.fi\/saanjarvi\/wp-json\/wp\/v2\/pages"}],"about":[{"href":"https:\/\/kylat.ekarjala.fi\/saanjarvi\/wp-json\/wp\/v2\/types\/page"}],"author":[{"embeddable":true,"href":"https:\/\/kylat.ekarjala.fi\/saanjarvi\/wp-json\/wp\/v2\/users\/1"}],"replies":[{"embeddable":true,"href":"https:\/\/kylat.ekarjala.fi\/saanjarvi\/wp-json\/wp\/v2\/comments?post=53"}],"version-history":[{"count":1,"href":"https:\/\/kylat.ekarjala.fi\/saanjarvi\/wp-json\/wp\/v2\/pages\/53\/revisions"}],"predecessor-version":[{"id":55,"href":"https:\/\/kylat.ekarjala.fi\/saanjarvi\/wp-json\/wp\/v2\/pages\/53\/revisions\/55"}],"wp:attachment":[{"href":"https:\/\/kylat.ekarjala.fi\/saanjarvi\/wp-json\/wp\/v2\/media?parent=53"}],"curies":[{"name":"wp","href":"https:\/\/api.w.org\/{rel}","templated":true}]}}