{"id":56,"date":"2014-02-24T12:42:55","date_gmt":"2014-02-24T10:42:55","guid":{"rendered":"https:\/\/kylat.ekarjala.fi\/saanjarvi\/?page_id=56"},"modified":"2014-02-24T12:42:55","modified_gmt":"2014-02-24T10:42:55","slug":"maatalousnaiset","status":"publish","type":"page","link":"https:\/\/kylat.ekarjala.fi\/saanjarvi\/maatalousnaiset\/","title":{"rendered":"Maatalousnaiset"},"content":{"rendered":"<p>S\u00e4\u00e4nj\u00e4rven-Viirun maatalousnaiset<br \/>\nS\u00e4\u00e4nj\u00e4rven &#8211; Viirun Maatalousnaiset<br \/>\nMaatalousnaisten toiminta alkoi 1970-luvulla. Toiminta-ajatuksena on maaseudun ihmisten henkisen ja aineellisen hyvinvoinnin kohottaminen. Toimintaan kuuluvat kotitalous-, puu-, puutarha- ja maatalousneuvonta, tuoremehuasema, kotipalvelutoiminta, muonitukset, retket, yhteisostot ja naisosastojen kerhotoiminta.<\/p>\n<p> Puheenjohtajana toimii Marita Jurvanen puh.05-428742<\/p>\n<p>Maatalousnaisilla on ilmainen uintivuoro j\u00e4senilleen Suvanossa ti klo 19.30-21.00.Uintivuoro on yhteinen maataloustuottajien, yritt\u00e4jien ja maa-ja kotitalousnaisien kanssa.<\/p>\n","protected":false},"excerpt":{"rendered":"<p>S\u00e4\u00e4nj\u00e4rven-Viirun maatalousnaiset S\u00e4\u00e4nj\u00e4rven &#8211; Viirun Maatalousnaiset Maatalousnaisten toiminta alkoi 1970-luvulla. Toiminta-ajatuksena on maaseudun ihmisten henkisen ja aineellisen hyvinvoinnin kohottaminen. Toimintaan kuuluvat kotitalous-, puu-, puutarha- ja maatalousneuvonta, tuoremehuasema, kotipalvelutoiminta, muonitukset, retket, yhteisostot ja naisosastojen kerhotoiminta. Puheenjohtajana toimii Marita Jurvanen puh.05-428742 Maatalousnaisilla &hellip; <a href=\"https:\/\/kylat.ekarjala.fi\/saanjarvi\/maatalousnaiset\/\">Lue loppuun <span class=\"meta-nav\">&rarr;<\/span><\/a><\/p>\n","protected":false},"author":1,"featured_media":0,"parent":0,"menu_order":0,"comment_status":"open","ping_status":"closed","template":"","meta":{"footnotes":""},"class_list":["post-56","page","type-page","status-publish","hentry"],"_links":{"self":[{"href":"https:\/\/kylat.ekarjala.fi\/saanjarvi\/wp-json\/wp\/v2\/pages\/56","targetHints":{"allow":["GET"]}}],"collection":[{"href":"https:\/\/kylat.ekarjala.fi\/saanjarvi\/wp-json\/wp\/v2\/pages"}],"about":[{"href":"https:\/\/kylat.ekarjala.fi\/saanjarvi\/wp-json\/wp\/v2\/types\/page"}],"author":[{"embeddable":true,"href":"https:\/\/kylat.ekarjala.fi\/saanjarvi\/wp-json\/wp\/v2\/users\/1"}],"replies":[{"embeddable":true,"href":"https:\/\/kylat.ekarjala.fi\/saanjarvi\/wp-json\/wp\/v2\/comments?post=56"}],"version-history":[{"count":1,"href":"https:\/\/kylat.ekarjala.fi\/saanjarvi\/wp-json\/wp\/v2\/pages\/56\/revisions"}],"predecessor-version":[{"id":58,"href":"https:\/\/kylat.ekarjala.fi\/saanjarvi\/wp-json\/wp\/v2\/pages\/56\/revisions\/58"}],"wp:attachment":[{"href":"https:\/\/kylat.ekarjala.fi\/saanjarvi\/wp-json\/wp\/v2\/media?parent=56"}],"curies":[{"name":"wp","href":"https:\/\/api.w.org\/{rel}","templated":true}]}}