{"id":59,"date":"2014-02-24T12:43:07","date_gmt":"2014-02-24T10:43:07","guid":{"rendered":"https:\/\/kylat.ekarjala.fi\/saanjarvi\/?page_id=59"},"modified":"2014-02-24T12:43:07","modified_gmt":"2014-02-24T10:43:07","slug":"metsastyseura","status":"publish","type":"page","link":"https:\/\/kylat.ekarjala.fi\/saanjarvi\/metsastyseura\/","title":{"rendered":"Mets\u00e4styseura"},"content":{"rendered":"<p>Pohjanp\u00e4\u00e4n Er\u00e4 ry<br \/>\nPohjanp\u00e4\u00e4n Er\u00e4 on kyl\u00e4ss\u00e4mme toimiva mets\u00e4stysseura.Seura omistaa vanhan hirsisen mets\u00e4stysmajana tunnetun hirsitalon, miss\u00e4 j\u00e4rjestet\u00e4\u00e4n kyl\u00e4n hirvipeijaiset, sek\u00e4 j\u00e4rjest\u00f6jen yhteiset pikkujoulut.Mets\u00e4stysseura on rakentanut tontilleen my\u00f6s nylkykatoksen ja uuden saunarakennuksen takkatupineen.Seura on aktiivisesti osallistunut kyl\u00e4n kehitt\u00e4misohjelmiin.<\/p>\n<p>Puheenjohtaja Pentti H\u00f6ls\u00e4 puh. 050 5852 964<\/p>\n","protected":false},"excerpt":{"rendered":"<p>Pohjanp\u00e4\u00e4n Er\u00e4 ry Pohjanp\u00e4\u00e4n Er\u00e4 on kyl\u00e4ss\u00e4mme toimiva mets\u00e4stysseura.Seura omistaa vanhan hirsisen mets\u00e4stysmajana tunnetun hirsitalon, miss\u00e4 j\u00e4rjestet\u00e4\u00e4n kyl\u00e4n hirvipeijaiset, sek\u00e4 j\u00e4rjest\u00f6jen yhteiset pikkujoulut.Mets\u00e4stysseura on rakentanut tontilleen my\u00f6s nylkykatoksen ja uuden saunarakennuksen takkatupineen.Seura on aktiivisesti osallistunut kyl\u00e4n kehitt\u00e4misohjelmiin. Puheenjohtaja Pentti H\u00f6ls\u00e4 &hellip; <a href=\"https:\/\/kylat.ekarjala.fi\/saanjarvi\/metsastyseura\/\">Lue loppuun <span class=\"meta-nav\">&rarr;<\/span><\/a><\/p>\n","protected":false},"author":1,"featured_media":0,"parent":0,"menu_order":0,"comment_status":"open","ping_status":"closed","template":"","meta":{"footnotes":""},"class_list":["post-59","page","type-page","status-publish","hentry"],"_links":{"self":[{"href":"https:\/\/kylat.ekarjala.fi\/saanjarvi\/wp-json\/wp\/v2\/pages\/59","targetHints":{"allow":["GET"]}}],"collection":[{"href":"https:\/\/kylat.ekarjala.fi\/saanjarvi\/wp-json\/wp\/v2\/pages"}],"about":[{"href":"https:\/\/kylat.ekarjala.fi\/saanjarvi\/wp-json\/wp\/v2\/types\/page"}],"author":[{"embeddable":true,"href":"https:\/\/kylat.ekarjala.fi\/saanjarvi\/wp-json\/wp\/v2\/users\/1"}],"replies":[{"embeddable":true,"href":"https:\/\/kylat.ekarjala.fi\/saanjarvi\/wp-json\/wp\/v2\/comments?post=59"}],"version-history":[{"count":1,"href":"https:\/\/kylat.ekarjala.fi\/saanjarvi\/wp-json\/wp\/v2\/pages\/59\/revisions"}],"predecessor-version":[{"id":61,"href":"https:\/\/kylat.ekarjala.fi\/saanjarvi\/wp-json\/wp\/v2\/pages\/59\/revisions\/61"}],"wp:attachment":[{"href":"https:\/\/kylat.ekarjala.fi\/saanjarvi\/wp-json\/wp\/v2\/media?parent=59"}],"curies":[{"name":"wp","href":"https:\/\/api.w.org\/{rel}","templated":true}]}}