{"id":62,"date":"2014-02-24T12:43:20","date_gmt":"2014-02-24T10:43:20","guid":{"rendered":"https:\/\/kylat.ekarjala.fi\/saanjarvi\/?page_id=62"},"modified":"2014-02-24T12:43:20","modified_gmt":"2014-02-24T10:43:20","slug":"metsastysseuran-historiaa","status":"publish","type":"page","link":"https:\/\/kylat.ekarjala.fi\/saanjarvi\/metsastysseuran-historiaa\/","title":{"rendered":"Mets\u00e4stysseuran historiaa"},"content":{"rendered":"<p>Pohjanp\u00e4\u00e4n Er\u00e4 ry<br \/>\nMets\u00e4stysseura on perustettu 10.5.1963. T\u00e4ll\u00e4 hetkell\u00e4 Pohjanp\u00e4\u00e4n Er\u00e4n johtokunnan puheenjohtajana toimi Tauno Rustholkarhu, varalla on Eino Viiru. Seuran sihteerin\u00e4 toimi Seppo Vahvanen. J\u00e4senin\u00e4 toimivat Mauno Laari, Arvo H\u00e4m\u00e4l\u00e4inen, Viljo Ruokoniemi, Viljo Vanhakarhu sek\u00e4 Teuvo Kaijansinkko.<br \/>\nAiemmin puheenjohtajina ovat toimineet Eino Viiru ja Arvo H\u00e4m\u00e4l\u00e4inen. Aiempia sihteerej\u00e4 ovat olleet Hannu Inkeroinen, Jukka Tikka ja Pentti H\u00f6ls\u00e4.<\/p>\n<p>Pohjanp\u00e4\u00e4n Er\u00e4 alkoi vuonna 1977 kysell\u00e4 mets\u00e4stysmajalle tonttia ja 1.7.77 sopiva tontti saatiin vuokrattua Hannu ja Kerttu Inkeroiselta. My\u00f6hemmin seura osti tontin omakseen.<\/p>\n<p>Lyytikk\u00e4l\u00e4st\u00e4 seura osti Kuokkasen vanhan hirsitalon, joka pystytettiin talkoilla. T\u00e4m\u00e4n j\u00e4lkeen tontille on rakennettu halkokatos, ulko-wc sek\u00e4 nylkykatos. Vuonna 1999 seura rakensi talkoilla saunan ja saunatuvan. Rakennuksiin tuleva virta saadaan agrekaatista.<\/p>\n<p>Koko kyl\u00e4n yhteiset hirvipeijaiset pidet\u00e4\u00e4n syksyisin mets\u00e4stysmajalla. My\u00f6s kyl\u00e4l\u00e4isten pikkujouluja on pidetty mets\u00e4stysmajalla.<\/p>\n","protected":false},"excerpt":{"rendered":"<p>Pohjanp\u00e4\u00e4n Er\u00e4 ry Mets\u00e4stysseura on perustettu 10.5.1963. T\u00e4ll\u00e4 hetkell\u00e4 Pohjanp\u00e4\u00e4n Er\u00e4n johtokunnan puheenjohtajana toimi Tauno Rustholkarhu, varalla on Eino Viiru. Seuran sihteerin\u00e4 toimi Seppo Vahvanen. J\u00e4senin\u00e4 toimivat Mauno Laari, Arvo H\u00e4m\u00e4l\u00e4inen, Viljo Ruokoniemi, Viljo Vanhakarhu sek\u00e4 Teuvo Kaijansinkko. Aiemmin puheenjohtajina &hellip; <a href=\"https:\/\/kylat.ekarjala.fi\/saanjarvi\/metsastysseuran-historiaa\/\">Lue loppuun <span class=\"meta-nav\">&rarr;<\/span><\/a><\/p>\n","protected":false},"author":1,"featured_media":0,"parent":0,"menu_order":0,"comment_status":"open","ping_status":"closed","template":"","meta":{"footnotes":""},"class_list":["post-62","page","type-page","status-publish","hentry"],"_links":{"self":[{"href":"https:\/\/kylat.ekarjala.fi\/saanjarvi\/wp-json\/wp\/v2\/pages\/62","targetHints":{"allow":["GET"]}}],"collection":[{"href":"https:\/\/kylat.ekarjala.fi\/saanjarvi\/wp-json\/wp\/v2\/pages"}],"about":[{"href":"https:\/\/kylat.ekarjala.fi\/saanjarvi\/wp-json\/wp\/v2\/types\/page"}],"author":[{"embeddable":true,"href":"https:\/\/kylat.ekarjala.fi\/saanjarvi\/wp-json\/wp\/v2\/users\/1"}],"replies":[{"embeddable":true,"href":"https:\/\/kylat.ekarjala.fi\/saanjarvi\/wp-json\/wp\/v2\/comments?post=62"}],"version-history":[{"count":1,"href":"https:\/\/kylat.ekarjala.fi\/saanjarvi\/wp-json\/wp\/v2\/pages\/62\/revisions"}],"predecessor-version":[{"id":64,"href":"https:\/\/kylat.ekarjala.fi\/saanjarvi\/wp-json\/wp\/v2\/pages\/62\/revisions\/64"}],"wp:attachment":[{"href":"https:\/\/kylat.ekarjala.fi\/saanjarvi\/wp-json\/wp\/v2\/media?parent=62"}],"curies":[{"name":"wp","href":"https:\/\/api.w.org\/{rel}","templated":true}]}}