{"id":65,"date":"2014-02-24T12:43:43","date_gmt":"2014-02-24T10:43:43","guid":{"rendered":"https:\/\/kylat.ekarjala.fi\/saanjarvi\/?page_id=65"},"modified":"2014-02-24T12:43:43","modified_gmt":"2014-02-24T10:43:43","slug":"urheiluseura","status":"publish","type":"page","link":"https:\/\/kylat.ekarjala.fi\/saanjarvi\/urheiluseura\/","title":{"rendered":"Urheiluseura"},"content":{"rendered":"<p>Stu S\u00e4\u00e4nj\u00e4rvenosasto<br \/>\nStu S\u00e4\u00e4nj\u00e4rven osasto toimii vire\u00e4n\u00e4.Urheiluosasto pit\u00e4\u00e4 yll\u00e4 S\u00e4\u00e4nj\u00e4rven lavan toimintaa, talkoolaisten hoitaessa ty\u00f6teht\u00e4v\u00e4t tanssien aikana.<\/p>\n<p>Osastolle on t\u00e4rke\u00e4\u00e4 my\u00f6skin kyl\u00e4l\u00e4isten liikunta- ja harrastusmahdollisuudet.Kes\u00e4ll\u00e4 j\u00e4rjestet\u00e4\u00e4n yleisurheilukilpailuja lavanmaastossa, talvisin hiihtokilpailuja entisen koulun ymp\u00e4rist\u00f6ss\u00e4.<\/p>\n<p>Puheenjohtaja Markku M\u00e4ntykivi 0400 6555 61<\/p>\n","protected":false},"excerpt":{"rendered":"<p>Stu S\u00e4\u00e4nj\u00e4rvenosasto Stu S\u00e4\u00e4nj\u00e4rven osasto toimii vire\u00e4n\u00e4.Urheiluosasto pit\u00e4\u00e4 yll\u00e4 S\u00e4\u00e4nj\u00e4rven lavan toimintaa, talkoolaisten hoitaessa ty\u00f6teht\u00e4v\u00e4t tanssien aikana. Osastolle on t\u00e4rke\u00e4\u00e4 my\u00f6skin kyl\u00e4l\u00e4isten liikunta- ja harrastusmahdollisuudet.Kes\u00e4ll\u00e4 j\u00e4rjestet\u00e4\u00e4n yleisurheilukilpailuja lavanmaastossa, talvisin hiihtokilpailuja entisen koulun ymp\u00e4rist\u00f6ss\u00e4. Puheenjohtaja Markku M\u00e4ntykivi 0400 6555 61<\/p>\n","protected":false},"author":1,"featured_media":0,"parent":0,"menu_order":0,"comment_status":"open","ping_status":"closed","template":"","meta":{"footnotes":""},"class_list":["post-65","page","type-page","status-publish","hentry"],"_links":{"self":[{"href":"https:\/\/kylat.ekarjala.fi\/saanjarvi\/wp-json\/wp\/v2\/pages\/65","targetHints":{"allow":["GET"]}}],"collection":[{"href":"https:\/\/kylat.ekarjala.fi\/saanjarvi\/wp-json\/wp\/v2\/pages"}],"about":[{"href":"https:\/\/kylat.ekarjala.fi\/saanjarvi\/wp-json\/wp\/v2\/types\/page"}],"author":[{"embeddable":true,"href":"https:\/\/kylat.ekarjala.fi\/saanjarvi\/wp-json\/wp\/v2\/users\/1"}],"replies":[{"embeddable":true,"href":"https:\/\/kylat.ekarjala.fi\/saanjarvi\/wp-json\/wp\/v2\/comments?post=65"}],"version-history":[{"count":1,"href":"https:\/\/kylat.ekarjala.fi\/saanjarvi\/wp-json\/wp\/v2\/pages\/65\/revisions"}],"predecessor-version":[{"id":67,"href":"https:\/\/kylat.ekarjala.fi\/saanjarvi\/wp-json\/wp\/v2\/pages\/65\/revisions\/67"}],"wp:attachment":[{"href":"https:\/\/kylat.ekarjala.fi\/saanjarvi\/wp-json\/wp\/v2\/media?parent=65"}],"curies":[{"name":"wp","href":"https:\/\/api.w.org\/{rel}","templated":true}]}}