{"id":68,"date":"2014-02-24T12:43:56","date_gmt":"2014-02-24T10:43:56","guid":{"rendered":"https:\/\/kylat.ekarjala.fi\/saanjarvi\/?page_id=68"},"modified":"2014-02-24T12:43:56","modified_gmt":"2014-02-24T10:43:56","slug":"osakaskunta","status":"publish","type":"page","link":"https:\/\/kylat.ekarjala.fi\/saanjarvi\/osakaskunta\/","title":{"rendered":"Osakaskunta"},"content":{"rendered":"<p>S\u00e4\u00e4nj\u00e4rven osakaskunta<br \/>\nS\u00e4\u00e4nj\u00e4rven osakaskunnalla on vesialueita Kuolimossa Lamposaaren ja Parikan ymp\u00e4rill\u00e4, 7 muussa j\u00e4rvess\u00e4 ja pienemmiss\u00e4 lammissa. T\u00e4rkeimm\u00e4t vesialueet ovat Natura-verkostoon kuuluva Kuolimo sek\u00e4 200 hehtaarin S\u00e4ynj\u00e4rvi. Kaikkiaan vesialueita on yhteens\u00e4 noin 828 ha.<\/p>\n<p>Osakaskunnan p\u00e4\u00e4asiallinen teht\u00e4v\u00e4 on vesialueista ja niiden kalakannoista huolehtiminen. Lis\u00e4ksi se j\u00e4rjest\u00e4\u00e4 pilkkikilpailuja j\u00e4senilleen ja kyl\u00e4l\u00e4isille. 2000-luvun suurin hanke oli lintutornin vieress\u00e4 sijaitsevan Valkj\u00e4rven kalakannan kohentaminen ja ruohikoiden leikkaaminen, johon Kaakkois-Suomen TE-keskus my\u00f6nsi kalatalouden ohjausrahaston (KOR) tukea vuosille 2001 &#8211; 2003. Parhaillaan on menossa S\u00e4ynj\u00e4rven it\u00e4osan kunnostussuunnitelman tekeminen.<\/p>\n<p> Osakaskunnan vesiss\u00e4 ui normaalij\u00e4rvikalojen kuten ahvenen, s\u00e4rjen, s\u00e4yneen, hauen ja mateen lis\u00e4ksi istutettuina kalalajeina siikaa ja taimenta. Kuolimoon on istutettu my\u00f6s j\u00e4rvilohta ja harjusta.<\/p>\n<p>Osakaskunta myy lupia osakkaille, kyl\u00e4ss\u00e4 asuville ja verkkolupia lukuun ottamatta my\u00f6s ulkopuolisille. Katiskalla pyynti ei vaadi lupia. Lis\u00e4tietoja lupien myynnist\u00e4 ja muista osakaskunnan asioista antaa<\/p>\n<p>Pentti Saukkonen 050 5753895.<\/p>\n","protected":false},"excerpt":{"rendered":"<p>S\u00e4\u00e4nj\u00e4rven osakaskunta S\u00e4\u00e4nj\u00e4rven osakaskunnalla on vesialueita Kuolimossa Lamposaaren ja Parikan ymp\u00e4rill\u00e4, 7 muussa j\u00e4rvess\u00e4 ja pienemmiss\u00e4 lammissa. T\u00e4rkeimm\u00e4t vesialueet ovat Natura-verkostoon kuuluva Kuolimo sek\u00e4 200 hehtaarin S\u00e4ynj\u00e4rvi. Kaikkiaan vesialueita on yhteens\u00e4 noin 828 ha. Osakaskunnan p\u00e4\u00e4asiallinen teht\u00e4v\u00e4 on vesialueista ja &hellip; <a href=\"https:\/\/kylat.ekarjala.fi\/saanjarvi\/osakaskunta\/\">Lue loppuun <span class=\"meta-nav\">&rarr;<\/span><\/a><\/p>\n","protected":false},"author":1,"featured_media":0,"parent":0,"menu_order":0,"comment_status":"open","ping_status":"closed","template":"","meta":{"footnotes":""},"class_list":["post-68","page","type-page","status-publish","hentry"],"_links":{"self":[{"href":"https:\/\/kylat.ekarjala.fi\/saanjarvi\/wp-json\/wp\/v2\/pages\/68","targetHints":{"allow":["GET"]}}],"collection":[{"href":"https:\/\/kylat.ekarjala.fi\/saanjarvi\/wp-json\/wp\/v2\/pages"}],"about":[{"href":"https:\/\/kylat.ekarjala.fi\/saanjarvi\/wp-json\/wp\/v2\/types\/page"}],"author":[{"embeddable":true,"href":"https:\/\/kylat.ekarjala.fi\/saanjarvi\/wp-json\/wp\/v2\/users\/1"}],"replies":[{"embeddable":true,"href":"https:\/\/kylat.ekarjala.fi\/saanjarvi\/wp-json\/wp\/v2\/comments?post=68"}],"version-history":[{"count":1,"href":"https:\/\/kylat.ekarjala.fi\/saanjarvi\/wp-json\/wp\/v2\/pages\/68\/revisions"}],"predecessor-version":[{"id":70,"href":"https:\/\/kylat.ekarjala.fi\/saanjarvi\/wp-json\/wp\/v2\/pages\/68\/revisions\/70"}],"wp:attachment":[{"href":"https:\/\/kylat.ekarjala.fi\/saanjarvi\/wp-json\/wp\/v2\/media?parent=68"}],"curies":[{"name":"wp","href":"https:\/\/api.w.org\/{rel}","templated":true}]}}