{"id":71,"date":"2014-02-24T12:44:07","date_gmt":"2014-02-24T10:44:07","guid":{"rendered":"https:\/\/kylat.ekarjala.fi\/saanjarvi\/?page_id=71"},"modified":"2014-02-24T12:44:07","modified_gmt":"2014-02-24T10:44:07","slug":"muut-jarjestot","status":"publish","type":"page","link":"https:\/\/kylat.ekarjala.fi\/saanjarvi\/muut-jarjestot\/","title":{"rendered":"Muut j\u00e4rjest\u00f6t"},"content":{"rendered":"<p>S\u00e4\u00e4nj\u00e4rven kyl\u00e4toimikunta<\/p>\n<p>S\u00e4\u00e4nj\u00e4rven kyl\u00e4toimikunta j\u00e4rjest\u00e4\u00e4 vuoden aikana kyl\u00e4l\u00e4isille erilaisia tapahtumia. Perinteinen pikkujoulujuhla pidet\u00e4\u00e4n tavallisesti Pohjanp\u00e4\u00e4n Er\u00e4n mets\u00e4stysmajalla. Kev\u00e4ttalvella pidet\u00e4\u00e4n onkikilpailut. Kyl\u00e4toimikunta toimii kunnan ja kyl\u00e4n v\u00e4lisen\u00e4 yhteistoimintaelimen\u00e4.<\/p>\n<p>Puheenjohtaja Liisa Vasara 0400 541963<\/p>\n<p>Savitaipaleen ev.lut seurakunta<\/p>\n<p>L\u00e4hetyspiiri kokoontuu kyl\u00e4n taloissa 3 viikon v\u00e4lein. L\u00e4hetysmyyj\u00e4iset olivat aiemmin kerran vuodessa, mutta nykyisin kyl\u00e4 osallistuu seurakunnan yhteisiin myyj\u00e4isiin.L\u00e4hetyspiirin vet\u00e4j\u00e4 Helena Vahvanen puh. 05-428743<\/p>\n<p>Kinkerit j\u00e4rjestet\u00e4\u00e4n kerran vuodessa.<\/p>\n<p>Pyh\u00e4koulu kokoontui aiemmin 2 kertaa kuukaudessa<\/p>\n<p>Kyl\u00e4ll\u00e4 toimineet j\u00e4rjest\u00f6t<br \/>\n4H-yhdistys<br \/>\n4H-yhdistyksen tarkoituksena on nuorison yritys- ja teht\u00e4v\u00e4toiminnan kautta tapahtuva ty\u00f6nopetus, ty\u00f6palveluteht\u00e4vien hankinta ja neuvonta, henkil\u00f6kohtainen ohjaus sek\u00e4 edellist\u00e4 tarkoitusta tukevien kurssien ja kilpailujen j\u00e4rjest\u00e4minen sek\u00e4 kerhotoiminnan, retkien ja leirien j\u00e4rjest\u00e4minen. S\u00e4\u00e4nj\u00e4rven kyl\u00e4kerho kokoontui koululla 2 viikon v\u00e4lein.<\/p>\n<p>Koululla pidettyj\u00e4 kerhoja lapsille ja nuorille<br \/>\n-Sytykkeen j\u00e4rjest\u00e4m\u00e4 kokkikerho koululaisille 2 kertaa kuukaudessa<br \/>\n-4H-kerho<\/p>\n<p>Viirun marttakerho<br \/>\nViirun marttakerho on perustettu vuonna 1952. Perustamisvaiheessa j\u00e4seni\u00e4 oli 22 ja suurimmillaan j\u00e4senm\u00e4\u00e4r\u00e4 on ollut 45. Marttakerho on pit\u00e4nyt paljon erilaisia kursseja, varsinkin perustamisen j\u00e4lkeisin\u00e4 vuosina, mm. ruoan laittoon, leipomiseen, puutarhanhoitoon, seppeleiden sitomiseen ja ompeluun liittyen. Lis\u00e4ksi on ollut kutoma- ja pikkukokkikursseja. Kerho on j\u00e4rjest\u00e4nyt teatteriretki\u00e4 sek\u00e4 tutustumisretki\u00e4 eri maakuntiin. Kerho on pyrkinyt pit\u00e4m\u00e4\u00e4n yhteytt\u00e4 my\u00f6s muihin l\u00e4hiseudulla toimiviin marttakerhoihin.<br \/>\nKerhon perinteisiin on kuulunut my\u00f6s erilaisten juhlien j\u00e4rjest\u00e4minen.  N\u00e4it\u00e4 ovat olleet kyl\u00e4n joulujuhlan j\u00e4rjest\u00e4minen,  my\u00f6s hengellisi\u00e4 juhlia on  j\u00e4rjestetty. Kurssien lopettamisen yhteydess\u00e4 on pidetty juhlia. Esimerkiksi yhden kutomakurssin p\u00e4\u00e4tt\u00e4j\u00e4isjuhlissa oli 280 osanottajaa, mukana oli koko kyl\u00e4n v\u00e4ki vauvasta vaariin.<\/p>\n<p>Alkuvaiheessa Viirun marttakerho kokoontui joka toinen viikko. Viime vuosina toiminta on v\u00e4hentynyt ja samalla my\u00f6s kokoontumisia on harvemmin.<\/p>\n<p>Kerho lopetti toimintansa vuonna 2005<\/p>\n","protected":false},"excerpt":{"rendered":"<p>S\u00e4\u00e4nj\u00e4rven kyl\u00e4toimikunta S\u00e4\u00e4nj\u00e4rven kyl\u00e4toimikunta j\u00e4rjest\u00e4\u00e4 vuoden aikana kyl\u00e4l\u00e4isille erilaisia tapahtumia. Perinteinen pikkujoulujuhla pidet\u00e4\u00e4n tavallisesti Pohjanp\u00e4\u00e4n Er\u00e4n mets\u00e4stysmajalla. Kev\u00e4ttalvella pidet\u00e4\u00e4n onkikilpailut. Kyl\u00e4toimikunta toimii kunnan ja kyl\u00e4n v\u00e4lisen\u00e4 yhteistoimintaelimen\u00e4. Puheenjohtaja Liisa Vasara 0400 541963 Savitaipaleen ev.lut seurakunta L\u00e4hetyspiiri kokoontuu kyl\u00e4n taloissa 3 &hellip; <a href=\"https:\/\/kylat.ekarjala.fi\/saanjarvi\/muut-jarjestot\/\">Lue loppuun <span class=\"meta-nav\">&rarr;<\/span><\/a><\/p>\n","protected":false},"author":1,"featured_media":0,"parent":0,"menu_order":0,"comment_status":"open","ping_status":"closed","template":"","meta":{"footnotes":""},"class_list":["post-71","page","type-page","status-publish","hentry"],"_links":{"self":[{"href":"https:\/\/kylat.ekarjala.fi\/saanjarvi\/wp-json\/wp\/v2\/pages\/71","targetHints":{"allow":["GET"]}}],"collection":[{"href":"https:\/\/kylat.ekarjala.fi\/saanjarvi\/wp-json\/wp\/v2\/pages"}],"about":[{"href":"https:\/\/kylat.ekarjala.fi\/saanjarvi\/wp-json\/wp\/v2\/types\/page"}],"author":[{"embeddable":true,"href":"https:\/\/kylat.ekarjala.fi\/saanjarvi\/wp-json\/wp\/v2\/users\/1"}],"replies":[{"embeddable":true,"href":"https:\/\/kylat.ekarjala.fi\/saanjarvi\/wp-json\/wp\/v2\/comments?post=71"}],"version-history":[{"count":1,"href":"https:\/\/kylat.ekarjala.fi\/saanjarvi\/wp-json\/wp\/v2\/pages\/71\/revisions"}],"predecessor-version":[{"id":73,"href":"https:\/\/kylat.ekarjala.fi\/saanjarvi\/wp-json\/wp\/v2\/pages\/71\/revisions\/73"}],"wp:attachment":[{"href":"https:\/\/kylat.ekarjala.fi\/saanjarvi\/wp-json\/wp\/v2\/media?parent=71"}],"curies":[{"name":"wp","href":"https:\/\/api.w.org\/{rel}","templated":true}]}}