{"id":77,"date":"2014-02-24T12:45:26","date_gmt":"2014-02-24T10:45:26","guid":{"rendered":"https:\/\/kylat.ekarjala.fi\/saanjarvi\/?page_id=77"},"modified":"2014-02-24T12:45:36","modified_gmt":"2014-02-24T10:45:36","slug":"pomo-hanke","status":"publish","type":"page","link":"https:\/\/kylat.ekarjala.fi\/saanjarvi\/pomo-hanke\/","title":{"rendered":"Pomo+ hanke"},"content":{"rendered":"<p>Savitaipaleen asukkaiden yhteinen kyl\u00e4sihteeri<br \/>\nYHTEINEN KYL\u00c4SIHTEERI HANKE 02.01 2006-31.10 2007<\/p>\n<p>Savitaipaleen kunnan kylien yhteisess\u00e4 kyl\u00e4neuvoston kokoontumisissa tuli vahvaksi tarpeeksi kylien toiminnalle saada ty\u00f6apua.S\u00e4\u00e4nj\u00e4rven kyl\u00e4nkehitt\u00e4misyhdistys Sytyke ry p\u00e4\u00e4tti l\u00e4hte\u00e4 kehitt\u00e4m\u00e4\u00e4n Pomo+ hanketta, miss\u00e4 osaaikainen ty\u00f6ntekij\u00e4 toimisi kylien avustajana, asioidenhoitajana ja organisoijana.N\u00e4in kyl\u00e4l\u00e4isten monasti vapaa-ajalla teht\u00e4v\u00e4t kylien kehitt\u00e4misty\u00f6t eiv\u00e4t rasittaisi liikaa, vaan energiaa j\u00e4isi itse kehitt\u00e4mistoimenpiteisiin, ja k\u00e4yt\u00e4nn\u00f6n toteuttamisiin.<\/p>\n<p>Tarkoituksena koota kylien hupenevat voimavarat yhteen.Saada uusia ideoita ja ihmisi\u00e4 toimintaan.Yhteisty\u00f6 kyl\u00e4n ja kunnan sis\u00e4ll\u00e4 toimivaksi.<\/p>\n<p>Tarpeet kyl\u00e4kohtaiset<\/p>\n<p>Savitaipaleen kyl\u00e4t ovat kaikki omanlaisensa.Kyl\u00e4kohtainen avustamisen ja ty\u00f6n tarve selvitet\u00e4\u00e4n kyl\u00e4kohtaisilla kyl\u00e4kokoontumisilla.<\/p>\n<p>Kyl\u00e4sihteerin asiana on ottaa selv\u00e4\u00e4 esim. tarvittavista luvista ja muista asiapapereista.<\/p>\n<p>Tarve tiedottamisesta<\/p>\n<p>Internetin k\u00e4ytt\u00f6 lis\u00e4\u00e4ntynyt tiedonsaannissa.Tieto kyl\u00e4st\u00e4, tonteista, asukkaista lis\u00e4\u00e4 mahdollisuuksia saada mahdollisia asukkaita kuntaan.<\/p>\n<p>Kyl\u00e4sihteerin ty\u00f6h\u00f6n kuuluu hoitaa kylien esittely- ja kotisivut ajantasaiseksi niit\u00e4 haluaville kylille.<\/p>\n<p>Kunnan sis\u00e4ll\u00e4 tapahtuvat tapahtumat sattuvat usein ik\u00e4v\u00e4sti p\u00e4\u00e4llekk\u00e4in, n\u00e4in verottaen osallistujam\u00e4\u00e4ri\u00e4.<\/p>\n<p>Kyl\u00e4sihteerin teht\u00e4v\u00e4n\u00e4 onkin koota kylill\u00e4 j\u00e4rjestett\u00e4vist\u00e4 tapahtumista tapahtumakalenteri.<\/p>\n<p>N\u00e4in v\u00e4ltyt\u00e4\u00e4n p\u00e4\u00e4llek\u00e4isyyksilt\u00e4.Tiedonsaanti tapahtumista lis\u00e4\u00e4ntyy tiedon l\u00f6ytyess\u00e4 yhdest\u00e4 paikasta.<\/p>\n<p>Yhteisty\u00f6<\/p>\n<p>Kylien edustajat ohjausryhm\u00e4\u00e4n.Kylien v\u00e4linen yhteisty\u00f6 lis\u00e4\u00e4ntyy.<\/p>\n<p>Tiedon ja taidon vaihto eripuolilla kuntaa toimivien j\u00e4rjest\u00f6jen v\u00e4lill\u00e4.<\/p>\n<p>Mahdollinen talkooapu lis\u00e4\u00e4ntyy kunnan alueella.<\/p>\n<p>Samansuuntaisten j\u00e4rjest\u00f6jen ja harrastepiirien vierailut kylitt\u00e4in.Tiedon ja taidon lis\u00e4\u00e4ntyminen, virikkeiden lis\u00e4\u00e4ntyminen,vaihtelua toimintaan,<\/p>\n<p>asumisviihtyvyys kyl\u00e4ss\u00e4 kasvaa sosiaalisen kanssa k\u00e4ymisen my\u00f6t\u00e4.<\/p>\n<p>Kylien vahva yhteisty\u00f6 on hyv\u00e4 pohja mahdollisille kunta uudistuksille.<\/p>\n<p>Kes\u00e4asukkaat<\/p>\n<p>Kes\u00e4asukkaiden huomioiminen, ja saaminen mukaan kyl\u00e4n toimintaan, sek\u00e4 kes\u00e4asukastapahtumiin.<\/p>\n<p>Kes\u00e4asukkaissa on mahdollisia kuntaan muuttajia sek\u00e4 kunnasta tiedottajia eteenp\u00e4in.<\/p>\n<p>Kunta tarvitsee kes\u00e4asukkaita, ja matkailua palveluiden pysyvyyden takaajina.<\/p>\n<p>K\u00e4yt\u00e4nt\u00f6 aluksi<\/p>\n<p>Yhteinen tiedotustilaisuus kaikille kuntalaisille<\/p>\n<p>Kokoontumiset kylitt\u00e4in<\/p>\n<p>-asioiden tarkastelu<\/p>\n<p>&#8211; tarpeiden l\u00f6ytyminen<\/p>\n<p>Eri j\u00e4rjest\u00f6jen yhteisty\u00f6n l\u00f6yt\u00e4minen<\/p>\n<p>Hankkeen ohjausryhm\u00e4<\/p>\n<p>Kylist\u00e4 omat edustajat<\/p>\n<p>Te keskus, Leena Hyryl\u00e4<\/p>\n<p>L\u00e4nsi-Saimaan kehitt\u00e4misyhdistys ry\/ Pomo+, Risto Korhonen<\/p>\n<p>Savitaipaleen kunta, Mervi Karoniemi<\/p>\n<p>Kokoontuu joka toinen kuukausi<\/p>\n<p>-suunnittelee toiminnan<\/p>\n<p>&#8211; jakaa ty\u00f6teht\u00e4v\u00e4t kyseiselle jaksolle<\/p>\n<p>Hankevet\u00e4j\u00e4 valmistelijana, kokoonkutsujana ja p\u00e4\u00e4tettyjen toimenpiteiden toteutuksen j\u00e4rjest\u00e4j\u00e4n\u00e4<\/p>\n<p>Yhteystiedot<br \/>\nKyl\u00e4sihteerin tavoittaa numerosta 0400 836 135 tai s\u00e4hk\u00f6postista erja.ruohio@pp.inet.fi Ota yhteytt\u00e4.Kuuntelen mielell\u00e4ni toiveita, tarpeita ja muutos ehdotuksia kuntamme elinolosuhteisiin ja viihtyvyyteen liittyen.Katsotaan saammeko yhdess\u00e4 kehitetty\u00e4 ajatuksesta totta!<\/p>\n","protected":false},"excerpt":{"rendered":"<p>Savitaipaleen asukkaiden yhteinen kyl\u00e4sihteeri YHTEINEN KYL\u00c4SIHTEERI HANKE 02.01 2006-31.10 2007 Savitaipaleen kunnan kylien yhteisess\u00e4 kyl\u00e4neuvoston kokoontumisissa tuli vahvaksi tarpeeksi kylien toiminnalle saada ty\u00f6apua.S\u00e4\u00e4nj\u00e4rven kyl\u00e4nkehitt\u00e4misyhdistys Sytyke ry p\u00e4\u00e4tti l\u00e4hte\u00e4 kehitt\u00e4m\u00e4\u00e4n Pomo+ hanketta, miss\u00e4 osaaikainen ty\u00f6ntekij\u00e4 toimisi kylien avustajana, asioidenhoitajana ja organisoijana.N\u00e4in &hellip; <a href=\"https:\/\/kylat.ekarjala.fi\/saanjarvi\/pomo-hanke\/\">Lue loppuun <span class=\"meta-nav\">&rarr;<\/span><\/a><\/p>\n","protected":false},"author":1,"featured_media":0,"parent":0,"menu_order":0,"comment_status":"open","ping_status":"closed","template":"","meta":{"footnotes":""},"class_list":["post-77","page","type-page","status-publish","hentry"],"_links":{"self":[{"href":"https:\/\/kylat.ekarjala.fi\/saanjarvi\/wp-json\/wp\/v2\/pages\/77","targetHints":{"allow":["GET"]}}],"collection":[{"href":"https:\/\/kylat.ekarjala.fi\/saanjarvi\/wp-json\/wp\/v2\/pages"}],"about":[{"href":"https:\/\/kylat.ekarjala.fi\/saanjarvi\/wp-json\/wp\/v2\/types\/page"}],"author":[{"embeddable":true,"href":"https:\/\/kylat.ekarjala.fi\/saanjarvi\/wp-json\/wp\/v2\/users\/1"}],"replies":[{"embeddable":true,"href":"https:\/\/kylat.ekarjala.fi\/saanjarvi\/wp-json\/wp\/v2\/comments?post=77"}],"version-history":[{"count":1,"href":"https:\/\/kylat.ekarjala.fi\/saanjarvi\/wp-json\/wp\/v2\/pages\/77\/revisions"}],"predecessor-version":[{"id":79,"href":"https:\/\/kylat.ekarjala.fi\/saanjarvi\/wp-json\/wp\/v2\/pages\/77\/revisions\/79"}],"wp:attachment":[{"href":"https:\/\/kylat.ekarjala.fi\/saanjarvi\/wp-json\/wp\/v2\/media?parent=77"}],"curies":[{"name":"wp","href":"https:\/\/api.w.org\/{rel}","templated":true}]}}