{"id":80,"date":"2014-02-24T12:45:47","date_gmt":"2014-02-24T10:45:47","guid":{"rendered":"https:\/\/kylat.ekarjala.fi\/saanjarvi\/?page_id=80"},"modified":"2014-02-24T12:45:47","modified_gmt":"2014-02-24T10:45:47","slug":"yhteinen-kylasihteeri-hankesuunnitelma","status":"publish","type":"page","link":"https:\/\/kylat.ekarjala.fi\/saanjarvi\/yhteinen-kylasihteeri-hankesuunnitelma\/","title":{"rendered":"Yhteinen kyl\u00e4sihteeri hankesuunnitelma"},"content":{"rendered":"<p>Yhteinen kyl\u00e4sihteeri -hanke<br \/>\nHakija: Sytyke ry<br \/>\nYhteystiedot: Sytyke ry, Erja Ruohio, S\u00e4\u00e4nj\u00e4rventie 402,  54800 Savitaipale, puh: 0400-836 135, email: jouko.ruohio@pp1.inet.fi<\/p>\n<p>Savitaipaleen kyl\u00e4t toimivat aktiivisesti. Kunnassa on 8 kylien talousaluetta, jotka koostuvat yli 50 kyl\u00e4st\u00e4. Kyliss\u00e4 on ideoitu ja saatu my\u00f6s aikaiseksi. Ideat on toteutettu valtaosin talkooty\u00f6ll\u00e4. Vaarana on aktiivitoimijoiden v\u00e4syminen. K\u00e4yt\u00e4nn\u00f6n ty\u00f6h\u00f6n l\u00f6ytyy tekij\u00f6it\u00e4, mutta papereiden py\u00f6ritt\u00e4minen, suunnittelu ja organisointi, ideoiden hankkeistaminen koetaan vaikeaksi ja voimavaroja viev\u00e4ksi. Kyliss\u00e4 on kehitt\u00e4mistarpeita ja ideoita, joita tulisi vied\u00e4 eteenp\u00e4in aktiivisesti (esimerkiksi kunnan syksyll\u00e4 2004 tekemien kyl\u00e4kierrosten yhteydess\u00e4 esiin tulleet).<\/p>\n<p>Vaikeutena on laaja ja monikerroksinen kokonaisuus, jossa on paljon &#8221;liikkuvia osia&#8221; ja joita on vaikea hallita. Tietoa esimerkiksi rahoitusmahdollisuuksista ei my\u00f6sk\u00e4\u00e4n ole kokonaisuutta ajatellen. Kehitt\u00e4misty\u00f6n vetovastuu on vaativa ty\u00f6, jota ei pysty pitk\u00e4j\u00e4nteisesti talkooty\u00f6n\u00e4 tekem\u00e4\u00e4n. Yksitt\u00e4inen yhdistys ei useimmiten pysty palkkaamaan pitempiaikaista hankevet\u00e4j\u00e4\u00e4 hankkeeseen. Lyhyisiin keikkat\u00f6ihin taas on vaikea saada p\u00e4tev\u00e4\u00e4 vet\u00e4j\u00e4\u00e4.<br \/>\nKunnan kanssa yhteisty\u00f6ss\u00e4 on pantu pystyyn kyl\u00e4neuvosto, joka on kokoontunut kuluvana vuonna kaksi kertaa ja rakentanut kylien yhteisty\u00f6pohjaa.<br \/>\nKyl\u00e4neuvoston palavereissa on tullut esiin kylien yhteisen kyl\u00e4sihteerin tarve. <\/p>\n<p>2. KOHDEALUE JA -RYHM\u00c4<\/p>\n<p>3. TAVOITTEET<br \/>\nHankkeen tavoitteena on lis\u00e4t\u00e4 kylien kehitt\u00e4mistoimintaa, yhteisty\u00f6t\u00e4, tiedotusta, tiedon kulkua, auttaa kyli\u00e4 toteuttamaan ideoitaan, yhteisen ty\u00f6ntekij\u00e4n avulla v\u00e4hent\u00e4\u00e4 paineita ja ennakkoluuloja kehitt\u00e4mistoiminnassa (paperibyrokratia, rahoitusvaihtoehtojen seulonta, suunnittelu, organisointi jne).<br \/>\nHankkeiden ja kehitt\u00e4mistoimenpiteiden avustaminen<br \/>\nYhteisty\u00f6 (kyl\u00e4n sis\u00e4ll\u00e4, kylien kesken, kunnan ja kylien kesken)<br \/>\nSuunnitelmallinen ja tavoitteellinen kylien yhteinen kehitt\u00e4minen<br \/>\nTehostunut tiedotus ja tiedonvaihto <\/p>\n<p>4. TOTEUTTAMISAIKA: 02.01.2006-31.10.2007<\/p>\n<p>5. TOTEUTUSTAPA JA TOIMENPITEET<br \/>\nHankkeelle palkataan osa-aikainen kyl\u00e4sihteeri, joka hoitaa hankkeen koordinoinnin, hallinnon ja muita yhteisi\u00e4 teht\u00e4vi\u00e4. Lis\u00e4ksi h\u00e4n auttaa kyl\u00e4kohtaisissa teht\u00e4viss\u00e4, joista osa on maksullisia ja kerrytt\u00e4\u00e4 n\u00e4in hankkeen omarahoitusta.<br \/>\n1. Kyl\u00e4hankkeiden ja kehitt\u00e4mistoimenpiteiden avustaminen<br \/>\n2. Yhteisty\u00f6<br \/>\n3. Suunnitelmallisuus<br \/>\n4. Tiedotus<br \/>\n5. kyl\u00e4hankkeiden tuotosten ker\u00e4\u00e4minen<\/p>\n<p>6. TUOTOKSET<br \/>\n&#8211; 6 ajantasaista kyl\u00e4suunnitelmaa, Savitaipaleen kirkonkyl\u00e4n kyl\u00e4suunnitelma<br \/>\n&#8211; 6 ajantasaista kylien kotisivua\/kyl\u00e4esittely\u00e4<br \/>\n&#8211; kunnan yhteinen tapahtumakalenteri ja tapahtumat<br \/>\n&#8211; asumisviihtyvyyden paraneminen (sosiaalisen kanssak\u00e4ymisen lis\u00e4\u00e4ntyminen, toimiva kyl\u00e4 kasvattaa kyl\u00e4ss\u00e4 viihtyvi\u00e4 ihmisi\u00e4, kyl\u00e4maiseman kohentuminen)<br \/>\n&#8211; uudet toimintatavat. Vuorovaikutus helpottuu tiedotepohjan, tapahtumakalenterin ja yhdess\u00e4 opitun &#8221;kaavan&#8221; my\u00f6t\u00e4.<br \/>\n&#8211; yhteisty\u00f6 v\u00e4lill\u00e4 kyl\u00e4t &#8211; kyl\u00e4t, kyl\u00e4t &#8211; kunta = aktiivinen ja toimiva kyl\u00e4neuvosto<br \/>\n&#8211; Uusia kehitt\u00e4mistoimenpiteit\u00e4 3 kpl<br \/>\nMaisemointi\/ ymp\u00e4rist\u00f6suunnitelma hanke<\/p>\n<p>Yhteisen kyl\u00e4sihteerin ty\u00f6 heijastuu my\u00f6s pomo-toimistoon, jonne paperit saadaan ajoissa ja oikein t\u00e4ytettyin\u00e4.<br \/>\nKyl\u00e4yhdistykset ottavat itselleen laajemman vastuun kehitt\u00e4misty\u00f6st\u00e4 -kehityssuunta on oikea.<\/p>\n<p>Jatko:<br \/>\nK\u00e4yt\u00e4nt\u00f6jen muovauduttua kylienv\u00e4lisen ja kyl\u00e4t &#8211; kuntayhteisty\u00f6n on mahdollista jatkua j\u00e4ntev\u00e4mmin ja huomattavasti v\u00e4hemm\u00e4ll\u00e4 ty\u00f6ll\u00e4 esimerkiksi kunnan virkamiesty\u00f6n ja jonkin kyl\u00e4yhdistyksen yhdistelm\u00e4ty\u00f6ntekij\u00e4n voimin. Hankkeita toteuttavat kyl\u00e4t voivat nyt saatavien kokemusten perusteella vaihtoehtoisesti palkata tulevaisuudessa hankerahalla yhteisen kyl\u00e4sihteerin hallinto- ja koordinointity\u00f6h\u00f6n. Palkkauskustannukset olisivat varsin kohtuulliset ja ty\u00f6 tuloksekasta, koska kyl\u00e4sihteeri hoitaisi tietyt rutiinit ja kyl\u00e4l\u00e4iset toteuttaisivat hankkeiden kehitt\u00e4mistoimenpiteet. <\/p>\n<p>7. HANKKEESTA TIEDOTTAMINEN<br \/>\nHankkeen sis\u00e4inen tiedotus hoidetaan yhteisty\u00f6ryhm\u00e4n ja s\u00e4hk\u00f6postin avulla. Pyrit\u00e4\u00e4n saamaan tiedotusverkkoon useampia s\u00e4hk\u00f6posteja \/ yhdistys.<br \/>\nKylien sis\u00e4inen tiedotus hoidetaan n\u00e4iden s\u00e4hk\u00f6postien v\u00e4lityksell\u00e4 sek\u00e4 kylien omia tiedotteita, ilmoitustauluja sek\u00e4 muita kylien omia tiedotustapoja k\u00e4ytt\u00e4en. Tiedottaminen hoituu jatkossa yhteisten nettisivujen kautta. T\u00e4rkeimmist\u00e4 asioista tiedotetaan paikallislehdess\u00e4.<\/p>\n<p>8. HANKKEEN OHJAUSRYHM\u00c4<br \/>\nTE -keskuksen ja Pomo-hallituksen edustajat , kyl\u00e4neuvoston j\u00e4senet, Etel\u00e4-Karjalan Kyl\u00e4t ry:n edustaja ja kunnan edustaja .<br \/>\nSavitaipaleen kyl\u00e4neuvosto osallistuu l\u00e4heisesti hankkeen eteenp\u00e4in viemiseen. Jokaisesta kyl\u00e4st\u00e4 on oma edustaja<br \/>\nKylien yhteisiin kokoontumisiin kutsutaan tarpeen mukaan kunnan tai muitten yhteisty\u00f6kumppaneiden edustajia.<br \/>\nHanke toteutetaan tiiviiss\u00e4 yhteisty\u00f6ss\u00e4 Huomisen kyl\u00e4-hankkeen ja Etel\u00e4-Karjalan Kyl\u00e4t ry:n kanssa.<\/p>\n","protected":false},"excerpt":{"rendered":"<p>Yhteinen kyl\u00e4sihteeri -hanke Hakija: Sytyke ry Yhteystiedot: Sytyke ry, Erja Ruohio, S\u00e4\u00e4nj\u00e4rventie 402, 54800 Savitaipale, puh: 0400-836 135, email: jouko.ruohio@pp1.inet.fi Savitaipaleen kyl\u00e4t toimivat aktiivisesti. Kunnassa on 8 kylien talousaluetta, jotka koostuvat yli 50 kyl\u00e4st\u00e4. Kyliss\u00e4 on ideoitu ja saatu my\u00f6s &hellip; <a href=\"https:\/\/kylat.ekarjala.fi\/saanjarvi\/yhteinen-kylasihteeri-hankesuunnitelma\/\">Lue loppuun <span class=\"meta-nav\">&rarr;<\/span><\/a><\/p>\n","protected":false},"author":1,"featured_media":0,"parent":0,"menu_order":0,"comment_status":"open","ping_status":"closed","template":"","meta":{"footnotes":""},"class_list":["post-80","page","type-page","status-publish","hentry"],"_links":{"self":[{"href":"https:\/\/kylat.ekarjala.fi\/saanjarvi\/wp-json\/wp\/v2\/pages\/80","targetHints":{"allow":["GET"]}}],"collection":[{"href":"https:\/\/kylat.ekarjala.fi\/saanjarvi\/wp-json\/wp\/v2\/pages"}],"about":[{"href":"https:\/\/kylat.ekarjala.fi\/saanjarvi\/wp-json\/wp\/v2\/types\/page"}],"author":[{"embeddable":true,"href":"https:\/\/kylat.ekarjala.fi\/saanjarvi\/wp-json\/wp\/v2\/users\/1"}],"replies":[{"embeddable":true,"href":"https:\/\/kylat.ekarjala.fi\/saanjarvi\/wp-json\/wp\/v2\/comments?post=80"}],"version-history":[{"count":1,"href":"https:\/\/kylat.ekarjala.fi\/saanjarvi\/wp-json\/wp\/v2\/pages\/80\/revisions"}],"predecessor-version":[{"id":82,"href":"https:\/\/kylat.ekarjala.fi\/saanjarvi\/wp-json\/wp\/v2\/pages\/80\/revisions\/82"}],"wp:attachment":[{"href":"https:\/\/kylat.ekarjala.fi\/saanjarvi\/wp-json\/wp\/v2\/media?parent=80"}],"curies":[{"name":"wp","href":"https:\/\/api.w.org\/{rel}","templated":true}]}}