{"id":104,"date":"2011-10-19T13:22:00","date_gmt":"2011-10-19T11:52:00","guid":{"rendered":"https:\/\/kylat.ekarjala.fi\/saarenkyla\/?page_id=104"},"modified":"2011-10-19T13:22:00","modified_gmt":"2011-10-19T11:52:00","slug":"kesaretki-joensuuhun-2009","status":"publish","type":"page","link":"https:\/\/kylat.ekarjala.fi\/saarenkyla\/tapahtumia-vuosien-varrelta\/kesaretki-joensuuhun-2009\/","title":{"rendered":"Kes\u00e4retki Joensuuhun 2009"},"content":{"rendered":"<p>Kahdeksas p\u00e4iv\u00e4 kes\u00e4kuuta, valoisa aamu ilman muuta. P\u00e4iv\u00e4n teema on kes\u00e4retki. Mietitty t\u00e4t\u00e4 oli muutama hetki, oisko aika ja varat riitt\u00e4neet muuhun ? No, matkamme suuntautui Joensuuhun.<br \/>\nParikymment\u00e4 &#8221;seuralaista&#8221;, virke\u00e4\u00e4, iloista miest\u00e4 ja naista, sek\u00e4 kaksi reipasta koululaista, torilla tutustui kaupungin tyyliin, sitten taas hyp\u00e4ttiin K\u00e4rh\u00e4n kyytiin.<br \/>\nKaupunkikierros johdolla oppaan, joitakin otti kovasti &#8221;koppaan&#8221;, syyt t\u00e4h\u00e4n olikin p\u00e4tev\u00e4t, hyv\u00e4t, kun kuultu ei mit\u00e4\u00e4n,<br \/>\nmieleen j\u00e4i vain silmien n\u00e4kym\u00e4t. Bussin &#8221;mikki&#8221;,tuo mokoma, seh\u00e4n oli just`sopivasti mennyt rikki. Karjalantalon ruuat maittoi, hyv\u00e4 palvelu, kyll\u00e4iset vatsat, olon taas leppoisaksi laittoi. Kaupoissa k\u00e4ytiin, kun oli aikaa, sovittaa vaikka useampaa paitaa, ostoksia tuli my\u00f6s mukaan, eik\u00e4 kyydist\u00e4 unohtunut kukaan. Kotimatka kun oli esiss\u00e4 miete viipyi viel` Pielisen vesiss\u00e4.Paluumatkalla viel\u00e4, piipahdus Kiteell\u00e4, Marimekon myym\u00e4l\u00e4 siell\u00e4 raitapaitoja rahalla antoi, moni kukkakassia autoon kantoi. Pajarinhovissa kahvit juotiin, Sinille niist\u00e4 kiitokset tuotiin. Kuvaan ei nyt p\u00e4\u00e4ssyt kukaan, kun ei tullut kameraa mukaan. Mukavia ovat n\u00e4m\u00e4 yhteiset hetket, minne vienee ensi kes\u00e4n retket?<\/p>\n","protected":false},"excerpt":{"rendered":"<p>Kahdeksas p\u00e4iv\u00e4 kes\u00e4kuuta, valoisa aamu ilman muuta. P\u00e4iv\u00e4n teema on kes\u00e4retki. Mietitty t\u00e4t\u00e4 oli muutama hetki, oisko aika ja varat riitt\u00e4neet muuhun ? No, matkamme suuntautui Joensuuhun. Parikymment\u00e4 &#8221;seuralaista&#8221;, virke\u00e4\u00e4, iloista miest\u00e4 ja naista, sek\u00e4 kaksi reipasta koululaista, torilla tutustui &hellip; <a href=\"https:\/\/kylat.ekarjala.fi\/saarenkyla\/tapahtumia-vuosien-varrelta\/kesaretki-joensuuhun-2009\/\">Lue loppuun <span class=\"meta-nav\">&rarr;<\/span><\/a><\/p>\n","protected":false},"author":46,"featured_media":0,"parent":94,"menu_order":0,"comment_status":"open","ping_status":"open","template":"","meta":{"footnotes":""},"class_list":["post-104","page","type-page","status-publish","hentry"],"_links":{"self":[{"href":"https:\/\/kylat.ekarjala.fi\/saarenkyla\/wp-json\/wp\/v2\/pages\/104","targetHints":{"allow":["GET"]}}],"collection":[{"href":"https:\/\/kylat.ekarjala.fi\/saarenkyla\/wp-json\/wp\/v2\/pages"}],"about":[{"href":"https:\/\/kylat.ekarjala.fi\/saarenkyla\/wp-json\/wp\/v2\/types\/page"}],"author":[{"embeddable":true,"href":"https:\/\/kylat.ekarjala.fi\/saarenkyla\/wp-json\/wp\/v2\/users\/46"}],"replies":[{"embeddable":true,"href":"https:\/\/kylat.ekarjala.fi\/saarenkyla\/wp-json\/wp\/v2\/comments?post=104"}],"version-history":[{"count":1,"href":"https:\/\/kylat.ekarjala.fi\/saarenkyla\/wp-json\/wp\/v2\/pages\/104\/revisions"}],"predecessor-version":[{"id":105,"href":"https:\/\/kylat.ekarjala.fi\/saarenkyla\/wp-json\/wp\/v2\/pages\/104\/revisions\/105"}],"up":[{"embeddable":true,"href":"https:\/\/kylat.ekarjala.fi\/saarenkyla\/wp-json\/wp\/v2\/pages\/94"}],"wp:attachment":[{"href":"https:\/\/kylat.ekarjala.fi\/saarenkyla\/wp-json\/wp\/v2\/media?parent=104"}],"curies":[{"name":"wp","href":"https:\/\/api.w.org\/{rel}","templated":true}]}}