{"id":106,"date":"2011-10-19T13:24:11","date_gmt":"2011-10-19T11:54:11","guid":{"rendered":"https:\/\/kylat.ekarjala.fi\/saarenkyla\/?page_id=106"},"modified":"2011-10-19T13:25:08","modified_gmt":"2011-10-19T11:55:08","slug":"kesaretki-savonlinnaan-2008","status":"publish","type":"page","link":"https:\/\/kylat.ekarjala.fi\/saarenkyla\/tapahtumia-vuosien-varrelta\/kesaretki-savonlinnaan-2008\/","title":{"rendered":"Kes\u00e4retki Savonlinnaan 2008"},"content":{"rendered":"<p><a href=\"https:\/\/kylat.ekarjala.fi\/saarenkyla\/wp-content\/uploads\/sites\/26\/2011\/10\/Laiva-on-lastattu.jpeg\"><img loading=\"lazy\" decoding=\"async\" class=\"aligncenter size-full wp-image-108\" src=\"https:\/\/kylat.ekarjala.fi\/saarenkyla\/wp-content\/uploads\/sites\/26\/2011\/10\/Laiva-on-lastattu.jpeg\" alt=\"\" width=\"295\" height=\"227\" \/><\/a>Joukko iloisia kyl\u00e4l\u00e4isi\u00e4 k\u00e4vi retkeilem\u00e4ss\u00e4 Savonlinnassa. Vaikka kaupunki on se meid\u00e4n oma kaupunki jonne kaupunkimatka useimmiten vie. Kuitenkin meit\u00e4 oli 30 henke\u00e4 liikkeell\u00e4 vaikka vett\u00e4 tuli aika reippaasti. Aamukahvit torilla juotuamme l\u00e4ksimme nauttimaan kauniista saimaasta Punkaharju-laivalla. Sen j\u00e4lkeen olikin jo n\u00e4lk\u00e4 ja k\u00e4vimme t\u00e4ytt\u00e4m\u00e4ss\u00e4 vatsamme opetusravintola Paviljongissa. Ostokset hoidettiin prismassa ja sitten Putikkoon tutustumaan savisep\u00e4n ty\u00f6h\u00f6n ja tulihan sielt\u00e4 ostoksiakin mukaan.\u00a0 Sitten kotiin ja lep\u00e4m\u00e4\u00e4n odottaen uusia matkoja. Kiitos kaikille mukana olleille.<\/p>\n","protected":false},"excerpt":{"rendered":"<p>Joukko iloisia kyl\u00e4l\u00e4isi\u00e4 k\u00e4vi retkeilem\u00e4ss\u00e4 Savonlinnassa. Vaikka kaupunki on se meid\u00e4n oma kaupunki jonne kaupunkimatka useimmiten vie. Kuitenkin meit\u00e4 oli 30 henke\u00e4 liikkeell\u00e4 vaikka vett\u00e4 tuli aika reippaasti. Aamukahvit torilla juotuamme l\u00e4ksimme nauttimaan kauniista saimaasta Punkaharju-laivalla. Sen j\u00e4lkeen olikin jo &hellip; <a href=\"https:\/\/kylat.ekarjala.fi\/saarenkyla\/tapahtumia-vuosien-varrelta\/kesaretki-savonlinnaan-2008\/\">Lue loppuun <span class=\"meta-nav\">&rarr;<\/span><\/a><\/p>\n","protected":false},"author":46,"featured_media":0,"parent":94,"menu_order":0,"comment_status":"open","ping_status":"open","template":"","meta":{"footnotes":""},"class_list":["post-106","page","type-page","status-publish","hentry"],"_links":{"self":[{"href":"https:\/\/kylat.ekarjala.fi\/saarenkyla\/wp-json\/wp\/v2\/pages\/106","targetHints":{"allow":["GET"]}}],"collection":[{"href":"https:\/\/kylat.ekarjala.fi\/saarenkyla\/wp-json\/wp\/v2\/pages"}],"about":[{"href":"https:\/\/kylat.ekarjala.fi\/saarenkyla\/wp-json\/wp\/v2\/types\/page"}],"author":[{"embeddable":true,"href":"https:\/\/kylat.ekarjala.fi\/saarenkyla\/wp-json\/wp\/v2\/users\/46"}],"replies":[{"embeddable":true,"href":"https:\/\/kylat.ekarjala.fi\/saarenkyla\/wp-json\/wp\/v2\/comments?post=106"}],"version-history":[{"count":3,"href":"https:\/\/kylat.ekarjala.fi\/saarenkyla\/wp-json\/wp\/v2\/pages\/106\/revisions"}],"predecessor-version":[{"id":110,"href":"https:\/\/kylat.ekarjala.fi\/saarenkyla\/wp-json\/wp\/v2\/pages\/106\/revisions\/110"}],"up":[{"embeddable":true,"href":"https:\/\/kylat.ekarjala.fi\/saarenkyla\/wp-json\/wp\/v2\/pages\/94"}],"wp:attachment":[{"href":"https:\/\/kylat.ekarjala.fi\/saarenkyla\/wp-json\/wp\/v2\/media?parent=106"}],"curies":[{"name":"wp","href":"https:\/\/api.w.org\/{rel}","templated":true}]}}