{"id":114,"date":"2011-10-19T13:28:23","date_gmt":"2011-10-19T11:58:23","guid":{"rendered":"https:\/\/kylat.ekarjala.fi\/saarenkyla\/?page_id=114"},"modified":"2011-10-19T13:28:23","modified_gmt":"2011-10-19T11:58:23","slug":"kesaretki-2007","status":"publish","type":"page","link":"https:\/\/kylat.ekarjala.fi\/saarenkyla\/tapahtumia-vuosien-varrelta\/kesaretki-2007\/","title":{"rendered":"Kes\u00e4retki 2007"},"content":{"rendered":"<p><a href=\"https:\/\/kylat.ekarjala.fi\/saarenkyla\/wp-content\/uploads\/sites\/26\/2011\/10\/Biisonitarha.jpeg\"><img loading=\"lazy\" decoding=\"async\" class=\"aligncenter size-full wp-image-115\" src=\"https:\/\/kylat.ekarjala.fi\/saarenkyla\/wp-content\/uploads\/sites\/26\/2011\/10\/Biisonitarha.jpeg\" alt=\"\" width=\"305\" height=\"234\" \/><\/a><\/p>\n<p>Joukko kyl\u00e4l\u00e4isi\u00e4 teki retken oman kunnan n\u00e4ht\u00e4vyyksiin (jotka yleens\u00e4 j\u00e4\u00e4v\u00e4t katsomatta). Retki kiersi Siikalahden, patsaspuiston ja Saukkosen ateljeen kautta Mikkolanniemen toimintakeskukseen sy\u00f6m\u00e4\u00e4n, josta jatkettiin biisonitarhalle ja illalla pesimme matkap\u00f6lyt savusaunassa. Kaikki olivat tyytyv\u00e4isi\u00e4 matkaan ja tulivat huomanneeksi etteis it\u00e4 retke\u00e4 tarvitse maailman \u00e4\u00e4riin tehd\u00e4. Meill\u00e4 kaikilla on n\u00e4ht\u00e4v\u00e4\u00e4 aivan l\u00e4hell\u00e4.<a href=\"https:\/\/kylat.ekarjala.fi\/saarenkyla\/wp-content\/uploads\/sites\/26\/2011\/10\/kokkosen-savusauna.jpeg\"><img loading=\"lazy\" decoding=\"async\" class=\"aligncenter size-full wp-image-116\" src=\"https:\/\/kylat.ekarjala.fi\/saarenkyla\/wp-content\/uploads\/sites\/26\/2011\/10\/kokkosen-savusauna.jpeg\" alt=\"\" width=\"341\" height=\"212\" \/><\/a><\/p>\n","protected":false},"excerpt":{"rendered":"<p>Joukko kyl\u00e4l\u00e4isi\u00e4 teki retken oman kunnan n\u00e4ht\u00e4vyyksiin (jotka yleens\u00e4 j\u00e4\u00e4v\u00e4t katsomatta). Retki kiersi Siikalahden, patsaspuiston ja Saukkosen ateljeen kautta Mikkolanniemen toimintakeskukseen sy\u00f6m\u00e4\u00e4n, josta jatkettiin biisonitarhalle ja illalla pesimme matkap\u00f6lyt savusaunassa. Kaikki olivat tyytyv\u00e4isi\u00e4 matkaan ja tulivat huomanneeksi etteis it\u00e4 retke\u00e4 &hellip; <a href=\"https:\/\/kylat.ekarjala.fi\/saarenkyla\/tapahtumia-vuosien-varrelta\/kesaretki-2007\/\">Lue loppuun <span class=\"meta-nav\">&rarr;<\/span><\/a><\/p>\n","protected":false},"author":46,"featured_media":0,"parent":94,"menu_order":0,"comment_status":"open","ping_status":"open","template":"","meta":{"footnotes":""},"class_list":["post-114","page","type-page","status-publish","hentry"],"_links":{"self":[{"href":"https:\/\/kylat.ekarjala.fi\/saarenkyla\/wp-json\/wp\/v2\/pages\/114","targetHints":{"allow":["GET"]}}],"collection":[{"href":"https:\/\/kylat.ekarjala.fi\/saarenkyla\/wp-json\/wp\/v2\/pages"}],"about":[{"href":"https:\/\/kylat.ekarjala.fi\/saarenkyla\/wp-json\/wp\/v2\/types\/page"}],"author":[{"embeddable":true,"href":"https:\/\/kylat.ekarjala.fi\/saarenkyla\/wp-json\/wp\/v2\/users\/46"}],"replies":[{"embeddable":true,"href":"https:\/\/kylat.ekarjala.fi\/saarenkyla\/wp-json\/wp\/v2\/comments?post=114"}],"version-history":[{"count":1,"href":"https:\/\/kylat.ekarjala.fi\/saarenkyla\/wp-json\/wp\/v2\/pages\/114\/revisions"}],"predecessor-version":[{"id":117,"href":"https:\/\/kylat.ekarjala.fi\/saarenkyla\/wp-json\/wp\/v2\/pages\/114\/revisions\/117"}],"up":[{"embeddable":true,"href":"https:\/\/kylat.ekarjala.fi\/saarenkyla\/wp-json\/wp\/v2\/pages\/94"}],"wp:attachment":[{"href":"https:\/\/kylat.ekarjala.fi\/saarenkyla\/wp-json\/wp\/v2\/media?parent=114"}],"curies":[{"name":"wp","href":"https:\/\/api.w.org\/{rel}","templated":true}]}}