{"id":140,"date":"2011-11-17T17:11:14","date_gmt":"2011-11-17T15:41:14","guid":{"rendered":"https:\/\/kylat.ekarjala.fi\/saarenkyla\/?page_id=140"},"modified":"2011-11-17T17:19:18","modified_gmt":"2011-11-17T15:49:18","slug":"kylan-vanhin","status":"publish","type":"page","link":"https:\/\/kylat.ekarjala.fi\/saarenkyla\/historia\/kylan-vanhin\/","title":{"rendered":"Kyl\u00e4n vanhin"},"content":{"rendered":"<div id=\"attachment_165\" style=\"width: 591px\" class=\"wp-caption aligncenter\"><a href=\"https:\/\/kylat.ekarjala.fi\/saarenkyla\/wp-content\/uploads\/sites\/26\/2011\/11\/Oskari-20v.jpg\"><img loading=\"lazy\" decoding=\"async\" aria-describedby=\"caption-attachment-165\" class=\"size-full wp-image-165\" src=\"https:\/\/kylat.ekarjala.fi\/saarenkyla\/wp-content\/uploads\/sites\/26\/2011\/11\/Oskari-20v.jpg\" alt=\"\" width=\"581\" height=\"800\" \/><\/a><p id=\"caption-attachment-165\" class=\"wp-caption-text\">Oskari Tiainen 20.v.<\/p><\/div>\n<p style=\"text-align: center\">Kyl\u00e4mme vanhimpiin lukeutuva Oskari ja Anni Tiaiset, ohessa muutama juttu ja kuva heist\u00e4. Oskari Tiainen syntyi 24.10 1921.Saarenkyl\u00e4ss\u00e4 Kirkontiell\u00e4.<br \/>\nOli jatkosodassa autonkuljettajana.<br \/>\nEnnen sotaa opetteli enon autolla ajamaan, mik\u00e4 sitten riitti\u00a0 p\u00e4\u00e4syyn<br \/>\nautonkuljettajaksi armeijassa.Kuukauden mittaisen alokasajan j\u00e4lkeen,<br \/>\njoutui sitten tositoimiin.<br \/>\nSill\u00e4 reissulla menikin sitten aikaa 3vuotta ja 4 kuukautta.<\/p>\n<p style=\"text-align: center\">Anni Tiainen on syntynyt Kesusmaalla ja on omaasukua Sairanen.<\/p>\n<p style=\"text-align: center\">\n<a href=\"https:\/\/kylat.ekarjala.fi\/saarenkyla\/wp-content\/uploads\/sites\/26\/2011\/11\/Lehdest\u00e4-Karjala-001.jpg\"><img loading=\"lazy\" decoding=\"async\" class=\"aligncenter size-full wp-image-167\" src=\"https:\/\/kylat.ekarjala.fi\/saarenkyla\/wp-content\/uploads\/sites\/26\/2011\/11\/Lehdest\u00e4-Karjala-001.jpg\" alt=\"\" width=\"800\" height=\"500\" \/><\/a><\/p>\n<p><span>Karjala lehdest\u00e4<\/span><\/p>\n<p><span><a href=\"https:\/\/kylat.ekarjala.fi\/saarenkyla\/wp-content\/uploads\/sites\/26\/2011\/11\/Anni-ja-Oskari.jpg\"><img loading=\"lazy\" decoding=\"async\" class=\"aligncenter size-full wp-image-168\" src=\"https:\/\/kylat.ekarjala.fi\/saarenkyla\/wp-content\/uploads\/sites\/26\/2011\/11\/Anni-ja-Oskari.jpg\" alt=\"\" width=\"1024\" height=\"746\" \/><\/a><span>Parikkalan sanomista<\/span><\/span><\/p>\n<div id=\"attachment_166\" style=\"width: 810px\" class=\"wp-caption aligncenter\"><a href=\"https:\/\/kylat.ekarjala.fi\/saarenkyla\/wp-content\/uploads\/sites\/26\/2011\/11\/Anni-ja-Oskari-2.jpg\"><img loading=\"lazy\" decoding=\"async\" aria-describedby=\"caption-attachment-166\" class=\"size-full wp-image-166\" src=\"https:\/\/kylat.ekarjala.fi\/saarenkyla\/wp-content\/uploads\/sites\/26\/2011\/11\/Anni-ja-Oskari-2.jpg\" alt=\"\" width=\"800\" height=\"790\" \/><\/a><p id=\"caption-attachment-166\" class=\"wp-caption-text\">Anni ja Oskari 2011<\/p><\/div>\n<div id=\"attachment_169\" style=\"width: 495px\" class=\"wp-caption aligncenter\"><a href=\"https:\/\/kylat.ekarjala.fi\/saarenkyla\/wp-content\/uploads\/sites\/26\/2011\/11\/Oskari-ja-saalis.jpg\"><img loading=\"lazy\" decoding=\"async\" aria-describedby=\"caption-attachment-169\" class=\"size-full wp-image-169\" src=\"https:\/\/kylat.ekarjala.fi\/saarenkyla\/wp-content\/uploads\/sites\/26\/2011\/11\/Oskari-ja-saalis.jpg\" alt=\"\" width=\"485\" height=\"800\" \/><\/a><p id=\"caption-attachment-169\" class=\"wp-caption-text\">Oskari ja saalis<\/p><\/div>\n<div id=\"attachment_172\" style=\"width: 660px\" class=\"wp-caption aligncenter\"><a href=\"https:\/\/kylat.ekarjala.fi\/saarenkyla\/wp-content\/uploads\/sites\/26\/2011\/11\/Oskari-90v.jpg\"><img loading=\"lazy\" decoding=\"async\" aria-describedby=\"caption-attachment-172\" class=\"size-full wp-image-172\" src=\"https:\/\/kylat.ekarjala.fi\/saarenkyla\/wp-content\/uploads\/sites\/26\/2011\/11\/Oskari-90v.jpg\" alt=\"\" width=\"650\" height=\"800\" \/><\/a><p id=\"caption-attachment-172\" class=\"wp-caption-text\">Oskari 90.v.<\/p><\/div>\n<p style=\"text-align: center\"><span><br \/>\n<\/span><\/p>\n<p>&nbsp;<\/p>\n<p>&nbsp;<\/p>\n","protected":false},"excerpt":{"rendered":"<p>Kyl\u00e4mme vanhimpiin lukeutuva Oskari ja Anni Tiaiset, ohessa muutama juttu ja kuva heist\u00e4. Oskari Tiainen syntyi 24.10 1921.Saarenkyl\u00e4ss\u00e4 Kirkontiell\u00e4. Oli jatkosodassa autonkuljettajana. Ennen sotaa opetteli enon autolla ajamaan, mik\u00e4 sitten riitti\u00a0 p\u00e4\u00e4syyn autonkuljettajaksi armeijassa.Kuukauden mittaisen alokasajan j\u00e4lkeen, joutui sitten tositoimiin. &hellip; <a href=\"https:\/\/kylat.ekarjala.fi\/saarenkyla\/historia\/kylan-vanhin\/\">Lue loppuun <span class=\"meta-nav\">&rarr;<\/span><\/a><\/p>\n","protected":false},"author":46,"featured_media":0,"parent":137,"menu_order":0,"comment_status":"open","ping_status":"open","template":"","meta":{"footnotes":""},"class_list":["post-140","page","type-page","status-publish","hentry"],"_links":{"self":[{"href":"https:\/\/kylat.ekarjala.fi\/saarenkyla\/wp-json\/wp\/v2\/pages\/140","targetHints":{"allow":["GET"]}}],"collection":[{"href":"https:\/\/kylat.ekarjala.fi\/saarenkyla\/wp-json\/wp\/v2\/pages"}],"about":[{"href":"https:\/\/kylat.ekarjala.fi\/saarenkyla\/wp-json\/wp\/v2\/types\/page"}],"author":[{"embeddable":true,"href":"https:\/\/kylat.ekarjala.fi\/saarenkyla\/wp-json\/wp\/v2\/users\/46"}],"replies":[{"embeddable":true,"href":"https:\/\/kylat.ekarjala.fi\/saarenkyla\/wp-json\/wp\/v2\/comments?post=140"}],"version-history":[{"count":8,"href":"https:\/\/kylat.ekarjala.fi\/saarenkyla\/wp-json\/wp\/v2\/pages\/140\/revisions"}],"predecessor-version":[{"id":176,"href":"https:\/\/kylat.ekarjala.fi\/saarenkyla\/wp-json\/wp\/v2\/pages\/140\/revisions\/176"}],"up":[{"embeddable":true,"href":"https:\/\/kylat.ekarjala.fi\/saarenkyla\/wp-json\/wp\/v2\/pages\/137"}],"wp:attachment":[{"href":"https:\/\/kylat.ekarjala.fi\/saarenkyla\/wp-json\/wp\/v2\/media?parent=140"}],"curies":[{"name":"wp","href":"https:\/\/api.w.org\/{rel}","templated":true}]}}