{"id":154,"date":"2011-11-17T13:22:00","date_gmt":"2011-11-17T11:52:00","guid":{"rendered":"https:\/\/kylat.ekarjala.fi\/saarenkyla\/?page_id=154"},"modified":"2012-02-07T15:08:37","modified_gmt":"2012-02-07T13:38:37","slug":"kuvia-kylalta","status":"publish","type":"page","link":"https:\/\/kylat.ekarjala.fi\/saarenkyla\/kuvia-kylalta\/","title":{"rendered":"Kuvia kyl\u00e4lt\u00e4"},"content":{"rendered":"<div id=\"attachment_157\" style=\"width: 394px\" class=\"wp-caption aligncenter\"><a href=\"https:\/\/kylat.ekarjala.fi\/saarenkyla\/wp-content\/uploads\/sites\/26\/2011\/11\/hautausmaalta-kirkkom\u00e4elle.jpg\"><img loading=\"lazy\" decoding=\"async\" aria-describedby=\"caption-attachment-157\" class=\"size-full wp-image-157 \" src=\"https:\/\/kylat.ekarjala.fi\/saarenkyla\/wp-content\/uploads\/sites\/26\/2011\/11\/hautausmaalta-kirkkom\u00e4elle.jpg\" alt=\"Hautausmaalta kirkkom\u00e4elle\" width=\"384\" height=\"576\" \/><\/a><p id=\"caption-attachment-157\" class=\"wp-caption-text\">Hautausmaalta kirkkom\u00e4elle<\/p><\/div>\n<p style=\"text-align: center\">Kyl\u00e4lt\u00e4 l\u00f6ytyy innokkoita kuvaajia t\u00e4ss\u00e4 muutamia otoksia. Kuvaaja Arian Ainesj\u00e4rvi.<\/p>\n<div id=\"attachment_159\" style=\"width: 810px\" class=\"wp-caption aligncenter\"><a href=\"https:\/\/kylat.ekarjala.fi\/saarenkyla\/wp-content\/uploads\/sites\/26\/2011\/11\/Kirkontien-ja-Riionsalmentien-risteys.jpg\"><img loading=\"lazy\" decoding=\"async\" aria-describedby=\"caption-attachment-159\" class=\"size-full wp-image-159 \" src=\"https:\/\/kylat.ekarjala.fi\/saarenkyla\/wp-content\/uploads\/sites\/26\/2011\/11\/Kirkontien-ja-Riionsalmentien-risteys.jpg\" alt=\"\" width=\"800\" height=\"534\" \/><\/a><p id=\"caption-attachment-159\" class=\"wp-caption-text\">Kirkontien ja Riionsalmentien risteys<\/p><\/div>\n<p>&nbsp;<\/p>\n<div id=\"attachment_160\" style=\"width: 527px\" class=\"wp-caption aligncenter\"><a href=\"https:\/\/kylat.ekarjala.fi\/saarenkyla\/wp-content\/uploads\/sites\/26\/2011\/11\/Maitolaituri.jpg\"><img loading=\"lazy\" decoding=\"async\" aria-describedby=\"caption-attachment-160\" class=\"size-full wp-image-160 \" src=\"https:\/\/kylat.ekarjala.fi\/saarenkyla\/wp-content\/uploads\/sites\/26\/2011\/11\/Maitolaituri.jpg\" alt=\"\" width=\"517\" height=\"576\" \/><\/a><p id=\"caption-attachment-160\" class=\"wp-caption-text\">Maitolaituri<\/p><\/div>\n<p>&nbsp;<\/p>\n<p>&nbsp;<\/p>\n<div id=\"attachment_161\" style=\"width: 810px\" class=\"wp-caption aligncenter\"><a href=\"https:\/\/kylat.ekarjala.fi\/saarenkyla\/wp-content\/uploads\/sites\/26\/2011\/11\/Rantamajan-aitta.jpg\"><img loading=\"lazy\" decoding=\"async\" aria-describedby=\"caption-attachment-161\" class=\"size-full wp-image-161\" src=\"https:\/\/kylat.ekarjala.fi\/saarenkyla\/wp-content\/uploads\/sites\/26\/2011\/11\/Rantamajan-aitta.jpg\" alt=\"\" width=\"800\" height=\"534\" \/><\/a><p id=\"caption-attachment-161\" class=\"wp-caption-text\">Rantamajan aitta<\/p><\/div>\n<div id=\"attachment_162\" style=\"width: 810px\" class=\"wp-caption aligncenter\"><a href=\"https:\/\/kylat.ekarjala.fi\/saarenkyla\/wp-content\/uploads\/sites\/26\/2011\/11\/Myllyksen-karjaa.jpg\"><img loading=\"lazy\" decoding=\"async\" aria-describedby=\"caption-attachment-162\" class=\"size-full wp-image-162\" src=\"https:\/\/kylat.ekarjala.fi\/saarenkyla\/wp-content\/uploads\/sites\/26\/2011\/11\/Myllyksen-karjaa.jpg\" alt=\"\" width=\"800\" height=\"534\" \/><\/a><p id=\"caption-attachment-162\" class=\"wp-caption-text\">Maataloutta Saarenkyl\u00e4\u00e4lt\u00e4 viel\u00e4 l\u00f6ytyy muutamasta talosta.<\/p><\/div>\n<div id=\"attachment_190\" style=\"width: 1214px\" class=\"wp-caption aligncenter\"><a href=\"https:\/\/kylat.ekarjala.fi\/saarenkyla\/wp-content\/uploads\/sites\/26\/2011\/11\/Lumimyrskyn-j\u00e4lkeen-Yl\u00e4-Tyrj\u00e4.pak_.jpeg\"><img loading=\"lazy\" decoding=\"async\" aria-describedby=\"caption-attachment-190\" class=\"size-full wp-image-190\" src=\"https:\/\/kylat.ekarjala.fi\/saarenkyla\/wp-content\/uploads\/sites\/26\/2011\/11\/Lumimyrskyn-j\u00e4lkeen-Yl\u00e4-Tyrj\u00e4.pak_.jpeg\" alt=\"Lumimyrskyn j\u00e4lkeen Yl\u00e4-Tyrj\u00e4\" width=\"1204\" height=\"800\" \/><\/a><p id=\"caption-attachment-190\" class=\"wp-caption-text\">Lumimyrskyn j\u00e4lkeen Yl\u00e4-Tyrj\u00e4<\/p><\/div>\n<div id=\"attachment_193\" style=\"width: 1214px\" class=\"wp-caption aligncenter\"><a href=\"https:\/\/kylat.ekarjala.fi\/saarenkyla\/wp-content\/uploads\/sites\/26\/2011\/11\/Kanttarellit-kivell\u00e4.pak_.jpeg\"><img loading=\"lazy\" decoding=\"async\" aria-describedby=\"caption-attachment-193\" class=\"size-full wp-image-193\" src=\"https:\/\/kylat.ekarjala.fi\/saarenkyla\/wp-content\/uploads\/sites\/26\/2011\/11\/Kanttarellit-kivell\u00e4.pak_.jpeg\" alt=\"\" width=\"1204\" height=\"803\" \/><\/a><p id=\"caption-attachment-193\" class=\"wp-caption-text\">Kanttarellit kivell\u00e4<\/p><\/div>\n<p>&nbsp;<\/p>\n","protected":false},"excerpt":{"rendered":"<p>Kyl\u00e4lt\u00e4 l\u00f6ytyy innokkoita kuvaajia t\u00e4ss\u00e4 muutamia otoksia. Kuvaaja Arian Ainesj\u00e4rvi. &nbsp; &nbsp; &nbsp; &nbsp;<\/p>\n","protected":false},"author":46,"featured_media":0,"parent":0,"menu_order":0,"comment_status":"open","ping_status":"open","template":"","meta":{"footnotes":""},"class_list":["post-154","page","type-page","status-publish","hentry"],"_links":{"self":[{"href":"https:\/\/kylat.ekarjala.fi\/saarenkyla\/wp-json\/wp\/v2\/pages\/154","targetHints":{"allow":["GET"]}}],"collection":[{"href":"https:\/\/kylat.ekarjala.fi\/saarenkyla\/wp-json\/wp\/v2\/pages"}],"about":[{"href":"https:\/\/kylat.ekarjala.fi\/saarenkyla\/wp-json\/wp\/v2\/types\/page"}],"author":[{"embeddable":true,"href":"https:\/\/kylat.ekarjala.fi\/saarenkyla\/wp-json\/wp\/v2\/users\/46"}],"replies":[{"embeddable":true,"href":"https:\/\/kylat.ekarjala.fi\/saarenkyla\/wp-json\/wp\/v2\/comments?post=154"}],"version-history":[{"count":8,"href":"https:\/\/kylat.ekarjala.fi\/saarenkyla\/wp-json\/wp\/v2\/pages\/154\/revisions"}],"predecessor-version":[{"id":194,"href":"https:\/\/kylat.ekarjala.fi\/saarenkyla\/wp-json\/wp\/v2\/pages\/154\/revisions\/194"}],"wp:attachment":[{"href":"https:\/\/kylat.ekarjala.fi\/saarenkyla\/wp-json\/wp\/v2\/media?parent=154"}],"curies":[{"name":"wp","href":"https:\/\/api.w.org\/{rel}","templated":true}]}}