{"id":16,"date":"2011-10-19T10:55:38","date_gmt":"2011-10-19T09:25:38","guid":{"rendered":"https:\/\/kylat.ekarjala.fi\/saarenkyla\/?page_id=16"},"modified":"2015-03-22T20:40:49","modified_gmt":"2015-03-22T19:10:49","slug":"vaaranmaen-nakotorni","status":"publish","type":"page","link":"https:\/\/kylat.ekarjala.fi\/saarenkyla\/nahtavyydet\/vaaranmaen-nakotorni\/","title":{"rendered":"Vaaranm\u00e4en n\u00e4k\u00f6torni"},"content":{"rendered":"<div id=\"attachment_19\" style=\"width: 247px\" class=\"wp-caption aligncenter\"><a href=\"https:\/\/kylat.ekarjala.fi\/saarenkyla\/wp-content\/uploads\/sites\/26\/2011\/10\/maisema-3.jpeg\"><img loading=\"lazy\" decoding=\"async\" aria-describedby=\"caption-attachment-19\" class=\"size-full wp-image-19 \" src=\"https:\/\/kylat.ekarjala.fi\/saarenkyla\/wp-content\/uploads\/sites\/26\/2011\/10\/maisema-3.jpeg\" alt=\"\" width=\"237\" height=\"242\" \/><\/a><p id=\"caption-attachment-19\" class=\"wp-caption-text\">Kauniita maisemia Mikkolanniemen suuntaan<\/p><\/div>\n<p>Vaaranm\u00e4en n\u00e4k\u00f6torni, opastus Kirkontielt\u00e4 6-tielt\u00e4 n. 5 km Saaren kk tiet\u00e4, parkkipaikka hautausmaan vieress\u00e4.<a href=\"https:\/\/kylat.ekarjala.fi\/saarenkyla\/wp-content\/uploads\/sites\/26\/2011\/10\/LataaKuva.jpeg\"><img loading=\"lazy\" decoding=\"async\" class=\"aligncenter size-full wp-image-17\" src=\"https:\/\/kylat.ekarjala.fi\/saarenkyla\/wp-content\/uploads\/sites\/26\/2011\/10\/LataaKuva.jpeg\" alt=\"\" width=\"173\" height=\"472\" \/><\/a><\/p>\n<p>Kota ja laavu k\u00e4yt\u00f6ss\u00e4<a href=\"https:\/\/kylat.ekarjala.fi\/saarenkyla\/wp-content\/uploads\/sites\/26\/2011\/10\/maisema2.jpeg\"><img loading=\"lazy\" decoding=\"async\" class=\"aligncenter size-full wp-image-18\" src=\"https:\/\/kylat.ekarjala.fi\/saarenkyla\/wp-content\/uploads\/sites\/26\/2011\/10\/maisema2.jpeg\" alt=\"\" width=\"286\" height=\"253\" \/><\/a><\/p>\n","protected":false},"excerpt":{"rendered":"<p>Vaaranm\u00e4en n\u00e4k\u00f6torni, opastus Kirkontielt\u00e4 6-tielt\u00e4 n. 5 km Saaren kk tiet\u00e4, parkkipaikka hautausmaan vieress\u00e4. Kota ja laavu k\u00e4yt\u00f6ss\u00e4<\/p>\n","protected":false},"author":46,"featured_media":0,"parent":46,"menu_order":0,"comment_status":"open","ping_status":"closed","template":"","meta":{"footnotes":""},"class_list":["post-16","page","type-page","status-publish","hentry"],"_links":{"self":[{"href":"https:\/\/kylat.ekarjala.fi\/saarenkyla\/wp-json\/wp\/v2\/pages\/16","targetHints":{"allow":["GET"]}}],"collection":[{"href":"https:\/\/kylat.ekarjala.fi\/saarenkyla\/wp-json\/wp\/v2\/pages"}],"about":[{"href":"https:\/\/kylat.ekarjala.fi\/saarenkyla\/wp-json\/wp\/v2\/types\/page"}],"author":[{"embeddable":true,"href":"https:\/\/kylat.ekarjala.fi\/saarenkyla\/wp-json\/wp\/v2\/users\/46"}],"replies":[{"embeddable":true,"href":"https:\/\/kylat.ekarjala.fi\/saarenkyla\/wp-json\/wp\/v2\/comments?post=16"}],"version-history":[{"count":10,"href":"https:\/\/kylat.ekarjala.fi\/saarenkyla\/wp-json\/wp\/v2\/pages\/16\/revisions"}],"predecessor-version":[{"id":251,"href":"https:\/\/kylat.ekarjala.fi\/saarenkyla\/wp-json\/wp\/v2\/pages\/16\/revisions\/251"}],"up":[{"embeddable":true,"href":"https:\/\/kylat.ekarjala.fi\/saarenkyla\/wp-json\/wp\/v2\/pages\/46"}],"wp:attachment":[{"href":"https:\/\/kylat.ekarjala.fi\/saarenkyla\/wp-json\/wp\/v2\/media?parent=16"}],"curies":[{"name":"wp","href":"https:\/\/api.w.org\/{rel}","templated":true}]}}