{"id":183,"date":"2012-01-21T12:51:54","date_gmt":"2012-01-21T11:21:54","guid":{"rendered":"https:\/\/kylat.ekarjala.fi\/saarenkyla\/?page_id=183"},"modified":"2015-03-22T20:42:22","modified_gmt":"2015-03-22T19:12:22","slug":"jasenmaksu","status":"publish","type":"page","link":"https:\/\/kylat.ekarjala.fi\/saarenkyla\/kylaesittely\/jasenmaksu\/","title":{"rendered":"J\u00e4senmaksu"},"content":{"rendered":"<p>J\u00e4senmaksu on 5\u20ac henkil\u00f6 tai 10\u20ac perhemaksu. Tilinumero jolle voit suorittaa\u00a0 IBAN FI0951510320010313 laita nimi,syntym\u00e4aikasi ja puhelinnumero viesti kentt\u00e4\u00e4n<\/p>\n","protected":false},"excerpt":{"rendered":"<p>J\u00e4senmaksu on 5\u20ac henkil\u00f6 tai 10\u20ac perhemaksu. Tilinumero jolle voit suorittaa\u00a0 IBAN FI0951510320010313 laita nimi,syntym\u00e4aikasi ja puhelinnumero viesti kentt\u00e4\u00e4n<\/p>\n","protected":false},"author":46,"featured_media":0,"parent":8,"menu_order":0,"comment_status":"open","ping_status":"open","template":"","meta":{"footnotes":""},"class_list":["post-183","page","type-page","status-publish","hentry"],"_links":{"self":[{"href":"https:\/\/kylat.ekarjala.fi\/saarenkyla\/wp-json\/wp\/v2\/pages\/183","targetHints":{"allow":["GET"]}}],"collection":[{"href":"https:\/\/kylat.ekarjala.fi\/saarenkyla\/wp-json\/wp\/v2\/pages"}],"about":[{"href":"https:\/\/kylat.ekarjala.fi\/saarenkyla\/wp-json\/wp\/v2\/types\/page"}],"author":[{"embeddable":true,"href":"https:\/\/kylat.ekarjala.fi\/saarenkyla\/wp-json\/wp\/v2\/users\/46"}],"replies":[{"embeddable":true,"href":"https:\/\/kylat.ekarjala.fi\/saarenkyla\/wp-json\/wp\/v2\/comments?post=183"}],"version-history":[{"count":2,"href":"https:\/\/kylat.ekarjala.fi\/saarenkyla\/wp-json\/wp\/v2\/pages\/183\/revisions"}],"predecessor-version":[{"id":252,"href":"https:\/\/kylat.ekarjala.fi\/saarenkyla\/wp-json\/wp\/v2\/pages\/183\/revisions\/252"}],"up":[{"embeddable":true,"href":"https:\/\/kylat.ekarjala.fi\/saarenkyla\/wp-json\/wp\/v2\/pages\/8"}],"wp:attachment":[{"href":"https:\/\/kylat.ekarjala.fi\/saarenkyla\/wp-json\/wp\/v2\/media?parent=183"}],"curies":[{"name":"wp","href":"https:\/\/api.w.org\/{rel}","templated":true}]}}