{"id":39,"date":"2011-10-19T12:23:02","date_gmt":"2011-10-19T10:53:02","guid":{"rendered":"https:\/\/kylat.ekarjala.fi\/saarenkyla\/?page_id=39"},"modified":"2013-01-20T09:39:01","modified_gmt":"2013-01-20T08:09:01","slug":"rantamaja-ja-sauna","status":"publish","type":"page","link":"https:\/\/kylat.ekarjala.fi\/saarenkyla\/nahtavyydet\/rantamaja-ja-sauna\/","title":{"rendered":"Rantamaja ja sauna"},"content":{"rendered":"<p><a href=\"https:\/\/kylat.ekarjala.fi\/saarenkyla\/wp-content\/uploads\/sites\/26\/2011\/10\/rantamaja.jpg\"><img loading=\"lazy\" decoding=\"async\" class=\"alignright size-full wp-image-141\" src=\"https:\/\/kylat.ekarjala.fi\/saarenkyla\/wp-content\/uploads\/sites\/26\/2011\/10\/rantamaja.jpg\" alt=\"\" width=\"800\" height=\"534\" \/><\/a><\/p>\n<p>Parikkalan kunnalla on kyl\u00e4ll\u00e4mme idyllinen tapahtumien, kokouksien ja juhlien pitopaikka.<\/p>\n<p><a href=\"https:\/\/kylat.ekarjala.fi\/saarenkyla\/wp-content\/uploads\/sites\/26\/2011\/10\/rantasauna.jpg\"><img loading=\"lazy\" decoding=\"async\" class=\"alignright size-full wp-image-143\" src=\"https:\/\/kylat.ekarjala.fi\/saarenkyla\/wp-content\/uploads\/sites\/26\/2011\/10\/rantasauna.jpg\" alt=\"\" width=\"800\" height=\"534\" \/><\/a>K\u00e4yt\u00f6ss\u00e4 uusi rantasauna takkoineen jossa mahdollisuus keitt\u00e4\u00e4 vaikka kahvit. Edustavasta saunasta avautuu n\u00e4kym\u00e4 j\u00e4rvelle.<\/p>\n<p>Rantamaja tuo mieleen vanhan ajan kauniit tuvat tummuneineen hirsineen. Majassa my\u00f6s takka ja keitti\u00f6. Mahdollisuus y\u00f6py\u00e4. Mukaan omat petivaatteet.<\/p>\n<p>Kunta vuokraa tiloja yhdess\u00e4 tai erikseen. Kysy\u00e4 voi\u00a0 Parikkalan kunnasta lis\u00e4\u00e4,\u00a0Saaren kirjastolta <span style=\"font-family: Arial;font-size: x-small\">040-5186915<\/span><\/p>\n<p>Osoite Kirkkorannantie (seuraa uimala kylttej\u00e4 ja maja ja sauna l\u00f6ytyv\u00e4t ennen uimalaa oikealta puolelta punainen hirsirakennus aittoineen ja saunarakennus rannassa.)<a href=\"https:\/\/kylat.ekarjala.fi\/saarenkyla\/wp-content\/uploads\/sites\/26\/2011\/10\/rantamaja-2.jpg\"><img loading=\"lazy\" decoding=\"async\" class=\"alignright size-full wp-image-145\" src=\"https:\/\/kylat.ekarjala.fi\/saarenkyla\/wp-content\/uploads\/sites\/26\/2011\/10\/rantamaja-2.jpg\" alt=\"\" width=\"800\" height=\"534\" \/><\/a><\/p>\n<p>&nbsp;<\/p>\n<p>&nbsp;<\/p>\n<p>&nbsp;<\/p>\n","protected":false},"excerpt":{"rendered":"<p>Parikkalan kunnalla on kyl\u00e4ll\u00e4mme idyllinen tapahtumien, kokouksien ja juhlien pitopaikka. K\u00e4yt\u00f6ss\u00e4 uusi rantasauna takkoineen jossa mahdollisuus keitt\u00e4\u00e4 vaikka kahvit. Edustavasta saunasta avautuu n\u00e4kym\u00e4 j\u00e4rvelle. Rantamaja tuo mieleen vanhan ajan kauniit tuvat tummuneineen hirsineen. Majassa my\u00f6s takka ja keitti\u00f6. Mahdollisuus y\u00f6py\u00e4. &hellip; <a href=\"https:\/\/kylat.ekarjala.fi\/saarenkyla\/nahtavyydet\/rantamaja-ja-sauna\/\">Lue loppuun <span class=\"meta-nav\">&rarr;<\/span><\/a><\/p>\n","protected":false},"author":46,"featured_media":0,"parent":46,"menu_order":0,"comment_status":"open","ping_status":"open","template":"","meta":{"footnotes":""},"class_list":["post-39","page","type-page","status-publish","hentry"],"_links":{"self":[{"href":"https:\/\/kylat.ekarjala.fi\/saarenkyla\/wp-json\/wp\/v2\/pages\/39","targetHints":{"allow":["GET"]}}],"collection":[{"href":"https:\/\/kylat.ekarjala.fi\/saarenkyla\/wp-json\/wp\/v2\/pages"}],"about":[{"href":"https:\/\/kylat.ekarjala.fi\/saarenkyla\/wp-json\/wp\/v2\/types\/page"}],"author":[{"embeddable":true,"href":"https:\/\/kylat.ekarjala.fi\/saarenkyla\/wp-json\/wp\/v2\/users\/46"}],"replies":[{"embeddable":true,"href":"https:\/\/kylat.ekarjala.fi\/saarenkyla\/wp-json\/wp\/v2\/comments?post=39"}],"version-history":[{"count":12,"href":"https:\/\/kylat.ekarjala.fi\/saarenkyla\/wp-json\/wp\/v2\/pages\/39\/revisions"}],"predecessor-version":[{"id":224,"href":"https:\/\/kylat.ekarjala.fi\/saarenkyla\/wp-json\/wp\/v2\/pages\/39\/revisions\/224"}],"up":[{"embeddable":true,"href":"https:\/\/kylat.ekarjala.fi\/saarenkyla\/wp-json\/wp\/v2\/pages\/46"}],"wp:attachment":[{"href":"https:\/\/kylat.ekarjala.fi\/saarenkyla\/wp-json\/wp\/v2\/media?parent=39"}],"curies":[{"name":"wp","href":"https:\/\/api.w.org\/{rel}","templated":true}]}}