{"id":42,"date":"2011-10-19T12:35:19","date_gmt":"2011-10-19T11:05:19","guid":{"rendered":"https:\/\/kylat.ekarjala.fi\/saarenkyla\/?page_id=42"},"modified":"2011-10-19T12:39:09","modified_gmt":"2011-10-19T11:09:09","slug":"harrastukset","status":"publish","type":"page","link":"https:\/\/kylat.ekarjala.fi\/saarenkyla\/harrastukset\/","title":{"rendered":"Harrastukset"},"content":{"rendered":"<p>Saarenkyl\u00e4ll\u00e4 on mahdollisuuksia monenlaisen harrastamiseen. Uimala, maisematorni, hiihtoladut, ja moottorikelkkareitist\u00f6 ovat osa sit\u00e4 mit\u00e4 t\u00e4\u00e4lt\u00e4 l\u00f6ytyy. Kauniit maisemat innostavat k\u00e4velyyn ja patikointiin ymp\u00e4ri kyl\u00e4\u00e4. Talvi aikaan l\u00f6ytyy avantouinti mahdollisuus.<\/p>\n","protected":false},"excerpt":{"rendered":"<p>Saarenkyl\u00e4ll\u00e4 on mahdollisuuksia monenlaisen harrastamiseen. Uimala, maisematorni, hiihtoladut, ja moottorikelkkareitist\u00f6 ovat osa sit\u00e4 mit\u00e4 t\u00e4\u00e4lt\u00e4 l\u00f6ytyy. Kauniit maisemat innostavat k\u00e4velyyn ja patikointiin ymp\u00e4ri kyl\u00e4\u00e4. Talvi aikaan l\u00f6ytyy avantouinti mahdollisuus.<\/p>\n","protected":false},"author":46,"featured_media":0,"parent":0,"menu_order":0,"comment_status":"open","ping_status":"open","template":"","meta":{"footnotes":""},"class_list":["post-42","page","type-page","status-publish","hentry"],"_links":{"self":[{"href":"https:\/\/kylat.ekarjala.fi\/saarenkyla\/wp-json\/wp\/v2\/pages\/42","targetHints":{"allow":["GET"]}}],"collection":[{"href":"https:\/\/kylat.ekarjala.fi\/saarenkyla\/wp-json\/wp\/v2\/pages"}],"about":[{"href":"https:\/\/kylat.ekarjala.fi\/saarenkyla\/wp-json\/wp\/v2\/types\/page"}],"author":[{"embeddable":true,"href":"https:\/\/kylat.ekarjala.fi\/saarenkyla\/wp-json\/wp\/v2\/users\/46"}],"replies":[{"embeddable":true,"href":"https:\/\/kylat.ekarjala.fi\/saarenkyla\/wp-json\/wp\/v2\/comments?post=42"}],"version-history":[{"count":3,"href":"https:\/\/kylat.ekarjala.fi\/saarenkyla\/wp-json\/wp\/v2\/pages\/42\/revisions"}],"predecessor-version":[{"id":44,"href":"https:\/\/kylat.ekarjala.fi\/saarenkyla\/wp-json\/wp\/v2\/pages\/42\/revisions\/44"}],"wp:attachment":[{"href":"https:\/\/kylat.ekarjala.fi\/saarenkyla\/wp-json\/wp\/v2\/media?parent=42"}],"curies":[{"name":"wp","href":"https:\/\/api.w.org\/{rel}","templated":true}]}}