{"id":55,"date":"2011-10-19T12:48:20","date_gmt":"2011-10-19T11:18:20","guid":{"rendered":"https:\/\/kylat.ekarjala.fi\/saarenkyla\/?page_id=55"},"modified":"2011-10-19T12:48:27","modified_gmt":"2011-10-19T11:18:27","slug":"venajan-raja","status":"publish","type":"page","link":"https:\/\/kylat.ekarjala.fi\/saarenkyla\/nahtavyydet\/venajan-raja\/","title":{"rendered":"Ven\u00e4j\u00e4n raja"},"content":{"rendered":"<p>Saarenkyl\u00e4 rajoittuu Ven\u00e4j\u00e4n rajaan. Saaren kirkolta on matkaa rajavy\u00f6hykkeelle n. 3 km.<\/p>\n","protected":false},"excerpt":{"rendered":"<p>Saarenkyl\u00e4 rajoittuu Ven\u00e4j\u00e4n rajaan. Saaren kirkolta on matkaa rajavy\u00f6hykkeelle n. 3 km.<\/p>\n","protected":false},"author":46,"featured_media":0,"parent":46,"menu_order":0,"comment_status":"open","ping_status":"open","template":"","meta":{"footnotes":""},"class_list":["post-55","page","type-page","status-publish","hentry"],"_links":{"self":[{"href":"https:\/\/kylat.ekarjala.fi\/saarenkyla\/wp-json\/wp\/v2\/pages\/55","targetHints":{"allow":["GET"]}}],"collection":[{"href":"https:\/\/kylat.ekarjala.fi\/saarenkyla\/wp-json\/wp\/v2\/pages"}],"about":[{"href":"https:\/\/kylat.ekarjala.fi\/saarenkyla\/wp-json\/wp\/v2\/types\/page"}],"author":[{"embeddable":true,"href":"https:\/\/kylat.ekarjala.fi\/saarenkyla\/wp-json\/wp\/v2\/users\/46"}],"replies":[{"embeddable":true,"href":"https:\/\/kylat.ekarjala.fi\/saarenkyla\/wp-json\/wp\/v2\/comments?post=55"}],"version-history":[{"count":2,"href":"https:\/\/kylat.ekarjala.fi\/saarenkyla\/wp-json\/wp\/v2\/pages\/55\/revisions"}],"predecessor-version":[{"id":57,"href":"https:\/\/kylat.ekarjala.fi\/saarenkyla\/wp-json\/wp\/v2\/pages\/55\/revisions\/57"}],"up":[{"embeddable":true,"href":"https:\/\/kylat.ekarjala.fi\/saarenkyla\/wp-json\/wp\/v2\/pages\/46"}],"wp:attachment":[{"href":"https:\/\/kylat.ekarjala.fi\/saarenkyla\/wp-json\/wp\/v2\/media?parent=55"}],"curies":[{"name":"wp","href":"https:\/\/api.w.org\/{rel}","templated":true}]}}