{"id":67,"date":"2011-10-19T12:55:56","date_gmt":"2011-10-19T11:25:56","guid":{"rendered":"https:\/\/kylat.ekarjala.fi\/saarenkyla\/?page_id=67"},"modified":"2011-10-19T12:55:56","modified_gmt":"2011-10-19T11:25:56","slug":"kirkonmaen-majakka-riikka-uimonen","status":"publish","type":"page","link":"https:\/\/kylat.ekarjala.fi\/saarenkyla\/yritykset\/kirkonmaen-majakka-riikka-uimonen\/","title":{"rendered":"Kirkonm\u00e4en Majakka Riikka Uimonen"},"content":{"rendered":"<p>Kirkonm\u00e4en Majakka<br \/>\nRiikka Uimonen 050-5952337<br \/>\nompelu ja neulet\u00f6it\u00e4 tilauksesta, korjausompelu, kysy lis\u00e4\u00e4<\/p>\n","protected":false},"excerpt":{"rendered":"<p>Kirkonm\u00e4en Majakka Riikka Uimonen 050-5952337 ompelu ja neulet\u00f6it\u00e4 tilauksesta, korjausompelu, kysy lis\u00e4\u00e4<\/p>\n","protected":false},"author":46,"featured_media":0,"parent":58,"menu_order":0,"comment_status":"open","ping_status":"open","template":"","meta":{"footnotes":""},"class_list":["post-67","page","type-page","status-publish","hentry"],"_links":{"self":[{"href":"https:\/\/kylat.ekarjala.fi\/saarenkyla\/wp-json\/wp\/v2\/pages\/67","targetHints":{"allow":["GET"]}}],"collection":[{"href":"https:\/\/kylat.ekarjala.fi\/saarenkyla\/wp-json\/wp\/v2\/pages"}],"about":[{"href":"https:\/\/kylat.ekarjala.fi\/saarenkyla\/wp-json\/wp\/v2\/types\/page"}],"author":[{"embeddable":true,"href":"https:\/\/kylat.ekarjala.fi\/saarenkyla\/wp-json\/wp\/v2\/users\/46"}],"replies":[{"embeddable":true,"href":"https:\/\/kylat.ekarjala.fi\/saarenkyla\/wp-json\/wp\/v2\/comments?post=67"}],"version-history":[{"count":1,"href":"https:\/\/kylat.ekarjala.fi\/saarenkyla\/wp-json\/wp\/v2\/pages\/67\/revisions"}],"predecessor-version":[{"id":68,"href":"https:\/\/kylat.ekarjala.fi\/saarenkyla\/wp-json\/wp\/v2\/pages\/67\/revisions\/68"}],"up":[{"embeddable":true,"href":"https:\/\/kylat.ekarjala.fi\/saarenkyla\/wp-json\/wp\/v2\/pages\/58"}],"wp:attachment":[{"href":"https:\/\/kylat.ekarjala.fi\/saarenkyla\/wp-json\/wp\/v2\/media?parent=67"}],"curies":[{"name":"wp","href":"https:\/\/api.w.org\/{rel}","templated":true}]}}