{"id":69,"date":"2011-10-19T12:57:42","date_gmt":"2011-10-19T11:27:42","guid":{"rendered":"https:\/\/kylat.ekarjala.fi\/saarenkyla\/?page_id=69"},"modified":"2011-10-19T12:57:42","modified_gmt":"2011-10-19T11:27:42","slug":"sinin-soppa","status":"publish","type":"page","link":"https:\/\/kylat.ekarjala.fi\/saarenkyla\/yritykset\/sinin-soppa\/","title":{"rendered":"Sinin Soppa"},"content":{"rendered":"<p>Ritva R\u00e4s\u00e4nen puh. 050-5815927<br \/>\nRuokaa soppatykist\u00e4, lis\u00e4ksi tarjoilupalvelut.\u00a0<a href=\"http:\/\/www.sininsoppa.com\/\">http:\/\/www.sininsoppa.com<\/a><\/p>\n","protected":false},"excerpt":{"rendered":"<p>Ritva R\u00e4s\u00e4nen puh. 050-5815927 Ruokaa soppatykist\u00e4, lis\u00e4ksi tarjoilupalvelut.\u00a0http:\/\/www.sininsoppa.com<\/p>\n","protected":false},"author":46,"featured_media":0,"parent":58,"menu_order":0,"comment_status":"open","ping_status":"open","template":"","meta":{"footnotes":""},"class_list":["post-69","page","type-page","status-publish","hentry"],"_links":{"self":[{"href":"https:\/\/kylat.ekarjala.fi\/saarenkyla\/wp-json\/wp\/v2\/pages\/69","targetHints":{"allow":["GET"]}}],"collection":[{"href":"https:\/\/kylat.ekarjala.fi\/saarenkyla\/wp-json\/wp\/v2\/pages"}],"about":[{"href":"https:\/\/kylat.ekarjala.fi\/saarenkyla\/wp-json\/wp\/v2\/types\/page"}],"author":[{"embeddable":true,"href":"https:\/\/kylat.ekarjala.fi\/saarenkyla\/wp-json\/wp\/v2\/users\/46"}],"replies":[{"embeddable":true,"href":"https:\/\/kylat.ekarjala.fi\/saarenkyla\/wp-json\/wp\/v2\/comments?post=69"}],"version-history":[{"count":1,"href":"https:\/\/kylat.ekarjala.fi\/saarenkyla\/wp-json\/wp\/v2\/pages\/69\/revisions"}],"predecessor-version":[{"id":70,"href":"https:\/\/kylat.ekarjala.fi\/saarenkyla\/wp-json\/wp\/v2\/pages\/69\/revisions\/70"}],"up":[{"embeddable":true,"href":"https:\/\/kylat.ekarjala.fi\/saarenkyla\/wp-json\/wp\/v2\/pages\/58"}],"wp:attachment":[{"href":"https:\/\/kylat.ekarjala.fi\/saarenkyla\/wp-json\/wp\/v2\/media?parent=69"}],"curies":[{"name":"wp","href":"https:\/\/api.w.org\/{rel}","templated":true}]}}