{"id":77,"date":"2011-10-19T13:03:24","date_gmt":"2011-10-19T11:33:24","guid":{"rendered":"https:\/\/kylat.ekarjala.fi\/saarenkyla\/?page_id=77"},"modified":"2011-10-19T13:03:24","modified_gmt":"2011-10-19T11:33:24","slug":"saaren-vesialueosakaskunta","status":"publish","type":"page","link":"https:\/\/kylat.ekarjala.fi\/saarenkyla\/harrastukset\/saaren-vesialueosakaskunta\/","title":{"rendered":"Saaren Vesialueosakaskunta"},"content":{"rendered":"<p>Yhteystiedot<br \/>\nKari Hirvonen 050-5330821,<br \/>\nArto Myllys 050-3462470,<br \/>\nRaimo Silvennoinen 0400-559841.<br \/>\nOsuuskunnan j\u00e4senet ja mets\u00e4stysseuran j\u00e4senet, joilla sopimus valvonnasta(Saaren riistamiehet, Rajan mets\u00e4st\u00e4j\u00e4t, Kesusmaan er\u00e4)<\/p>\n<p>Kalastuskunta<br \/>\nKalastusluvat myynniss\u00e4 SEO Saari -huoltoasemalla.<\/p>\n","protected":false},"excerpt":{"rendered":"<p>Yhteystiedot Kari Hirvonen 050-5330821, Arto Myllys 050-3462470, Raimo Silvennoinen 0400-559841. Osuuskunnan j\u00e4senet ja mets\u00e4stysseuran j\u00e4senet, joilla sopimus valvonnasta(Saaren riistamiehet, Rajan mets\u00e4st\u00e4j\u00e4t, Kesusmaan er\u00e4) Kalastuskunta Kalastusluvat myynniss\u00e4 SEO Saari -huoltoasemalla.<\/p>\n","protected":false},"author":46,"featured_media":0,"parent":42,"menu_order":0,"comment_status":"open","ping_status":"open","template":"","meta":{"footnotes":""},"class_list":["post-77","page","type-page","status-publish","hentry"],"_links":{"self":[{"href":"https:\/\/kylat.ekarjala.fi\/saarenkyla\/wp-json\/wp\/v2\/pages\/77","targetHints":{"allow":["GET"]}}],"collection":[{"href":"https:\/\/kylat.ekarjala.fi\/saarenkyla\/wp-json\/wp\/v2\/pages"}],"about":[{"href":"https:\/\/kylat.ekarjala.fi\/saarenkyla\/wp-json\/wp\/v2\/types\/page"}],"author":[{"embeddable":true,"href":"https:\/\/kylat.ekarjala.fi\/saarenkyla\/wp-json\/wp\/v2\/users\/46"}],"replies":[{"embeddable":true,"href":"https:\/\/kylat.ekarjala.fi\/saarenkyla\/wp-json\/wp\/v2\/comments?post=77"}],"version-history":[{"count":2,"href":"https:\/\/kylat.ekarjala.fi\/saarenkyla\/wp-json\/wp\/v2\/pages\/77\/revisions"}],"predecessor-version":[{"id":79,"href":"https:\/\/kylat.ekarjala.fi\/saarenkyla\/wp-json\/wp\/v2\/pages\/77\/revisions\/79"}],"up":[{"embeddable":true,"href":"https:\/\/kylat.ekarjala.fi\/saarenkyla\/wp-json\/wp\/v2\/pages\/42"}],"wp:attachment":[{"href":"https:\/\/kylat.ekarjala.fi\/saarenkyla\/wp-json\/wp\/v2\/media?parent=77"}],"curies":[{"name":"wp","href":"https:\/\/api.w.org\/{rel}","templated":true}]}}