{"id":8,"date":"2011-10-19T10:42:42","date_gmt":"2011-10-19T09:12:42","guid":{"rendered":"https:\/\/kylat.ekarjala.fi\/saarenkyla\/?page_id=8"},"modified":"2011-10-19T10:48:23","modified_gmt":"2011-10-19T09:18:23","slug":"kylaesittely","status":"publish","type":"page","link":"https:\/\/kylat.ekarjala.fi\/saarenkyla\/kylaesittely\/","title":{"rendered":"Kyl\u00e4esittely"},"content":{"rendered":"<p>Parikkalan kunnassa sijaitseva kaunis kumpuileva Saaren kirkonkyl\u00e4, jossa asukkaita noin 110 ja muutamia kes\u00e4asuntoja. Maataloudesta elinkeinonsa saa seitsem\u00e4ll\u00e4 tilalla olijat. Kyl\u00e4ll\u00e4 toimii useita maaseutu- ja maatalousyritt\u00e4ji\u00e4.<\/p>\n<p><strong>Kyl\u00e4st\u00e4 moneksi<\/strong><br \/>\nKyl\u00e4ss\u00e4mme sijaitsee komea kirkko ja kaunis hautausmaa kappeleineen. Hyv\u00e4 viihtyis\u00e4 uimaranta &#8221;beach volley&#8221; kenttineen josta laavulle on matkaa n. 50 m. Yleinen hyv\u00e4 matonpesupaikka ja venevalkama. Kunnan omistama Rantamaja ja rantasauna, joita voi vuokrata. Korkealla Vaaranm\u00e4ell\u00e4 sijaitsevat lintutorni, kota ja laavu.<\/p>\n<p><strong>Matkat l\u00e4himpiin palveluihin<\/strong><br \/>\nL\u00e4himpiin palveluihin kuten kauppaan, apteekkiin, terveysasemalle ym. on matkaa n. 6 km jotka sijaitsevat Saaren keskustassa. Parikkalan kuntakeskukseen on matkaa n. 28 km jossa suuremmat palvelut. L\u00e4himm\u00e4t kaupungit Savonlinna 75 km, Imatra 85 km ja Joensuu 125 km. <a href=\"http:\/\/maps.google.fi\/maps?q=saaren+kirkonkyl%C3%A4+parikkala&amp;hl=fi&amp;ie=UTF8&amp;sll=62.593341,27.575684&amp;sspn=8.924597,27.729492&amp;hnear=Parikkala,+Saaren+kirkonkyl%C3%A4&amp;t=h&amp;z=13&amp;vpsrc=0\">Katso sijaintimme kartalla<\/a><\/p>\n","protected":false},"excerpt":{"rendered":"<p>Parikkalan kunnassa sijaitseva kaunis kumpuileva Saaren kirkonkyl\u00e4, jossa asukkaita noin 110 ja muutamia kes\u00e4asuntoja. Maataloudesta elinkeinonsa saa seitsem\u00e4ll\u00e4 tilalla olijat. Kyl\u00e4ll\u00e4 toimii useita maaseutu- ja maatalousyritt\u00e4ji\u00e4. Kyl\u00e4st\u00e4 moneksi Kyl\u00e4ss\u00e4mme sijaitsee komea kirkko ja kaunis hautausmaa kappeleineen. Hyv\u00e4 viihtyis\u00e4 uimaranta &#8221;beach &hellip; <a href=\"https:\/\/kylat.ekarjala.fi\/saarenkyla\/kylaesittely\/\">Lue loppuun <span class=\"meta-nav\">&rarr;<\/span><\/a><\/p>\n","protected":false},"author":46,"featured_media":0,"parent":0,"menu_order":0,"comment_status":"open","ping_status":"open","template":"","meta":{"footnotes":""},"class_list":["post-8","page","type-page","status-publish","hentry"],"_links":{"self":[{"href":"https:\/\/kylat.ekarjala.fi\/saarenkyla\/wp-json\/wp\/v2\/pages\/8","targetHints":{"allow":["GET"]}}],"collection":[{"href":"https:\/\/kylat.ekarjala.fi\/saarenkyla\/wp-json\/wp\/v2\/pages"}],"about":[{"href":"https:\/\/kylat.ekarjala.fi\/saarenkyla\/wp-json\/wp\/v2\/types\/page"}],"author":[{"embeddable":true,"href":"https:\/\/kylat.ekarjala.fi\/saarenkyla\/wp-json\/wp\/v2\/users\/46"}],"replies":[{"embeddable":true,"href":"https:\/\/kylat.ekarjala.fi\/saarenkyla\/wp-json\/wp\/v2\/comments?post=8"}],"version-history":[{"count":6,"href":"https:\/\/kylat.ekarjala.fi\/saarenkyla\/wp-json\/wp\/v2\/pages\/8\/revisions"}],"predecessor-version":[{"id":11,"href":"https:\/\/kylat.ekarjala.fi\/saarenkyla\/wp-json\/wp\/v2\/pages\/8\/revisions\/11"}],"wp:attachment":[{"href":"https:\/\/kylat.ekarjala.fi\/saarenkyla\/wp-json\/wp\/v2\/media?parent=8"}],"curies":[{"name":"wp","href":"https:\/\/api.w.org\/{rel}","templated":true}]}}