{"id":96,"date":"2011-10-19T13:17:07","date_gmt":"2011-10-19T11:47:07","guid":{"rendered":"https:\/\/kylat.ekarjala.fi\/saarenkyla\/?page_id=96"},"modified":"2011-10-19T13:20:25","modified_gmt":"2011-10-19T11:50:25","slug":"hyvan-olon-paiva-12-03-2011","status":"publish","type":"page","link":"https:\/\/kylat.ekarjala.fi\/saarenkyla\/tapahtumia-vuosien-varrelta\/hyvan-olon-paiva-12-03-2011\/","title":{"rendered":"Hyv\u00e4n olon p\u00e4iv\u00e4 12.03.2011"},"content":{"rendered":"<p>Hyv\u00e4n olon p\u00e4iv\u00e4 on saatu onnistuneesti ohi. Kiitos kaikille k\u00e4vij\u00f6ille, n\u00e4ytteilleasetajille,yhteisty\u00f6kumppaneille ja talkoolaisille. Teitte kanssamme onnistuneen tapahtuman. Saimme kansainv\u00e4lisi\u00e4 meikkitaiteilijoita ja monia muita tekem\u00e4\u00e4n tapahtumasta hyv\u00e4n joka jatkui illalla Hotelli Lohikontissa paikallisen tanssiryhm\u00e4n yll\u00e4tysnumerolla. T\u00e4st\u00e4 meid\u00e4n on taas hyv\u00e4 jatkaa eteenp\u00e4in odottaen mit\u00e4 vuosi mahdollisesti tuo tullessaan.<\/p>\n","protected":false},"excerpt":{"rendered":"<p>Hyv\u00e4n olon p\u00e4iv\u00e4 on saatu onnistuneesti ohi. Kiitos kaikille k\u00e4vij\u00f6ille, n\u00e4ytteilleasetajille,yhteisty\u00f6kumppaneille ja talkoolaisille. Teitte kanssamme onnistuneen tapahtuman. Saimme kansainv\u00e4lisi\u00e4 meikkitaiteilijoita ja monia muita tekem\u00e4\u00e4n tapahtumasta hyv\u00e4n joka jatkui illalla Hotelli Lohikontissa paikallisen tanssiryhm\u00e4n yll\u00e4tysnumerolla. T\u00e4st\u00e4 meid\u00e4n on taas hyv\u00e4 jatkaa &hellip; <a href=\"https:\/\/kylat.ekarjala.fi\/saarenkyla\/tapahtumia-vuosien-varrelta\/hyvan-olon-paiva-12-03-2011\/\">Lue loppuun <span class=\"meta-nav\">&rarr;<\/span><\/a><\/p>\n","protected":false},"author":46,"featured_media":0,"parent":94,"menu_order":0,"comment_status":"open","ping_status":"open","template":"","meta":{"footnotes":""},"class_list":["post-96","page","type-page","status-publish","hentry"],"_links":{"self":[{"href":"https:\/\/kylat.ekarjala.fi\/saarenkyla\/wp-json\/wp\/v2\/pages\/96","targetHints":{"allow":["GET"]}}],"collection":[{"href":"https:\/\/kylat.ekarjala.fi\/saarenkyla\/wp-json\/wp\/v2\/pages"}],"about":[{"href":"https:\/\/kylat.ekarjala.fi\/saarenkyla\/wp-json\/wp\/v2\/types\/page"}],"author":[{"embeddable":true,"href":"https:\/\/kylat.ekarjala.fi\/saarenkyla\/wp-json\/wp\/v2\/users\/46"}],"replies":[{"embeddable":true,"href":"https:\/\/kylat.ekarjala.fi\/saarenkyla\/wp-json\/wp\/v2\/comments?post=96"}],"version-history":[{"count":2,"href":"https:\/\/kylat.ekarjala.fi\/saarenkyla\/wp-json\/wp\/v2\/pages\/96\/revisions"}],"predecessor-version":[{"id":102,"href":"https:\/\/kylat.ekarjala.fi\/saarenkyla\/wp-json\/wp\/v2\/pages\/96\/revisions\/102"}],"up":[{"embeddable":true,"href":"https:\/\/kylat.ekarjala.fi\/saarenkyla\/wp-json\/wp\/v2\/pages\/94"}],"wp:attachment":[{"href":"https:\/\/kylat.ekarjala.fi\/saarenkyla\/wp-json\/wp\/v2\/media?parent=96"}],"curies":[{"name":"wp","href":"https:\/\/api.w.org\/{rel}","templated":true}]}}