{"id":98,"date":"2011-10-19T13:19:46","date_gmt":"2011-10-19T11:49:46","guid":{"rendered":"https:\/\/kylat.ekarjala.fi\/saarenkyla\/?page_id=98"},"modified":"2011-10-19T13:20:52","modified_gmt":"2011-10-19T11:50:52","slug":"hyvan-olon-paiva-6-3-2010","status":"publish","type":"page","link":"https:\/\/kylat.ekarjala.fi\/saarenkyla\/tapahtumia-vuosien-varrelta\/hyvan-olon-paiva-6-3-2010\/","title":{"rendered":"Hyv\u00e4n olon p\u00e4iv\u00e4 6.3.2010"},"content":{"rendered":"<p style=\"text-align: center\"><a href=\"https:\/\/kylat.ekarjala.fi\/saarenkyla\/wp-content\/uploads\/sites\/26\/2011\/10\/Hyv\u00e4\u00e4-oloa.jpeg\"><img loading=\"lazy\" decoding=\"async\" class=\"aligncenter size-full wp-image-100\" src=\"https:\/\/kylat.ekarjala.fi\/saarenkyla\/wp-content\/uploads\/sites\/26\/2011\/10\/Hyv\u00e4\u00e4-oloa.jpeg\" alt=\"V\u00e4ke\u00e4 oli ihan mukavasti\" width=\"254\" height=\"223\" \/><\/a><a href=\"https:\/\/kylat.ekarjala.fi\/saarenkyla\/wp-content\/uploads\/sites\/26\/2011\/10\/Muotin\u00e4yt\u00f6s.jpeg\"><img loading=\"lazy\" decoding=\"async\" class=\"aligncenter size-full wp-image-99\" src=\"https:\/\/kylat.ekarjala.fi\/saarenkyla\/wp-content\/uploads\/sites\/26\/2011\/10\/Muotin\u00e4yt\u00f6s.jpeg\" alt=\"\" width=\"287\" height=\"243\" \/><\/a>Hyv\u00e4n olon p\u00e4iv\u00e4\u00e4 vietettiin Akonpohjan urheilutalolla upean ohjelman; mm. muotin\u00e4yt\u00f6sten ja erilaisten luentojen sek\u00e4 monipuolisten n\u00e4ytteilleasettajien kera. Kiitos kaikille osallistuneille ja talkoov\u00e4elle onnistuneesta tapahtumasta!<\/p>\n","protected":false},"excerpt":{"rendered":"<p>Hyv\u00e4n olon p\u00e4iv\u00e4\u00e4 vietettiin Akonpohjan urheilutalolla upean ohjelman; mm. muotin\u00e4yt\u00f6sten ja erilaisten luentojen sek\u00e4 monipuolisten n\u00e4ytteilleasettajien kera. Kiitos kaikille osallistuneille ja talkoov\u00e4elle onnistuneesta tapahtumasta!<\/p>\n","protected":false},"author":46,"featured_media":0,"parent":94,"menu_order":0,"comment_status":"open","ping_status":"open","template":"","meta":{"footnotes":""},"class_list":["post-98","page","type-page","status-publish","hentry"],"_links":{"self":[{"href":"https:\/\/kylat.ekarjala.fi\/saarenkyla\/wp-json\/wp\/v2\/pages\/98","targetHints":{"allow":["GET"]}}],"collection":[{"href":"https:\/\/kylat.ekarjala.fi\/saarenkyla\/wp-json\/wp\/v2\/pages"}],"about":[{"href":"https:\/\/kylat.ekarjala.fi\/saarenkyla\/wp-json\/wp\/v2\/types\/page"}],"author":[{"embeddable":true,"href":"https:\/\/kylat.ekarjala.fi\/saarenkyla\/wp-json\/wp\/v2\/users\/46"}],"replies":[{"embeddable":true,"href":"https:\/\/kylat.ekarjala.fi\/saarenkyla\/wp-json\/wp\/v2\/comments?post=98"}],"version-history":[{"count":2,"href":"https:\/\/kylat.ekarjala.fi\/saarenkyla\/wp-json\/wp\/v2\/pages\/98\/revisions"}],"predecessor-version":[{"id":103,"href":"https:\/\/kylat.ekarjala.fi\/saarenkyla\/wp-json\/wp\/v2\/pages\/98\/revisions\/103"}],"up":[{"embeddable":true,"href":"https:\/\/kylat.ekarjala.fi\/saarenkyla\/wp-json\/wp\/v2\/pages\/94"}],"wp:attachment":[{"href":"https:\/\/kylat.ekarjala.fi\/saarenkyla\/wp-json\/wp\/v2\/media?parent=98"}],"curies":[{"name":"wp","href":"https:\/\/api.w.org\/{rel}","templated":true}]}}