{"id":59,"date":"2011-10-12T21:07:06","date_gmt":"2011-10-12T18:37:06","guid":{"rendered":"https:\/\/kylat.ekarjala.fi\/savis\/?page_id=59"},"modified":"2011-10-12T21:12:24","modified_gmt":"2011-10-12T18:42:24","slug":"kylakavelyt-2","status":"publish","type":"page","link":"https:\/\/kylat.ekarjala.fi\/savis\/tapahtumat\/kylakavelyt-2\/","title":{"rendered":"Kyl\u00e4k\u00e4velyt"},"content":{"rendered":"<p>Saviksen suuren suosion saavuttaneet kyl\u00e4k\u00e4velyt jatkuvat kes\u00e4ll\u00e4 2012.<\/p>\n","protected":false},"excerpt":{"rendered":"<p>Saviksen suuren suosion saavuttaneet kyl\u00e4k\u00e4velyt jatkuvat kes\u00e4ll\u00e4 2012.<\/p>\n","protected":false},"author":47,"featured_media":0,"parent":42,"menu_order":0,"comment_status":"open","ping_status":"open","template":"","meta":{"footnotes":""},"class_list":["post-59","page","type-page","status-publish","hentry"],"_links":{"self":[{"href":"https:\/\/kylat.ekarjala.fi\/savis\/wp-json\/wp\/v2\/pages\/59","targetHints":{"allow":["GET"]}}],"collection":[{"href":"https:\/\/kylat.ekarjala.fi\/savis\/wp-json\/wp\/v2\/pages"}],"about":[{"href":"https:\/\/kylat.ekarjala.fi\/savis\/wp-json\/wp\/v2\/types\/page"}],"author":[{"embeddable":true,"href":"https:\/\/kylat.ekarjala.fi\/savis\/wp-json\/wp\/v2\/users\/47"}],"replies":[{"embeddable":true,"href":"https:\/\/kylat.ekarjala.fi\/savis\/wp-json\/wp\/v2\/comments?post=59"}],"version-history":[{"count":3,"href":"https:\/\/kylat.ekarjala.fi\/savis\/wp-json\/wp\/v2\/pages\/59\/revisions"}],"predecessor-version":[{"id":67,"href":"https:\/\/kylat.ekarjala.fi\/savis\/wp-json\/wp\/v2\/pages\/59\/revisions\/67"}],"up":[{"embeddable":true,"href":"https:\/\/kylat.ekarjala.fi\/savis\/wp-json\/wp\/v2\/pages\/42"}],"wp:attachment":[{"href":"https:\/\/kylat.ekarjala.fi\/savis\/wp-json\/wp\/v2\/media?parent=59"}],"curies":[{"name":"wp","href":"https:\/\/api.w.org\/{rel}","templated":true}]}}